{"id":11,"date":"2026-04-17T09:06:05","date_gmt":"2026-04-17T09:06:05","guid":{"rendered":"https:\/\/aevum.id.vn\/?page_id=11"},"modified":"2026-04-17T09:22:51","modified_gmt":"2026-04-17T09:22:51","slug":"refund_returns","status":"publish","type":"page","link":"https:\/\/aevum.id.vn\/?page_id=11","title":{"rendered":"Ch\u00ednh S\u00e1ch ho\u00e0n Ti\u1ec1n V\u00e0 Tr\u1ea3"},"content":{"rendered":"\n<h2 class=\"wp-block-heading\">1. \u0110i\u1ec1u ki\u1ec7n \u00e1p d\u1ee5ng<br>Aevum h\u1ed7 tr\u1ee3 \u0111\u1ed5i tr\u1ea3 v\u00e0 ho\u00e0n ti\u1ec1n trong c\u00e1c tr\u01b0\u1eddng h\u1ee3p sau:<\/h2>\n\n\n\n<ul class=\"wp-block-list\">\n<li>S\u1ea3n ph\u1ea9m b\u1ecb l\u1ed7i k\u1ef9 thu\u1eadt t\u1eeb nh\u00e0 s\u1ea3n xu\u1ea5t<\/li>\n\n\n\n<li>S\u1ea3n ph\u1ea9m b\u1ecb h\u01b0 h\u1ecfng trong qu\u00e1 tr\u00ecnh v\u1eadn chuy\u1ec3n<\/li>\n\n\n\n<li>Giao sai s\u1ea3n ph\u1ea9m, sai m\u1eabu m\u00e3 ho\u1eb7c sai k\u00edch th\u01b0\u1edbc so v\u1edbi \u0111\u01a1n h\u00e0ng<\/li>\n\n\n\n<li>S\u1ea3n ph\u1ea9m ch\u01b0a qua s\u1eed d\u1ee5ng v\u00e0 c\u00f2n nguy\u00ean tem, h\u1ed9p, ph\u1ee5 ki\u1ec7n \u0111i k\u00e8m<\/li>\n<\/ul>\n\n\n\n<p><strong>2. Th\u1eddi gian \u0111\u1ed5i tr\u1ea3<\/strong><\/p>\n\n\n\n<ul class=\"wp-block-list\">\n<li>Kh\u00e1ch h\u00e0ng c\u00f3 th\u1ec3 y\u00eau c\u1ea7u \u0111\u1ed5i\/tr\u1ea3 trong v\u00f2ng <strong>7 ng\u00e0y<\/strong>&nbsp;k\u1ec3 t\u1eeb ng\u00e0y nh\u1eadn h\u00e0ng<\/li>\n\n\n\n<li>Sau th\u1eddi gian n\u00e0y, Aevum c\u00f3 quy\u1ec1n t\u1eeb ch\u1ed1i x\u1eed l\u00fd y\u00eau c\u1ea7u<\/li>\n<\/ul>\n\n\n\n<p><strong>3. \u0110i\u1ec1u ki\u1ec7n s\u1ea3n ph\u1ea9m khi tr\u1ea3 h\u00e0ng<\/strong><br>S\u1ea3n ph\u1ea9m c\u1ea7n \u0111\u1ea3m b\u1ea3o:<\/p>\n\n\n\n<ul class=\"wp-block-list\">\n<li>Ch\u01b0a qua s\u1eed d\u1ee5ng, kh\u00f4ng tr\u1ea7y x\u01b0\u1edbc, h\u01b0 h\u1ecfng do ng\u01b0\u1eddi d\u00f9ng<\/li>\n\n\n\n<li>C\u00f2n \u0111\u1ea7y \u0111\u1ee7 h\u1ed9p, tem, h\u00f3a \u0111\u01a1n v\u00e0 ph\u1ee5 ki\u1ec7n<\/li>\n\n\n\n<li>Kh\u00f4ng thu\u1ed9c danh m\u1ee5c s\u1ea3n ph\u1ea9m gi\u1ea3m gi\u00e1 s\u00e2u ho\u1eb7c thanh l\u00fd (tr\u1eeb tr\u01b0\u1eddng h\u1ee3p l\u1ed7i)<\/li>\n<\/ul>\n\n\n\n<p><strong>4. Quy tr\u00ecnh \u0111\u1ed5i tr\u1ea3<\/strong><\/p>\n\n\n\n<ul class=\"wp-block-list\">\n<li>B\u01b0\u1edbc 1: Li\u00ean h\u1ec7 Aevum qua hotline ho\u1eb7c email \u0111\u1ec3 y\u00eau c\u1ea7u \u0111\u1ed5i\/tr\u1ea3<\/li>\n\n\n\n<li>B\u01b0\u1edbc 2: Cung c\u1ea5p th\u00f4ng tin \u0111\u01a1n h\u00e0ng v\u00e0 h\u00ecnh \u1ea3nh s\u1ea3n ph\u1ea9m<\/li>\n\n\n\n<li>B\u01b0\u1edbc 3: G\u1eedi s\u1ea3n ph\u1ea9m v\u1ec1 \u0111\u1ecba ch\u1ec9 do Aevum cung c\u1ea5p<\/li>\n\n\n\n<li>B\u01b0\u1edbc 4: Aevum ki\u1ec3m tra v\u00e0 x\u1eed l\u00fd trong v\u00f2ng 3\u20135 ng\u00e0y l\u00e0m vi\u1ec7c<\/li>\n<\/ul>\n\n\n\n<p><strong>5. Ch\u00ednh s\u00e1ch ho\u00e0n ti\u1ec1n<\/strong><\/p>\n\n\n\n<ul class=\"wp-block-list\">\n<li>Ho\u00e0n ti\u1ec1n 100% n\u1ebfu l\u1ed7i thu\u1ed9c v\u1ec1 Aevum ho\u1eb7c nh\u00e0 s\u1ea3n xu\u1ea5t<\/li>\n\n\n\n<li>Ho\u00e0n ti\u1ec1n sau khi \u0111\u00e3 nh\u1eadn v\u00e0 ki\u1ec3m tra s\u1ea3n ph\u1ea9m tr\u1ea3 v\u1ec1<\/li>\n\n\n\n<li>Th\u1eddi gian ho\u00e0n ti\u1ec1n: <strong>5\u20137 ng\u00e0y l\u00e0m vi\u1ec7c<\/strong>&nbsp;(t\u00f9y ph\u01b0\u01a1ng th\u1ee9c thanh to\u00e1n)<\/li>\n\n\n\n<li>Ti\u1ec1n s\u1ebd \u0111\u01b0\u1ee3c ho\u00e0n qua ph\u01b0\u01a1ng th\u1ee9c thanh to\u00e1n ban \u0111\u1ea7u<\/li>\n<\/ul>\n\n\n\n<p><strong>6. Chi ph\u00ed \u0111\u1ed5i tr\u1ea3<\/strong><\/p>\n\n\n\n<ul class=\"wp-block-list\">\n<li>Aevum ch\u1ecbu ph\u00ed v\u1eadn chuy\u1ec3n n\u1ebfu l\u1ed7i t\u1eeb ph\u00eda c\u1eeda h\u00e0ng<\/li>\n\n\n\n<li>Kh\u00e1ch h\u00e0ng ch\u1ecbu ph\u00ed v\u1eadn chuy\u1ec3n n\u1ebfu \u0111\u1ed5i tr\u1ea3 do nhu c\u1ea7u c\u00e1 nh\u00e2n<\/li>\n<\/ul>\n\n\n\n<p><strong>7. Tr\u01b0\u1eddng h\u1ee3p kh\u00f4ng \u00e1p d\u1ee5ng<\/strong><br>Aevum c\u00f3 quy\u1ec1n t\u1eeb ch\u1ed1i \u0111\u1ed5i tr\u1ea3 n\u1ebfu:<\/p>\n\n\n\n<ul class=\"wp-block-list\">\n<li>S\u1ea3n ph\u1ea9m \u0111\u00e3 qua s\u1eed d\u1ee5ng ho\u1eb7c b\u1ecb h\u01b0 h\u1ecfng do ng\u01b0\u1eddi d\u00f9ng<\/li>\n\n\n\n<li>Thi\u1ebfu ph\u1ee5 ki\u1ec7n, h\u1ed9p, h\u00f3a \u0111\u01a1n<\/li>\n\n\n\n<li>Y\u00eau c\u1ea7u \u0111\u1ed5i tr\u1ea3 sau th\u1eddi gian quy \u0111\u1ecbnh<\/li>\n<\/ul>\n\n\n\n<p><strong>8. Li\u00ean h\u1ec7 h\u1ed7 tr\u1ee3<\/strong><br>N\u1ebfu c\u1ea7n h\u1ed7 tr\u1ee3 \u0111\u1ed5i tr\u1ea3 ho\u1eb7c ho\u00e0n ti\u1ec1n, vui l\u00f2ng li\u00ean h\u1ec7:<\/p>\n\n\n\n<p>Hotline: 0919594573<\/p>\n\n\n\n<p>Email: aevum@123456789<\/p>\n","protected":false},"excerpt":{"rendered":"<p>1. \u0110i\u1ec1u ki\u1ec7n \u00e1p d\u1ee5ngAevum h\u1ed7 tr\u1ee3 \u0111\u1ed5i tr\u1ea3 v\u00e0 ho\u00e0n ti\u1ec1n trong c\u00e1c tr\u01b0\u1eddng h\u1ee3p sau: 2. Th\u1eddi gian \u0111\u1ed5i tr\u1ea3 3. \u0110i\u1ec1u ki\u1ec7n s\u1ea3n ph\u1ea9m khi tr\u1ea3 h\u00e0ngS\u1ea3n ph\u1ea9m c\u1ea7n \u0111\u1ea3m b\u1ea3o: 4. Quy tr\u00ecnh \u0111\u1ed5i tr\u1ea3 5. Ch\u00ednh s\u00e1ch ho\u00e0n ti\u1ec1n 6. Chi ph\u00ed \u0111\u1ed5i tr\u1ea3 7. Tr\u01b0\u1eddng h\u1ee3p kh\u00f4ng \u00e1p d\u1ee5ngAevum [&hellip;]<\/p>\n","protected":false},"author":1,"featured_media":0,"parent":0,"menu_order":0,"comment_status":"closed","ping_status":"closed","template":"","meta":{"footnotes":""},"class_list":["post-11","page","type-page","status-publish","hentry"],"yoast_head":"<!-- This site is optimized with the Yoast SEO plugin v27.4 - https:\/\/yoast.com\/product\/yoast-seo-wordpress\/ -->\n<title>Ch\u00ednh S\u00e1ch ho\u00e0n Ti\u1ec1n V\u00e0 Tr\u1ea3 - AEVUM<\/title>\n<meta name=\"robots\" content=\"index, follow, max-snippet:-1, max-image-preview:large, max-video-preview:-1\" \/>\n<link rel=\"canonical\" href=\"https:\/\/aevum.id.vn\/?page_id=11\" \/>\n<meta property=\"og:locale\" content=\"vi_VN\" \/>\n<meta property=\"og:type\" content=\"article\" \/>\n<meta property=\"og:title\" content=\"Ch\u00ednh S\u00e1ch ho\u00e0n Ti\u1ec1n V\u00e0 Tr\u1ea3 - AEVUM\" \/>\n<meta property=\"og:description\" content=\"1. \u0110i\u1ec1u ki\u1ec7n \u00e1p d\u1ee5ngAevum h\u1ed7 tr\u1ee3 \u0111\u1ed5i tr\u1ea3 v\u00e0 ho\u00e0n ti\u1ec1n trong c\u00e1c tr\u01b0\u1eddng h\u1ee3p sau: 2. Th\u1eddi gian \u0111\u1ed5i tr\u1ea3 3. \u0110i\u1ec1u ki\u1ec7n s\u1ea3n ph\u1ea9m khi tr\u1ea3 h\u00e0ngS\u1ea3n ph\u1ea9m c\u1ea7n \u0111\u1ea3m b\u1ea3o: 4. Quy tr\u00ecnh \u0111\u1ed5i tr\u1ea3 5. Ch\u00ednh s\u00e1ch ho\u00e0n ti\u1ec1n 6. Chi ph\u00ed \u0111\u1ed5i tr\u1ea3 7. Tr\u01b0\u1eddng h\u1ee3p kh\u00f4ng \u00e1p d\u1ee5ngAevum [&hellip;]\" \/>\n<meta property=\"og:url\" content=\"https:\/\/aevum.id.vn\/?page_id=11\" \/>\n<meta property=\"og:site_name\" content=\"AEVUM\" \/>\n<meta property=\"article:modified_time\" content=\"2026-04-17T09:22:51+00:00\" \/>\n<meta name=\"twitter:card\" content=\"summary_large_image\" \/>\n<meta name=\"twitter:label1\" content=\"\u01af\u1edbc t\u00ednh th\u1eddi gian \u0111\u1ecdc\" \/>\n\t<meta name=\"twitter:data1\" content=\"3 ph\u00fat\" \/>\n<script type=\"application\/ld+json\" class=\"yoast-schema-graph\">{\"@context\":\"https:\\\/\\\/schema.org\",\"@graph\":[{\"@type\":\"WebPage\",\"@id\":\"https:\\\/\\\/aevum.id.vn\\\/?page_id=11\",\"url\":\"https:\\\/\\\/aevum.id.vn\\\/?page_id=11\",\"name\":\"Ch\u00ednh S\u00e1ch ho\u00e0n Ti\u1ec1n V\u00e0 Tr\u1ea3 - AEVUM\",\"isPartOf\":{\"@id\":\"https:\\\/\\\/aevum.id.vn\\\/#website\"},\"datePublished\":\"2026-04-17T09:06:05+00:00\",\"dateModified\":\"2026-04-17T09:22:51+00:00\",\"breadcrumb\":{\"@id\":\"https:\\\/\\\/aevum.id.vn\\\/?page_id=11#breadcrumb\"},\"inLanguage\":\"vi\",\"potentialAction\":[{\"@type\":\"ReadAction\",\"target\":[\"https:\\\/\\\/aevum.id.vn\\\/?page_id=11\"]}]},{\"@type\":\"BreadcrumbList\",\"@id\":\"https:\\\/\\\/aevum.id.vn\\\/?page_id=11#breadcrumb\",\"itemListElement\":[{\"@type\":\"ListItem\",\"position\":1,\"name\":\"Trang ch\u1ee7\",\"item\":\"https:\\\/\\\/aevum.id.vn\\\/\"},{\"@type\":\"ListItem\",\"position\":2,\"name\":\"Ch\u00ednh S\u00e1ch ho\u00e0n Ti\u1ec1n V\u00e0 Tr\u1ea3\"}]},{\"@type\":\"WebSite\",\"@id\":\"https:\\\/\\\/aevum.id.vn\\\/#website\",\"url\":\"https:\\\/\\\/aevum.id.vn\\\/\",\"name\":\"AEVUM\",\"description\":\"\",\"publisher\":{\"@id\":\"https:\\\/\\\/aevum.id.vn\\\/#organization\"},\"potentialAction\":[{\"@type\":\"SearchAction\",\"target\":{\"@type\":\"EntryPoint\",\"urlTemplate\":\"https:\\\/\\\/aevum.id.vn\\\/?s={search_term_string}\"},\"query-input\":{\"@type\":\"PropertyValueSpecification\",\"valueRequired\":true,\"valueName\":\"search_term_string\"}}],\"inLanguage\":\"vi\"},{\"@type\":\"Organization\",\"@id\":\"https:\\\/\\\/aevum.id.vn\\\/#organization\",\"name\":\"AEVUM\",\"url\":\"https:\\\/\\\/aevum.id.vn\\\/\",\"logo\":{\"@type\":\"ImageObject\",\"inLanguage\":\"vi\",\"@id\":\"https:\\\/\\\/aevum.id.vn\\\/#\\\/schema\\\/logo\\\/image\\\/\",\"url\":\"https:\\\/\\\/aevum.id.vn\\\/wp-content\\\/uploads\\\/2026\\\/04\\\/cropped-ChatGPT-Image-16_16_28-17-thg-4-2026-1.png\",\"contentUrl\":\"https:\\\/\\\/aevum.id.vn\\\/wp-content\\\/uploads\\\/2026\\\/04\\\/cropped-ChatGPT-Image-16_16_28-17-thg-4-2026-1.png\",\"width\":400,\"height\":150,\"caption\":\"AEVUM\"},\"image\":{\"@id\":\"https:\\\/\\\/aevum.id.vn\\\/#\\\/schema\\\/logo\\\/image\\\/\"}}]}<\/script>\n<!-- \/ Yoast SEO plugin. -->","yoast_head_json":{"title":"Ch\u00ednh S\u00e1ch ho\u00e0n Ti\u1ec1n V\u00e0 Tr\u1ea3 - AEVUM","robots":{"index":"index","follow":"follow","max-snippet":"max-snippet:-1","max-image-preview":"max-image-preview:large","max-video-preview":"max-video-preview:-1"},"canonical":"https:\/\/aevum.id.vn\/?page_id=11","og_locale":"vi_VN","og_type":"article","og_title":"Ch\u00ednh S\u00e1ch ho\u00e0n Ti\u1ec1n V\u00e0 Tr\u1ea3 - AEVUM","og_description":"1. \u0110i\u1ec1u ki\u1ec7n \u00e1p d\u1ee5ngAevum h\u1ed7 tr\u1ee3 \u0111\u1ed5i tr\u1ea3 v\u00e0 ho\u00e0n ti\u1ec1n trong c\u00e1c tr\u01b0\u1eddng h\u1ee3p sau: 2. Th\u1eddi gian \u0111\u1ed5i tr\u1ea3 3. \u0110i\u1ec1u ki\u1ec7n s\u1ea3n ph\u1ea9m khi tr\u1ea3 h\u00e0ngS\u1ea3n ph\u1ea9m c\u1ea7n \u0111\u1ea3m b\u1ea3o: 4. Quy tr\u00ecnh \u0111\u1ed5i tr\u1ea3 5. Ch\u00ednh s\u00e1ch ho\u00e0n ti\u1ec1n 6. Chi ph\u00ed \u0111\u1ed5i tr\u1ea3 7. Tr\u01b0\u1eddng h\u1ee3p kh\u00f4ng \u00e1p d\u1ee5ngAevum [&hellip;]","og_url":"https:\/\/aevum.id.vn\/?page_id=11","og_site_name":"AEVUM","article_modified_time":"2026-04-17T09:22:51+00:00","twitter_card":"summary_large_image","twitter_misc":{"\u01af\u1edbc t\u00ednh th\u1eddi gian \u0111\u1ecdc":"3 ph\u00fat"},"schema":{"@context":"https:\/\/schema.org","@graph":[{"@type":"WebPage","@id":"https:\/\/aevum.id.vn\/?page_id=11","url":"https:\/\/aevum.id.vn\/?page_id=11","name":"Ch\u00ednh S\u00e1ch ho\u00e0n Ti\u1ec1n V\u00e0 Tr\u1ea3 - AEVUM","isPartOf":{"@id":"https:\/\/aevum.id.vn\/#website"},"datePublished":"2026-04-17T09:06:05+00:00","dateModified":"2026-04-17T09:22:51+00:00","breadcrumb":{"@id":"https:\/\/aevum.id.vn\/?page_id=11#breadcrumb"},"inLanguage":"vi","potentialAction":[{"@type":"ReadAction","target":["https:\/\/aevum.id.vn\/?page_id=11"]}]},{"@type":"BreadcrumbList","@id":"https:\/\/aevum.id.vn\/?page_id=11#breadcrumb","itemListElement":[{"@type":"ListItem","position":1,"name":"Trang ch\u1ee7","item":"https:\/\/aevum.id.vn\/"},{"@type":"ListItem","position":2,"name":"Ch\u00ednh S\u00e1ch ho\u00e0n Ti\u1ec1n V\u00e0 Tr\u1ea3"}]},{"@type":"WebSite","@id":"https:\/\/aevum.id.vn\/#website","url":"https:\/\/aevum.id.vn\/","name":"AEVUM","description":"","publisher":{"@id":"https:\/\/aevum.id.vn\/#organization"},"potentialAction":[{"@type":"SearchAction","target":{"@type":"EntryPoint","urlTemplate":"https:\/\/aevum.id.vn\/?s={search_term_string}"},"query-input":{"@type":"PropertyValueSpecification","valueRequired":true,"valueName":"search_term_string"}}],"inLanguage":"vi"},{"@type":"Organization","@id":"https:\/\/aevum.id.vn\/#organization","name":"AEVUM","url":"https:\/\/aevum.id.vn\/","logo":{"@type":"ImageObject","inLanguage":"vi","@id":"https:\/\/aevum.id.vn\/#\/schema\/logo\/image\/","url":"https:\/\/aevum.id.vn\/wp-content\/uploads\/2026\/04\/cropped-ChatGPT-Image-16_16_28-17-thg-4-2026-1.png","contentUrl":"https:\/\/aevum.id.vn\/wp-content\/uploads\/2026\/04\/cropped-ChatGPT-Image-16_16_28-17-thg-4-2026-1.png","width":400,"height":150,"caption":"AEVUM"},"image":{"@id":"https:\/\/aevum.id.vn\/#\/schema\/logo\/image\/"}}]}},"_links":{"self":[{"href":"https:\/\/aevum.id.vn\/index.php?rest_route=\/wp\/v2\/pages\/11","targetHints":{"allow":["GET"]}}],"collection":[{"href":"https:\/\/aevum.id.vn\/index.php?rest_route=\/wp\/v2\/pages"}],"about":[{"href":"https:\/\/aevum.id.vn\/index.php?rest_route=\/wp\/v2\/types\/page"}],"author":[{"embeddable":true,"href":"https:\/\/aevum.id.vn\/index.php?rest_route=\/wp\/v2\/users\/1"}],"replies":[{"embeddable":true,"href":"https:\/\/aevum.id.vn\/index.php?rest_route=%2Fwp%2Fv2%2Fcomments&post=11"}],"version-history":[{"count":2,"href":"https:\/\/aevum.id.vn\/index.php?rest_route=\/wp\/v2\/pages\/11\/revisions"}],"predecessor-version":[{"id":121,"href":"https:\/\/aevum.id.vn\/index.php?rest_route=\/wp\/v2\/pages\/11\/revisions\/121"}],"wp:attachment":[{"href":"https:\/\/aevum.id.vn\/index.php?rest_route=%2Fwp%2Fv2%2Fmedia&parent=11"}],"curies":[{"name":"wp","href":"https:\/\/api.w.org\/{rel}","templated":true}]}}