{"id":179,"date":"2026-04-18T03:36:46","date_gmt":"2026-04-18T03:36:46","guid":{"rendered":"https:\/\/aevum.id.vn\/?post_type=product&#038;p=179"},"modified":"2026-04-18T03:52:01","modified_gmt":"2026-04-18T03:52:01","slug":"dong-ho-swarovski-5717588","status":"publish","type":"product","link":"https:\/\/aevum.id.vn\/?product=dong-ho-swarovski-5717588","title":{"rendered":"\u0110\u1ed3ng h\u1ed3 Swarovski 5717588"},"content":{"rendered":"<h1 data-section-id=\"1qecom7\" data-start=\"190\" data-end=\"261\">\u0110\u1ed3ng h\u1ed3 Swarovski 5717588<\/h1>\n<p><strong data-start=\"92\" data-end=\"113\">Swarovski 5717588<\/strong> l\u00e0 m\u1eabu \u0111\u1ed3ng h\u1ed3 n\u1eef cao c\u1ea5p thu\u1ed9c b\u1ed9 s\u01b0u t\u1eadp Dextera, n\u1ed5i b\u1eadt v\u1edbi thi\u1ebft k\u1ebf d\u1ea1ng v\u00f2ng tay (bangle) \u0111\u1ed9c \u0111\u00e1o k\u1ebft h\u1ee3p c\u00f9ng h\u00e0ng tr\u0103m vi\u00ean \u0111\u00e1 pha l\u00ea Swarovski l\u1ea5p l\u00e1nh. S\u1ea3n ph\u1ea9m mang phong c\u00e1ch th\u1eddi trang sang tr\u1ecdng, ph\u00f9 h\u1ee3p cho nh\u1eefng c\u00f4 n\u00e0ng y\u00eau th\u00edch s\u1ef1 n\u1ed5i b\u1eadt v\u00e0 tinh t\u1ebf.<\/p>\n<p><img loading=\"lazy\" decoding=\"async\" class=\"wp-post-image ux-skip-lazy\" src=\"https:\/\/laimut.com\/wp-content\/swift-ai\/images\/wp-content\/uploads\/Dong-Ho-Swarovski-Dextera-Bangle-Watch-5717588-01-jpg.webp\" alt=\"\u0110\u1ed3ng H\u1ed3 Swarovski 5717588 Ch\u00ednh H\u00e3ng - Dextera Bangle Watch\" width=\"800\" height=\"800\" data-caption=\"\" data-src=\"\/\/laimut.com\/wp-content\/swift-ai\/images\/wp-content\/uploads\/Dong-Ho-Swarovski-Dextera-Bangle-Watch-5717588-01-jpg.webp\" data-large_image=\"\/\/laimut.com\/wp-content\/swift-ai\/images\/wp-content\/uploads\/Dong-Ho-Swarovski-Dextera-Bangle-Watch-5717588-01-jpg.webp\" data-large_image_width=\"800\" data-large_image_height=\"800\" data-s3image=\"d97251e9\/0\" \/><\/p>\n<p>M\u1eb7t \u0111\u1ed3ng h\u1ed3 \u0111\u01b0\u1ee3c thi\u1ebft k\u1ebf h\u00ecnh b\u00e1t gi\u00e1c \u0111\u1eb7c tr\u01b0ng c\u1ee7a Swarovski, ph\u1ee7 t\u00f4ng m\u00e0u h\u1ed3ng \u00e1nh kim (rose gold-tone) k\u1ebft h\u1ee3p m\u1eb7t s\u1ed1 sunray m\u00e0u h\u1ed3ng nh\u1eb9 nh\u00e0ng. Vi\u1ec1n bezel \u0111\u01b0\u1ee3c \u0111\u00ednh kho\u1ea3ng 92 vi\u00ean \u0111\u00e1 pha l\u00ea, c\u00f9ng d\u00e2y \u0111eo \u0111\u01b0\u1ee3c trang tr\u00ed th\u00eam g\u1ea7n 200 vi\u00ean \u0111\u00e1 t\u1ea1o hi\u1ec7u \u1ee9ng \u00e1nh s\u00e1ng c\u1ef1c k\u1ef3 b\u1eaft m\u1eaft.<\/p>\n<h2 data-section-id=\"yxzfo2\" data-start=\"1097\" data-end=\"1120\">\ud83d\udccb Th\u00f4ng s\u1ed1 s\u1ea3n ph\u1ea9m<\/h2>\n<div class=\"TyagGW_tableContainer\">\n<div class=\"group TyagGW_tableWrapper flex flex-col-reverse w-fit\" tabindex=\"-1\">\n<table class=\"w-fit min-w-(--thread-content-width)\" data-start=\"1122\" data-end=\"1730\">\n<thead data-start=\"1122\" data-end=\"1154\">\n<tr data-start=\"1122\" data-end=\"1154\">\n<th class=\"\" data-start=\"1122\" data-end=\"1138\" data-col-size=\"sm\"><strong data-start=\"1124\" data-end=\"1137\">Th\u00f4ng tin<\/strong><\/th>\n<th class=\"\" data-start=\"1138\" data-end=\"1154\" data-col-size=\"md\"><strong data-start=\"1140\" data-end=\"1152\">Chi ti\u1ebft<\/strong><\/th>\n<\/tr>\n<\/thead>\n<tbody data-start=\"1186\" data-end=\"1730\">\n<tr data-start=\"1186\" data-end=\"1217\">\n<td data-start=\"1186\" data-end=\"1204\" data-col-size=\"sm\"><strong data-start=\"1188\" data-end=\"1203\">Th\u01b0\u01a1ng hi\u1ec7u<\/strong><\/td>\n<td data-start=\"1204\" data-end=\"1217\" data-col-size=\"md\">Swarovski<\/td>\n<\/tr>\n<tr data-start=\"1218\" data-end=\"1256\">\n<td data-start=\"1218\" data-end=\"1232\" data-col-size=\"sm\"><strong data-start=\"1220\" data-end=\"1231\">Xu\u1ea5t x\u1ee9<\/strong><\/td>\n<td data-start=\"1232\" data-end=\"1256\" data-col-size=\"md\">Th\u1ee5y S\u0129 (Swiss Made)<\/td>\n<\/tr>\n<tr data-start=\"1257\" data-end=\"1279\">\n<td data-start=\"1257\" data-end=\"1273\" data-col-size=\"sm\"><strong data-start=\"1259\" data-end=\"1272\">\u0110\u1ed1i t\u01b0\u1ee3ng<\/strong><\/td>\n<td data-start=\"1273\" data-end=\"1279\" data-col-size=\"md\">N\u1eef<\/td>\n<\/tr>\n<tr data-start=\"1280\" data-end=\"1312\">\n<td data-start=\"1280\" data-end=\"1297\" data-col-size=\"sm\"><strong data-start=\"1282\" data-end=\"1296\">Ch\u1ed1ng n\u01b0\u1edbc<\/strong><\/td>\n<td data-start=\"1297\" data-end=\"1312\" data-col-size=\"md\">50m (5 ATM)<\/td>\n<\/tr>\n<tr data-start=\"1313\" data-end=\"1347\">\n<td data-start=\"1313\" data-end=\"1331\" data-col-size=\"sm\"><strong data-start=\"1315\" data-end=\"1330\">Lo\u1ea1i m\u1eb7t s\u1ed1<\/strong><\/td>\n<td data-start=\"1331\" data-end=\"1347\" data-col-size=\"md\">Kim (Analog)<\/td>\n<\/tr>\n<tr data-start=\"1348\" data-end=\"1379\">\n<td data-start=\"1348\" data-end=\"1363\" data-col-size=\"sm\"><strong data-start=\"1350\" data-end=\"1362\">Lo\u1ea1i m\u00e1y<\/strong><\/td>\n<td data-start=\"1363\" data-end=\"1379\" data-col-size=\"md\">Quartz (Pin)<\/td>\n<\/tr>\n<tr data-start=\"1380\" data-end=\"1418\">\n<td data-start=\"1380\" data-end=\"1401\" data-col-size=\"sm\"><strong data-start=\"1382\" data-end=\"1400\">Ch\u1ea5t li\u1ec7u k\u00ednh<\/strong><\/td>\n<td data-start=\"1401\" data-end=\"1418\" data-col-size=\"md\">K\u00ednh Sapphire<\/td>\n<\/tr>\n<tr data-start=\"1419\" data-end=\"1474\">\n<td data-start=\"1419\" data-end=\"1439\" data-col-size=\"sm\"><strong data-start=\"1421\" data-end=\"1438\">Ch\u1ea5t li\u1ec7u d\u00e2y<\/strong><\/td>\n<td data-start=\"1439\" data-end=\"1474\" data-col-size=\"md\">Th\u00e9p kh\u00f4ng g\u1ec9 \u0111\u00ednh \u0111\u00e1 Swarovski<\/td>\n<\/tr>\n<tr data-start=\"1475\" data-end=\"1520\">\n<td data-start=\"1475\" data-end=\"1489\" data-col-size=\"sm\"><strong data-start=\"1477\" data-end=\"1488\">M\u00e0u s\u1eafc<\/strong><\/td>\n<td data-start=\"1489\" data-end=\"1520\" data-col-size=\"md\">H\u1ed3ng (Pink), Rose Gold-tone<\/td>\n<\/tr>\n<tr data-start=\"1521\" data-end=\"1550\">\n<td data-start=\"1521\" data-end=\"1536\" data-col-size=\"sm\"><strong data-start=\"1523\" data-end=\"1535\">Size m\u1eb7t<\/strong><\/td>\n<td data-start=\"1536\" data-end=\"1550\" data-col-size=\"md\">31 x 19 mm<\/td>\n<\/tr>\n<tr data-start=\"1551\" data-end=\"1573\">\n<td data-start=\"1551\" data-end=\"1564\" data-col-size=\"sm\"><strong data-start=\"1553\" data-end=\"1563\">\u0110\u1ed9 d\u00e0y<\/strong><\/td>\n<td data-start=\"1564\" data-end=\"1573\" data-col-size=\"md\">~7 mm<\/td>\n<\/tr>\n<tr data-start=\"1574\" data-end=\"1624\">\n<td data-start=\"1574\" data-end=\"1589\" data-col-size=\"sm\"><strong data-start=\"1576\" data-end=\"1588\">Thi\u1ebft k\u1ebf<\/strong><\/td>\n<td data-col-size=\"md\" data-start=\"1589\" data-end=\"1624\">M\u1eb7t b\u00e1t gi\u00e1c, v\u00f2ng tay (bangle)<\/td>\n<\/tr>\n<tr data-start=\"1625\" data-end=\"1660\">\n<td data-start=\"1625\" data-end=\"1641\" data-col-size=\"sm\"><strong data-start=\"1627\" data-end=\"1640\">T\u00ednh n\u0103ng<\/strong><\/td>\n<td data-start=\"1641\" data-end=\"1660\" data-col-size=\"md\">Gi\u1edd, ph\u00fat, gi\u00e2y<\/td>\n<\/tr>\n<tr data-start=\"1661\" data-end=\"1730\">\n<td data-start=\"1661\" data-end=\"1684\" data-col-size=\"sm\"><strong data-start=\"1663\" data-end=\"1683\">\u0110\u1eb7c \u0111i\u1ec3m n\u1ed5i b\u1eadt<\/strong><\/td>\n<td data-col-size=\"md\" data-start=\"1684\" data-end=\"1730\">~92 vi\u00ean \u0111\u00e1 \u1edf vi\u1ec1n + ~197 vi\u00ean \u0111\u00e1 tr\u00ean d\u00e2y<\/td>\n<\/tr>\n<\/tbody>\n<\/table>\n<\/div>\n<\/div>\n","protected":false},"excerpt":{"rendered":"<p>\ud83d\udc49 \u0110\u1ed3ng h\u1ed3 Swarovski 5717588 mang thi\u1ebft k\u1ebf sang tr\u1ecdng v\u1edbi pha l\u00ea l\u1ea5p l\u00e1nh, v\u1eeba l\u00e0 ph\u1ee5 ki\u1ec7n th\u1eddi trang v\u1eeba l\u00e0 \u0111i\u1ec3m nh\u1ea5n \u0111\u1eb3ng c\u1ea5p cho ph\u00e1i \u0111\u1eb9p.<\/p>\n","protected":false},"featured_media":183,"comment_status":"open","ping_status":"closed","template":"","meta":[],"product_brand":[30],"product_cat":[23,15],"product_tag":[],"class_list":{"0":"post-179","1":"product","2":"type-product","3":"status-publish","4":"has-post-thumbnail","6":"product_brand-swarovski","7":"product_cat-dong-ho-nu","8":"product_cat-uncategorized","10":"first","11":"instock","12":"sale","13":"shipping-taxable","14":"purchasable","15":"product-type-simple"},"yoast_head":"<!-- This site is optimized with the Yoast SEO plugin v27.4 - https:\/\/yoast.com\/product\/yoast-seo-wordpress\/ -->\n<title>\u0110\u1ed3ng h\u1ed3 Swarovski 5717588 -<\/title>\n<meta name=\"robots\" content=\"index, follow, max-snippet:-1, max-image-preview:large, max-video-preview:-1\" \/>\n<link rel=\"canonical\" href=\"https:\/\/aevum.id.vn\/?product=dong-ho-swarovski-5717588\" \/>\n<meta property=\"og:locale\" content=\"vi_VN\" \/>\n<meta property=\"og:type\" content=\"article\" \/>\n<meta property=\"og:title\" content=\"\u0110\u1ed3ng h\u1ed3 Swarovski 5717588 -\" \/>\n<meta property=\"og:description\" content=\"\ud83d\udc49 \u0110\u1ed3ng h\u1ed3 Swarovski 5717588 mang thi\u1ebft k\u1ebf sang tr\u1ecdng v\u1edbi pha l\u00ea l\u1ea5p l\u00e1nh, v\u1eeba l\u00e0 ph\u1ee5 ki\u1ec7n th\u1eddi trang v\u1eeba l\u00e0 \u0111i\u1ec3m nh\u1ea5n \u0111\u1eb3ng c\u1ea5p cho ph\u00e1i \u0111\u1eb9p.\" \/>\n<meta property=\"og:url\" content=\"https:\/\/aevum.id.vn\/?product=dong-ho-swarovski-5717588\" \/>\n<meta property=\"article:modified_time\" content=\"2026-04-18T03:52:01+00:00\" \/>\n<meta property=\"og:image\" content=\"https:\/\/aevum.id.vn\/wp-content\/uploads\/2026\/04\/Dong-Ho-Swarovski-Dextera-Bangle-Watch-5717588-04-jpg.webp\" \/>\n\t<meta property=\"og:image:width\" content=\"800\" \/>\n\t<meta property=\"og:image:height\" content=\"800\" \/>\n\t<meta property=\"og:image:type\" content=\"image\/webp\" \/>\n<meta name=\"twitter:card\" content=\"summary_large_image\" \/>\n<meta name=\"twitter:label1\" content=\"\u01af\u1edbc t\u00ednh th\u1eddi gian \u0111\u1ecdc\" \/>\n\t<meta name=\"twitter:data1\" content=\"2 ph\u00fat\" \/>\n<script type=\"application\/ld+json\" class=\"yoast-schema-graph\">{\"@context\":\"https:\\\/\\\/schema.org\",\"@graph\":[{\"@type\":\"WebPage\",\"@id\":\"https:\\\/\\\/aevum.id.vn\\\/?product=dong-ho-swarovski-5717588\",\"url\":\"https:\\\/\\\/aevum.id.vn\\\/?product=dong-ho-swarovski-5717588\",\"name\":\"\u0110\u1ed3ng h\u1ed3 Swarovski 5717588 -\",\"isPartOf\":{\"@id\":\"https:\\\/\\\/aevum.id.vn\\\/#website\"},\"primaryImageOfPage\":{\"@id\":\"https:\\\/\\\/aevum.id.vn\\\/?product=dong-ho-swarovski-5717588#primaryimage\"},\"image\":{\"@id\":\"https:\\\/\\\/aevum.id.vn\\\/?product=dong-ho-swarovski-5717588#primaryimage\"},\"thumbnailUrl\":\"https:\\\/\\\/aevum.id.vn\\\/wp-content\\\/uploads\\\/2026\\\/04\\\/Dong-Ho-Swarovski-Dextera-Bangle-Watch-5717588-04-jpg.webp\",\"datePublished\":\"2026-04-18T03:36:46+00:00\",\"dateModified\":\"2026-04-18T03:52:01+00:00\",\"breadcrumb\":{\"@id\":\"https:\\\/\\\/aevum.id.vn\\\/?product=dong-ho-swarovski-5717588#breadcrumb\"},\"inLanguage\":\"vi\",\"potentialAction\":[{\"@type\":\"ReadAction\",\"target\":[\"https:\\\/\\\/aevum.id.vn\\\/?product=dong-ho-swarovski-5717588\"]}]},{\"@type\":\"ImageObject\",\"inLanguage\":\"vi\",\"@id\":\"https:\\\/\\\/aevum.id.vn\\\/?product=dong-ho-swarovski-5717588#primaryimage\",\"url\":\"https:\\\/\\\/aevum.id.vn\\\/wp-content\\\/uploads\\\/2026\\\/04\\\/Dong-Ho-Swarovski-Dextera-Bangle-Watch-5717588-04-jpg.webp\",\"contentUrl\":\"https:\\\/\\\/aevum.id.vn\\\/wp-content\\\/uploads\\\/2026\\\/04\\\/Dong-Ho-Swarovski-Dextera-Bangle-Watch-5717588-04-jpg.webp\",\"width\":800,\"height\":800},{\"@type\":\"BreadcrumbList\",\"@id\":\"https:\\\/\\\/aevum.id.vn\\\/?product=dong-ho-swarovski-5717588#breadcrumb\",\"itemListElement\":[{\"@type\":\"ListItem\",\"position\":1,\"name\":\"Trang ch\u1ee7\",\"item\":\"https:\\\/\\\/aevum.id.vn\\\/\"},{\"@type\":\"ListItem\",\"position\":2,\"name\":\"C\u1eeda H\u00e0ng\",\"item\":\"https:\\\/\\\/aevum.id.vn\\\/?page_id=7\"},{\"@type\":\"ListItem\",\"position\":3,\"name\":\"\u0110\u1ed3ng h\u1ed3 Swarovski 5717588\"}]},{\"@type\":\"WebSite\",\"@id\":\"https:\\\/\\\/aevum.id.vn\\\/#website\",\"url\":\"https:\\\/\\\/aevum.id.vn\\\/\",\"name\":\"\",\"description\":\"\",\"potentialAction\":[{\"@type\":\"SearchAction\",\"target\":{\"@type\":\"EntryPoint\",\"urlTemplate\":\"https:\\\/\\\/aevum.id.vn\\\/?s={search_term_string}\"},\"query-input\":{\"@type\":\"PropertyValueSpecification\",\"valueRequired\":true,\"valueName\":\"search_term_string\"}}],\"inLanguage\":\"vi\"}]}<\/script>\n<!-- \/ Yoast SEO plugin. -->","yoast_head_json":{"title":"\u0110\u1ed3ng h\u1ed3 Swarovski 5717588 -","robots":{"index":"index","follow":"follow","max-snippet":"max-snippet:-1","max-image-preview":"max-image-preview:large","max-video-preview":"max-video-preview:-1"},"canonical":"https:\/\/aevum.id.vn\/?product=dong-ho-swarovski-5717588","og_locale":"vi_VN","og_type":"article","og_title":"\u0110\u1ed3ng h\u1ed3 Swarovski 5717588 -","og_description":"\ud83d\udc49 \u0110\u1ed3ng h\u1ed3 Swarovski 5717588 mang thi\u1ebft k\u1ebf sang tr\u1ecdng v\u1edbi pha l\u00ea l\u1ea5p l\u00e1nh, v\u1eeba l\u00e0 ph\u1ee5 ki\u1ec7n th\u1eddi trang v\u1eeba l\u00e0 \u0111i\u1ec3m nh\u1ea5n \u0111\u1eb3ng c\u1ea5p cho ph\u00e1i \u0111\u1eb9p.","og_url":"https:\/\/aevum.id.vn\/?product=dong-ho-swarovski-5717588","article_modified_time":"2026-04-18T03:52:01+00:00","og_image":[{"width":800,"height":800,"url":"https:\/\/aevum.id.vn\/wp-content\/uploads\/2026\/04\/Dong-Ho-Swarovski-Dextera-Bangle-Watch-5717588-04-jpg.webp","type":"image\/webp"}],"twitter_card":"summary_large_image","twitter_misc":{"\u01af\u1edbc t\u00ednh th\u1eddi gian \u0111\u1ecdc":"2 ph\u00fat"},"schema":{"@context":"https:\/\/schema.org","@graph":[{"@type":"WebPage","@id":"https:\/\/aevum.id.vn\/?product=dong-ho-swarovski-5717588","url":"https:\/\/aevum.id.vn\/?product=dong-ho-swarovski-5717588","name":"\u0110\u1ed3ng h\u1ed3 Swarovski 5717588 -","isPartOf":{"@id":"https:\/\/aevum.id.vn\/#website"},"primaryImageOfPage":{"@id":"https:\/\/aevum.id.vn\/?product=dong-ho-swarovski-5717588#primaryimage"},"image":{"@id":"https:\/\/aevum.id.vn\/?product=dong-ho-swarovski-5717588#primaryimage"},"thumbnailUrl":"https:\/\/aevum.id.vn\/wp-content\/uploads\/2026\/04\/Dong-Ho-Swarovski-Dextera-Bangle-Watch-5717588-04-jpg.webp","datePublished":"2026-04-18T03:36:46+00:00","dateModified":"2026-04-18T03:52:01+00:00","breadcrumb":{"@id":"https:\/\/aevum.id.vn\/?product=dong-ho-swarovski-5717588#breadcrumb"},"inLanguage":"vi","potentialAction":[{"@type":"ReadAction","target":["https:\/\/aevum.id.vn\/?product=dong-ho-swarovski-5717588"]}]},{"@type":"ImageObject","inLanguage":"vi","@id":"https:\/\/aevum.id.vn\/?product=dong-ho-swarovski-5717588#primaryimage","url":"https:\/\/aevum.id.vn\/wp-content\/uploads\/2026\/04\/Dong-Ho-Swarovski-Dextera-Bangle-Watch-5717588-04-jpg.webp","contentUrl":"https:\/\/aevum.id.vn\/wp-content\/uploads\/2026\/04\/Dong-Ho-Swarovski-Dextera-Bangle-Watch-5717588-04-jpg.webp","width":800,"height":800},{"@type":"BreadcrumbList","@id":"https:\/\/aevum.id.vn\/?product=dong-ho-swarovski-5717588#breadcrumb","itemListElement":[{"@type":"ListItem","position":1,"name":"Trang ch\u1ee7","item":"https:\/\/aevum.id.vn\/"},{"@type":"ListItem","position":2,"name":"C\u1eeda H\u00e0ng","item":"https:\/\/aevum.id.vn\/?page_id=7"},{"@type":"ListItem","position":3,"name":"\u0110\u1ed3ng h\u1ed3 Swarovski 5717588"}]},{"@type":"WebSite","@id":"https:\/\/aevum.id.vn\/#website","url":"https:\/\/aevum.id.vn\/","name":"","description":"","potentialAction":[{"@type":"SearchAction","target":{"@type":"EntryPoint","urlTemplate":"https:\/\/aevum.id.vn\/?s={search_term_string}"},"query-input":{"@type":"PropertyValueSpecification","valueRequired":true,"valueName":"search_term_string"}}],"inLanguage":"vi"}]}},"_links":{"self":[{"href":"https:\/\/aevum.id.vn\/index.php?rest_route=\/wp\/v2\/product\/179","targetHints":{"allow":["GET"]}}],"collection":[{"href":"https:\/\/aevum.id.vn\/index.php?rest_route=\/wp\/v2\/product"}],"about":[{"href":"https:\/\/aevum.id.vn\/index.php?rest_route=\/wp\/v2\/types\/product"}],"replies":[{"embeddable":true,"href":"https:\/\/aevum.id.vn\/index.php?rest_route=%2Fwp%2Fv2%2Fcomments&post=179"}],"wp:featuredmedia":[{"embeddable":true,"href":"https:\/\/aevum.id.vn\/index.php?rest_route=\/wp\/v2\/media\/183"}],"wp:attachment":[{"href":"https:\/\/aevum.id.vn\/index.php?rest_route=%2Fwp%2Fv2%2Fmedia&parent=179"}],"wp:term":[{"taxonomy":"product_brand","embeddable":true,"href":"https:\/\/aevum.id.vn\/index.php?rest_route=%2Fwp%2Fv2%2Fproduct_brand&post=179"},{"taxonomy":"product_cat","embeddable":true,"href":"https:\/\/aevum.id.vn\/index.php?rest_route=%2Fwp%2Fv2%2Fproduct_cat&post=179"},{"taxonomy":"product_tag","embeddable":true,"href":"https:\/\/aevum.id.vn\/index.php?rest_route=%2Fwp%2Fv2%2Fproduct_tag&post=179"}],"curies":[{"name":"wp","href":"https:\/\/api.w.org\/{rel}","templated":true}]}}