{"id":21,"date":"2026-04-17T06:22:28","date_gmt":"2026-04-17T06:22:28","guid":{"rendered":"https:\/\/aevum.id.vn\/?post_type=product&#038;p=21"},"modified":"2026-04-17T06:40:33","modified_gmt":"2026-04-17T06:40:33","slug":"dong-ho-citizen-nam-nj0151-88m","status":"publish","type":"product","link":"https:\/\/aevum.id.vn\/?product=dong-ho-citizen-nam-nj0151-88m","title":{"rendered":"\u0110\u1ed3ng H\u1ed3 Citizen Nam NJ0151-88M"},"content":{"rendered":"<div class=\"pdtlchar__header\">\n<div id=\"characteristic-label\" class=\"pdtlchar__title\"><span class=\"txt\">Th\u00f4ng s\u1ed1 s\u1ea3n ph\u1ea9m:<\/span><\/div>\n<\/div>\n<div class=\"pdtlchar__body\">\n<div class=\"pdtlchar__table-container\">\n<table class=\"pdtlchar__table\" border=\"0\" width=\"100%\" cellpadding=\"7\">\n<tbody class=\"pdtlchar__tbody\">\n<tr class=\"pdtlchar__row\">\n<td class=\"pdtlchar__cell\">\n<aside><strong class=\"pdtlchar__label\">Th\u01b0\u01a1ng hi\u1ec7u:<\/strong><\/aside>\n<p>\u00a0<a title=\"Citizen\" href=\"https:\/\/www.watchstore.vn\/dong-ho-citizen\/\">Citizen<\/a><\/td>\n<td class=\"pdtlchar__cell\">\n<aside><strong class=\"pdtlchar__label\">Xu\u1ea5t x\u1ee9:<\/strong><\/aside>\n<p>\u00a0<a title=\"Nh\u1eadt\" href=\"https:\/\/www.watchstore.vn\/dong-ho-nhat\/\">Nh\u1eadt<\/a><\/td>\n<\/tr>\n<tr class=\"pdtlchar__row\">\n<td class=\"pdtlchar__cell\">\n<aside><strong class=\"pdtlchar__label\">\u0110\u1ed1i t\u01b0\u1ee3ng:<\/strong><\/aside>\n<p>\u00a0<a title=\"Nam\" href=\"https:\/\/www.watchstore.vn\/dong-ho-nam\/\">Nam<\/a><\/td>\n<td class=\"pdtlchar__cell\">\n<aside><strong class=\"pdtlchar__label\">Ch\u1ed1ng n\u01b0\u1edbc:<\/strong><\/aside>\n<p>\u00a0<span class=\"pdtlchar__value\">5atm<\/span><\/td>\n<\/tr>\n<tr class=\"pdtlchar__row\">\n<td class=\"pdtlchar__cell\">\n<aside><strong class=\"pdtlchar__label\">Lo\u1ea1i m\u1eb7t s\u1ed1:<\/strong><\/aside>\n<p>\u00a0<span class=\"pdtlchar__value\">Kim (Analog)<\/span><\/td>\n<td class=\"pdtlchar__cell\">\n<aside><strong class=\"pdtlchar__label\">Lo\u1ea1i m\u00e1y:<\/strong><\/aside>\n<p>\u00a0<a title=\"C\u01a1\" href=\"https:\/\/www.watchstore.vn\/dong-ho-co-automatic\/\">C\u01a1<\/a><\/td>\n<\/tr>\n<tr class=\"pdtlchar__row\">\n<td class=\"pdtlchar__cell\">\n<aside><strong class=\"pdtlchar__label\">Ch\u1ea5t li\u1ec7u k\u00ednh:<\/strong><\/aside>\n<p>\u00a0<span class=\"pdtlchar__value\">K\u00ednh Sapphire<\/span><\/td>\n<td class=\"pdtlchar__cell\">\n<aside><strong class=\"pdtlchar__label\">Ch\u1ea5t li\u1ec7u d\u00e2y:<\/strong><\/aside>\n<p>\u00a0<span class=\"pdtlchar__value\">D\u00e2y Th\u00e9p Kh\u00f4ng G\u1ec9<\/span><\/td>\n<\/tr>\n<tr class=\"pdtlchar__row\">\n<td class=\"pdtlchar__cell\">\n<aside><strong class=\"pdtlchar__label\">Size m\u1eb7t:<\/strong><\/aside>\n<p>\u00a0<span class=\"pdtlchar__value\">40mm<\/span><\/td>\n<td class=\"pdtlchar__cell\">\n<aside><strong class=\"pdtlchar__label\">Kho\u1ea3ng tr\u1eef c\u00f3t:<\/strong><\/aside>\n<p>\u00a0<span class=\"pdtlchar__value\">42 ti\u1ebfng<\/span><\/td>\n<\/tr>\n<tr class=\"pdtlchar__row\">\n<td class=\"pdtlchar__cell\">\n<aside><strong class=\"pdtlchar__label\">Ti\u1ec7n \u00edch:<\/strong><\/aside>\n<p>\u00a0<span class=\"pdtlchar__value\">D\u1ea1 quang, L\u1ecbch ng\u00e0y, Gi\u1edd, ph\u00fat, gi\u00e2y<\/span><\/td>\n<td class=\"pdtlchar__cell\"><\/td>\n<\/tr>\n<\/tbody>\n<\/table>\n<\/div>\n<\/div>\n","protected":false},"excerpt":{"rendered":"<p>Th\u00f4ng s\u1ed1 s\u1ea3n ph\u1ea9m: Th\u01b0\u01a1ng hi\u1ec7u: \u00a0Citizen Xu\u1ea5t x\u1ee9: \u00a0Nh\u1eadt \u0110\u1ed1i t\u01b0\u1ee3ng: \u00a0Nam Ch\u1ed1ng n\u01b0\u1edbc: \u00a05atm Lo\u1ea1i m\u1eb7t s\u1ed1: \u00a0Kim (Analog) Lo\u1ea1i m\u00e1y: \u00a0C\u01a1 Ch\u1ea5t li\u1ec7u k\u00ednh: \u00a0K\u00ednh Sapphire Ch\u1ea5t li\u1ec7u d\u00e2y: \u00a0D\u00e2y Th\u00e9p Kh\u00f4ng G\u1ec9 Size m\u1eb7t: \u00a040mm Kho\u1ea3ng tr\u1eef c\u00f3t: \u00a042 ti\u1ebfng Ti\u1ec7n \u00edch: \u00a0D\u1ea1 quang, L\u1ecbch ng\u00e0y, Gi\u1edd, ph\u00fat, gi\u00e2y<\/p>\n","protected":false},"featured_media":19,"comment_status":"open","ping_status":"closed","template":"","meta":[],"product_brand":[],"product_cat":[15],"product_tag":[],"class_list":{"0":"post-21","1":"product","2":"type-product","3":"status-publish","4":"has-post-thumbnail","6":"product_cat-uncategorized","8":"first","9":"instock","10":"sale","11":"shipping-taxable","12":"purchasable","13":"product-type-simple"},"yoast_head":"<!-- This site is optimized with the Yoast SEO plugin v27.4 - https:\/\/yoast.com\/product\/yoast-seo-wordpress\/ -->\n<title>\u0110\u1ed3ng H\u1ed3 Citizen Nam NJ0151-88M - AEVUM<\/title>\n<meta name=\"robots\" content=\"index, follow, max-snippet:-1, max-image-preview:large, max-video-preview:-1\" \/>\n<link rel=\"canonical\" href=\"https:\/\/aevum.id.vn\/?product=dong-ho-citizen-nam-nj0151-88m\" \/>\n<meta property=\"og:locale\" content=\"vi_VN\" \/>\n<meta property=\"og:type\" content=\"article\" \/>\n<meta property=\"og:title\" content=\"\u0110\u1ed3ng H\u1ed3 Citizen Nam NJ0151-88M - AEVUM\" \/>\n<meta property=\"og:description\" content=\"Th\u00f4ng s\u1ed1 s\u1ea3n ph\u1ea9m: Th\u01b0\u01a1ng hi\u1ec7u: \u00a0Citizen Xu\u1ea5t x\u1ee9: \u00a0Nh\u1eadt \u0110\u1ed1i t\u01b0\u1ee3ng: \u00a0Nam Ch\u1ed1ng n\u01b0\u1edbc: \u00a05atm Lo\u1ea1i m\u1eb7t s\u1ed1: \u00a0Kim (Analog) Lo\u1ea1i m\u00e1y: \u00a0C\u01a1 Ch\u1ea5t li\u1ec7u k\u00ednh: \u00a0K\u00ednh Sapphire Ch\u1ea5t li\u1ec7u d\u00e2y: \u00a0D\u00e2y Th\u00e9p Kh\u00f4ng G\u1ec9 Size m\u1eb7t: \u00a040mm Kho\u1ea3ng tr\u1eef c\u00f3t: \u00a042 ti\u1ebfng Ti\u1ec7n \u00edch: \u00a0D\u1ea1 quang, L\u1ecbch ng\u00e0y, Gi\u1edd, ph\u00fat, gi\u00e2y\" \/>\n<meta property=\"og:url\" content=\"https:\/\/aevum.id.vn\/?product=dong-ho-citizen-nam-nj0151-88m\" \/>\n<meta property=\"og:site_name\" content=\"AEVUM\" \/>\n<meta property=\"article:modified_time\" content=\"2026-04-17T06:40:33+00:00\" \/>\n<meta property=\"og:image\" content=\"https:\/\/aevum.id.vn\/wp-content\/uploads\/2026\/04\/z7734427293964_7128152f5569a69ffb0bfeb9a6bef146.jpg\" \/>\n\t<meta property=\"og:image:width\" content=\"768\" \/>\n\t<meta property=\"og:image:height\" content=\"768\" \/>\n\t<meta property=\"og:image:type\" content=\"image\/jpeg\" \/>\n<meta name=\"twitter:card\" content=\"summary_large_image\" \/>\n<script type=\"application\/ld+json\" class=\"yoast-schema-graph\">{\"@context\":\"https:\\\/\\\/schema.org\",\"@graph\":[{\"@type\":\"WebPage\",\"@id\":\"https:\\\/\\\/aevum.id.vn\\\/?product=dong-ho-citizen-nam-nj0151-88m\",\"url\":\"https:\\\/\\\/aevum.id.vn\\\/?product=dong-ho-citizen-nam-nj0151-88m\",\"name\":\"\u0110\u1ed3ng H\u1ed3 Citizen Nam NJ0151-88M - AEVUM\",\"isPartOf\":{\"@id\":\"https:\\\/\\\/aevum.id.vn\\\/#website\"},\"primaryImageOfPage\":{\"@id\":\"https:\\\/\\\/aevum.id.vn\\\/?product=dong-ho-citizen-nam-nj0151-88m#primaryimage\"},\"image\":{\"@id\":\"https:\\\/\\\/aevum.id.vn\\\/?product=dong-ho-citizen-nam-nj0151-88m#primaryimage\"},\"thumbnailUrl\":\"https:\\\/\\\/aevum.id.vn\\\/wp-content\\\/uploads\\\/2026\\\/04\\\/z7734427293964_7128152f5569a69ffb0bfeb9a6bef146.jpg\",\"datePublished\":\"2026-04-17T06:22:28+00:00\",\"dateModified\":\"2026-04-17T06:40:33+00:00\",\"breadcrumb\":{\"@id\":\"https:\\\/\\\/aevum.id.vn\\\/?product=dong-ho-citizen-nam-nj0151-88m#breadcrumb\"},\"inLanguage\":\"vi\",\"potentialAction\":[{\"@type\":\"ReadAction\",\"target\":[\"https:\\\/\\\/aevum.id.vn\\\/?product=dong-ho-citizen-nam-nj0151-88m\"]}]},{\"@type\":\"ImageObject\",\"inLanguage\":\"vi\",\"@id\":\"https:\\\/\\\/aevum.id.vn\\\/?product=dong-ho-citizen-nam-nj0151-88m#primaryimage\",\"url\":\"https:\\\/\\\/aevum.id.vn\\\/wp-content\\\/uploads\\\/2026\\\/04\\\/z7734427293964_7128152f5569a69ffb0bfeb9a6bef146.jpg\",\"contentUrl\":\"https:\\\/\\\/aevum.id.vn\\\/wp-content\\\/uploads\\\/2026\\\/04\\\/z7734427293964_7128152f5569a69ffb0bfeb9a6bef146.jpg\",\"width\":768,\"height\":768},{\"@type\":\"BreadcrumbList\",\"@id\":\"https:\\\/\\\/aevum.id.vn\\\/?product=dong-ho-citizen-nam-nj0151-88m#breadcrumb\",\"itemListElement\":[{\"@type\":\"ListItem\",\"position\":1,\"name\":\"Trang ch\u1ee7\",\"item\":\"https:\\\/\\\/aevum.id.vn\\\/\"},{\"@type\":\"ListItem\",\"position\":2,\"name\":\"C\u1eeda H\u00e0ng\",\"item\":\"https:\\\/\\\/aevum.id.vn\\\/?page_id=7\"},{\"@type\":\"ListItem\",\"position\":3,\"name\":\"\u0110\u1ed3ng H\u1ed3 Citizen Nam NJ0151-88M\"}]},{\"@type\":\"WebSite\",\"@id\":\"https:\\\/\\\/aevum.id.vn\\\/#website\",\"url\":\"https:\\\/\\\/aevum.id.vn\\\/\",\"name\":\"AEVUM\",\"description\":\"\",\"publisher\":{\"@id\":\"https:\\\/\\\/aevum.id.vn\\\/#organization\"},\"potentialAction\":[{\"@type\":\"SearchAction\",\"target\":{\"@type\":\"EntryPoint\",\"urlTemplate\":\"https:\\\/\\\/aevum.id.vn\\\/?s={search_term_string}\"},\"query-input\":{\"@type\":\"PropertyValueSpecification\",\"valueRequired\":true,\"valueName\":\"search_term_string\"}}],\"inLanguage\":\"vi\"},{\"@type\":\"Organization\",\"@id\":\"https:\\\/\\\/aevum.id.vn\\\/#organization\",\"name\":\"AEVUM\",\"url\":\"https:\\\/\\\/aevum.id.vn\\\/\",\"logo\":{\"@type\":\"ImageObject\",\"inLanguage\":\"vi\",\"@id\":\"https:\\\/\\\/aevum.id.vn\\\/#\\\/schema\\\/logo\\\/image\\\/\",\"url\":\"https:\\\/\\\/aevum.id.vn\\\/wp-content\\\/uploads\\\/2026\\\/04\\\/cropped-ChatGPT-Image-16_16_28-17-thg-4-2026-1.png\",\"contentUrl\":\"https:\\\/\\\/aevum.id.vn\\\/wp-content\\\/uploads\\\/2026\\\/04\\\/cropped-ChatGPT-Image-16_16_28-17-thg-4-2026-1.png\",\"width\":400,\"height\":150,\"caption\":\"AEVUM\"},\"image\":{\"@id\":\"https:\\\/\\\/aevum.id.vn\\\/#\\\/schema\\\/logo\\\/image\\\/\"}}]}<\/script>\n<!-- \/ Yoast SEO plugin. -->","yoast_head_json":{"title":"\u0110\u1ed3ng H\u1ed3 Citizen Nam NJ0151-88M - AEVUM","robots":{"index":"index","follow":"follow","max-snippet":"max-snippet:-1","max-image-preview":"max-image-preview:large","max-video-preview":"max-video-preview:-1"},"canonical":"https:\/\/aevum.id.vn\/?product=dong-ho-citizen-nam-nj0151-88m","og_locale":"vi_VN","og_type":"article","og_title":"\u0110\u1ed3ng H\u1ed3 Citizen Nam NJ0151-88M - AEVUM","og_description":"Th\u00f4ng s\u1ed1 s\u1ea3n ph\u1ea9m: Th\u01b0\u01a1ng hi\u1ec7u: \u00a0Citizen Xu\u1ea5t x\u1ee9: \u00a0Nh\u1eadt \u0110\u1ed1i t\u01b0\u1ee3ng: \u00a0Nam Ch\u1ed1ng n\u01b0\u1edbc: \u00a05atm Lo\u1ea1i m\u1eb7t s\u1ed1: \u00a0Kim (Analog) Lo\u1ea1i m\u00e1y: \u00a0C\u01a1 Ch\u1ea5t li\u1ec7u k\u00ednh: \u00a0K\u00ednh Sapphire Ch\u1ea5t li\u1ec7u d\u00e2y: \u00a0D\u00e2y Th\u00e9p Kh\u00f4ng G\u1ec9 Size m\u1eb7t: \u00a040mm Kho\u1ea3ng tr\u1eef c\u00f3t: \u00a042 ti\u1ebfng Ti\u1ec7n \u00edch: \u00a0D\u1ea1 quang, L\u1ecbch ng\u00e0y, Gi\u1edd, ph\u00fat, gi\u00e2y","og_url":"https:\/\/aevum.id.vn\/?product=dong-ho-citizen-nam-nj0151-88m","og_site_name":"AEVUM","article_modified_time":"2026-04-17T06:40:33+00:00","og_image":[{"width":768,"height":768,"url":"https:\/\/aevum.id.vn\/wp-content\/uploads\/2026\/04\/z7734427293964_7128152f5569a69ffb0bfeb9a6bef146.jpg","type":"image\/jpeg"}],"twitter_card":"summary_large_image","schema":{"@context":"https:\/\/schema.org","@graph":[{"@type":"WebPage","@id":"https:\/\/aevum.id.vn\/?product=dong-ho-citizen-nam-nj0151-88m","url":"https:\/\/aevum.id.vn\/?product=dong-ho-citizen-nam-nj0151-88m","name":"\u0110\u1ed3ng H\u1ed3 Citizen Nam NJ0151-88M - AEVUM","isPartOf":{"@id":"https:\/\/aevum.id.vn\/#website"},"primaryImageOfPage":{"@id":"https:\/\/aevum.id.vn\/?product=dong-ho-citizen-nam-nj0151-88m#primaryimage"},"image":{"@id":"https:\/\/aevum.id.vn\/?product=dong-ho-citizen-nam-nj0151-88m#primaryimage"},"thumbnailUrl":"https:\/\/aevum.id.vn\/wp-content\/uploads\/2026\/04\/z7734427293964_7128152f5569a69ffb0bfeb9a6bef146.jpg","datePublished":"2026-04-17T06:22:28+00:00","dateModified":"2026-04-17T06:40:33+00:00","breadcrumb":{"@id":"https:\/\/aevum.id.vn\/?product=dong-ho-citizen-nam-nj0151-88m#breadcrumb"},"inLanguage":"vi","potentialAction":[{"@type":"ReadAction","target":["https:\/\/aevum.id.vn\/?product=dong-ho-citizen-nam-nj0151-88m"]}]},{"@type":"ImageObject","inLanguage":"vi","@id":"https:\/\/aevum.id.vn\/?product=dong-ho-citizen-nam-nj0151-88m#primaryimage","url":"https:\/\/aevum.id.vn\/wp-content\/uploads\/2026\/04\/z7734427293964_7128152f5569a69ffb0bfeb9a6bef146.jpg","contentUrl":"https:\/\/aevum.id.vn\/wp-content\/uploads\/2026\/04\/z7734427293964_7128152f5569a69ffb0bfeb9a6bef146.jpg","width":768,"height":768},{"@type":"BreadcrumbList","@id":"https:\/\/aevum.id.vn\/?product=dong-ho-citizen-nam-nj0151-88m#breadcrumb","itemListElement":[{"@type":"ListItem","position":1,"name":"Trang ch\u1ee7","item":"https:\/\/aevum.id.vn\/"},{"@type":"ListItem","position":2,"name":"C\u1eeda H\u00e0ng","item":"https:\/\/aevum.id.vn\/?page_id=7"},{"@type":"ListItem","position":3,"name":"\u0110\u1ed3ng H\u1ed3 Citizen Nam NJ0151-88M"}]},{"@type":"WebSite","@id":"https:\/\/aevum.id.vn\/#website","url":"https:\/\/aevum.id.vn\/","name":"AEVUM","description":"","publisher":{"@id":"https:\/\/aevum.id.vn\/#organization"},"potentialAction":[{"@type":"SearchAction","target":{"@type":"EntryPoint","urlTemplate":"https:\/\/aevum.id.vn\/?s={search_term_string}"},"query-input":{"@type":"PropertyValueSpecification","valueRequired":true,"valueName":"search_term_string"}}],"inLanguage":"vi"},{"@type":"Organization","@id":"https:\/\/aevum.id.vn\/#organization","name":"AEVUM","url":"https:\/\/aevum.id.vn\/","logo":{"@type":"ImageObject","inLanguage":"vi","@id":"https:\/\/aevum.id.vn\/#\/schema\/logo\/image\/","url":"https:\/\/aevum.id.vn\/wp-content\/uploads\/2026\/04\/cropped-ChatGPT-Image-16_16_28-17-thg-4-2026-1.png","contentUrl":"https:\/\/aevum.id.vn\/wp-content\/uploads\/2026\/04\/cropped-ChatGPT-Image-16_16_28-17-thg-4-2026-1.png","width":400,"height":150,"caption":"AEVUM"},"image":{"@id":"https:\/\/aevum.id.vn\/#\/schema\/logo\/image\/"}}]}},"_links":{"self":[{"href":"https:\/\/aevum.id.vn\/index.php?rest_route=\/wp\/v2\/product\/21","targetHints":{"allow":["GET"]}}],"collection":[{"href":"https:\/\/aevum.id.vn\/index.php?rest_route=\/wp\/v2\/product"}],"about":[{"href":"https:\/\/aevum.id.vn\/index.php?rest_route=\/wp\/v2\/types\/product"}],"replies":[{"embeddable":true,"href":"https:\/\/aevum.id.vn\/index.php?rest_route=%2Fwp%2Fv2%2Fcomments&post=21"}],"wp:featuredmedia":[{"embeddable":true,"href":"https:\/\/aevum.id.vn\/index.php?rest_route=\/wp\/v2\/media\/19"}],"wp:attachment":[{"href":"https:\/\/aevum.id.vn\/index.php?rest_route=%2Fwp%2Fv2%2Fmedia&parent=21"}],"wp:term":[{"taxonomy":"product_brand","embeddable":true,"href":"https:\/\/aevum.id.vn\/index.php?rest_route=%2Fwp%2Fv2%2Fproduct_brand&post=21"},{"taxonomy":"product_cat","embeddable":true,"href":"https:\/\/aevum.id.vn\/index.php?rest_route=%2Fwp%2Fv2%2Fproduct_cat&post=21"},{"taxonomy":"product_tag","embeddable":true,"href":"https:\/\/aevum.id.vn\/index.php?rest_route=%2Fwp%2Fv2%2Fproduct_tag&post=21"}],"curies":[{"name":"wp","href":"https:\/\/api.w.org\/{rel}","templated":true}]}}