{"id":212,"date":"2026-04-18T04:16:02","date_gmt":"2026-04-18T04:16:02","guid":{"rendered":"https:\/\/aevum.id.vn\/?post_type=product&#038;p=212"},"modified":"2026-04-18T04:16:40","modified_gmt":"2026-04-18T04:16:40","slug":"dong-ho-swarovski-crystalline-aura","status":"publish","type":"product","link":"https:\/\/aevum.id.vn\/?product=dong-ho-swarovski-crystalline-aura","title":{"rendered":"\u0110\u1ed3ng H\u1ed3 Swarovski Crystalline Aura"},"content":{"rendered":"<p>\u0110\u1ed3ng H\u1ed3 Swarovski Crystalline Aura<\/p>\n<p><strong data-start=\"139\" data-end=\"169\">Swarovski Crystalline Aura<\/strong> l\u00e0 m\u1eabu \u0111\u1ed3ng h\u1ed3 n\u1eef cao c\u1ea5p n\u1ed5i b\u1eadt v\u1edbi thi\u1ebft k\u1ebf tinh x\u1ea3o v\u00e0 hi\u1ec7u \u1ee9ng l\u1ea5p l\u00e1nh \u0111\u1eb7c tr\u01b0ng c\u1ee7a th\u01b0\u01a1ng hi\u1ec7u Swarovski. S\u1ea3n ph\u1ea9m thu\u1ed9c b\u1ed9 s\u01b0u t\u1eadp Crystalline, mang phong c\u00e1ch sang tr\u1ecdng, n\u1eef t\u00ednh v\u00e0 \u0111\u1ea7y cu\u1ed1n h\u00fat.<\/p>\n<p><img decoding=\"async\" class=\"fotorama__img--full\" src=\"https:\/\/vcdn.acfc.com.vn\/media\/catalog\/product\/cache\/a3789755a23d111bf3d9c5f147753e0a\/5\/5\/5519450-5_zvzm6wg3hcszvmvf.jpg\" alt=\"SWAROVSKI \u0110\u1ed3ng H\u1ed3 Crystalline Aura, Leather Strap, Gray, Rose Gold-Tone Finish\" aria-hidden=\"false\" \/><\/p>\n<p data-start=\"377\" data-end=\"692\">Ph\u1ea7n v\u1ecf \u0111\u1ed3ng h\u1ed3 \u0111\u01b0\u1ee3c \u0111\u00ednh <strong data-start=\"403\" data-end=\"438\">h\u01a1n 1.300 vi\u00ean pha l\u00ea Swarovski<\/strong> t\u1ea1o n\u00ean hi\u1ec7u \u1ee9ng \u00e1nh s\u00e1ng r\u1ef1c r\u1ee1, gi\u00fap chi\u1ebfc \u0111\u1ed3ng h\u1ed3 tr\u1edf th\u00e0nh \u0111i\u1ec3m nh\u1ea5n n\u1ed5i b\u1eadt tr\u00ean c\u1ed5 tay. M\u1eb7t s\u1ed1 m\u00e0u b\u1ea1c tr\u1eafng t\u1ed1i gi\u1ea3n, k\u1ebft h\u1ee3p logo thi\u00ean nga \u0111\u1eb7c tr\u01b0ng t\u1ea1i v\u1ecb tr\u00ed 12 gi\u1edd, mang l\u1ea1i v\u1ebb \u0111\u1eb9p tinh t\u1ebf v\u00e0 hi\u1ec7n \u0111\u1ea1i.<\/p>\n<p data-start=\"694\" data-end=\"940\">D\u00e2y \u0111eo l\u00e0m t\u1eeb <strong data-start=\"709\" data-end=\"748\">da b\u00ea \u00dd (Italian calf-skin leather)<\/strong> m\u00e0u x\u00e1m cao c\u1ea5p, mang l\u1ea1i c\u1ea3m gi\u00e1c m\u1ec1m m\u1ea1i, tho\u1ea3i m\u00e1i khi \u0111eo. \u0110\u1ed3ng h\u1ed3 s\u1eed d\u1ee5ng b\u1ed9 m\u00e1y Quartz chu\u1ea9n Swiss Made cho \u0111\u1ed9 ch\u00ednh x\u00e1c cao v\u00e0 ho\u1ea1t \u0111\u1ed9ng b\u1ec1n b\u1ec9.<\/p>\n<h2 data-section-id=\"yxzfo2\" data-start=\"1233\" data-end=\"1256\">\ud83d\udccb Th\u00f4ng s\u1ed1 s\u1ea3n ph\u1ea9m<\/h2>\n<div class=\"TyagGW_tableContainer\">\n<div class=\"group TyagGW_tableWrapper flex flex-col-reverse w-fit\" tabindex=\"-1\">\n<table class=\"w-fit min-w-(--thread-content-width)\" data-start=\"1258\" data-end=\"1852\">\n<thead data-start=\"1258\" data-end=\"1290\">\n<tr data-start=\"1258\" data-end=\"1290\">\n<th class=\"\" data-start=\"1258\" data-end=\"1274\" data-col-size=\"sm\"><strong data-start=\"1260\" data-end=\"1273\">Th\u00f4ng tin<\/strong><\/th>\n<th class=\"\" data-start=\"1274\" data-end=\"1290\" data-col-size=\"md\"><strong data-start=\"1276\" data-end=\"1288\">Chi ti\u1ebft<\/strong><\/th>\n<\/tr>\n<\/thead>\n<tbody data-start=\"1322\" data-end=\"1852\">\n<tr data-start=\"1322\" data-end=\"1353\">\n<td data-start=\"1322\" data-end=\"1340\" data-col-size=\"sm\"><strong data-start=\"1324\" data-end=\"1339\">Th\u01b0\u01a1ng hi\u1ec7u<\/strong><\/td>\n<td data-col-size=\"md\" data-start=\"1340\" data-end=\"1353\">Swarovski<\/td>\n<\/tr>\n<tr data-start=\"1354\" data-end=\"1392\">\n<td data-start=\"1354\" data-end=\"1368\" data-col-size=\"sm\"><strong data-start=\"1356\" data-end=\"1367\">Xu\u1ea5t x\u1ee9<\/strong><\/td>\n<td data-col-size=\"md\" data-start=\"1368\" data-end=\"1392\">Th\u1ee5y S\u0129 (Swiss Made)<\/td>\n<\/tr>\n<tr data-start=\"1393\" data-end=\"1415\">\n<td data-start=\"1393\" data-end=\"1409\" data-col-size=\"sm\"><strong data-start=\"1395\" data-end=\"1408\">\u0110\u1ed1i t\u01b0\u1ee3ng<\/strong><\/td>\n<td data-col-size=\"md\" data-start=\"1409\" data-end=\"1415\">N\u1eef<\/td>\n<\/tr>\n<tr data-start=\"1416\" data-end=\"1448\">\n<td data-start=\"1416\" data-end=\"1433\" data-col-size=\"sm\"><strong data-start=\"1418\" data-end=\"1432\">Ch\u1ed1ng n\u01b0\u1edbc<\/strong><\/td>\n<td data-col-size=\"md\" data-start=\"1433\" data-end=\"1448\">50m (5 ATM)<\/td>\n<\/tr>\n<tr data-start=\"1449\" data-end=\"1483\">\n<td data-start=\"1449\" data-end=\"1467\" data-col-size=\"sm\"><strong data-start=\"1451\" data-end=\"1466\">Lo\u1ea1i m\u1eb7t s\u1ed1<\/strong><\/td>\n<td data-col-size=\"md\" data-start=\"1467\" data-end=\"1483\">Kim (Analog)<\/td>\n<\/tr>\n<tr data-start=\"1484\" data-end=\"1515\">\n<td data-start=\"1484\" data-end=\"1499\" data-col-size=\"sm\"><strong data-start=\"1486\" data-end=\"1498\">Lo\u1ea1i m\u00e1y<\/strong><\/td>\n<td data-col-size=\"md\" data-start=\"1499\" data-end=\"1515\">Quartz (Pin)<\/td>\n<\/tr>\n<tr data-start=\"1516\" data-end=\"1552\">\n<td data-start=\"1516\" data-end=\"1537\" data-col-size=\"sm\"><strong data-start=\"1518\" data-end=\"1536\">Ch\u1ea5t li\u1ec7u k\u00ednh<\/strong><\/td>\n<td data-col-size=\"md\" data-start=\"1537\" data-end=\"1552\">K\u00ednh kho\u00e1ng<\/td>\n<\/tr>\n<tr data-start=\"1553\" data-end=\"1594\">\n<td data-start=\"1553\" data-end=\"1573\" data-col-size=\"sm\"><strong data-start=\"1555\" data-end=\"1572\">Ch\u1ea5t li\u1ec7u d\u00e2y<\/strong><\/td>\n<td data-col-size=\"md\" data-start=\"1573\" data-end=\"1594\">Da b\u00ea \u00dd (Leather)<\/td>\n<\/tr>\n<tr data-start=\"1595\" data-end=\"1639\">\n<td data-start=\"1595\" data-end=\"1609\" data-col-size=\"sm\"><strong data-start=\"1597\" data-end=\"1608\">M\u00e0u s\u1eafc<\/strong><\/td>\n<td data-col-size=\"md\" data-start=\"1609\" data-end=\"1639\">X\u00e1m (Gray), Rose Gold-tone<\/td>\n<\/tr>\n<tr data-start=\"1640\" data-end=\"1665\">\n<td data-start=\"1640\" data-end=\"1655\" data-col-size=\"sm\"><strong data-start=\"1642\" data-end=\"1654\">Size m\u1eb7t<\/strong><\/td>\n<td data-col-size=\"md\" data-start=\"1655\" data-end=\"1665\">~35 mm<\/td>\n<\/tr>\n<tr data-start=\"1666\" data-end=\"1690\">\n<td data-start=\"1666\" data-end=\"1680\" data-col-size=\"sm\"><strong data-start=\"1668\" data-end=\"1679\">D\u00e2y \u0111eo<\/strong><\/td>\n<td data-col-size=\"md\" data-start=\"1680\" data-end=\"1690\">~19 cm<\/td>\n<\/tr>\n<tr data-start=\"1691\" data-end=\"1743\">\n<td data-start=\"1691\" data-end=\"1706\" data-col-size=\"sm\"><strong data-start=\"1693\" data-end=\"1705\">Thi\u1ebft k\u1ebf<\/strong><\/td>\n<td data-col-size=\"md\" data-start=\"1706\" data-end=\"1743\">\u0110\u00ednh ~1.300 vi\u00ean pha l\u00ea Swarovski<\/td>\n<\/tr>\n<tr data-start=\"1744\" data-end=\"1779\">\n<td data-start=\"1744\" data-end=\"1760\" data-col-size=\"sm\"><strong data-start=\"1746\" data-end=\"1759\">T\u00ednh n\u0103ng<\/strong><\/td>\n<td data-col-size=\"md\" data-start=\"1760\" data-end=\"1779\">Gi\u1edd, ph\u00fat, gi\u00e2y<\/td>\n<\/tr>\n<tr data-start=\"1780\" data-end=\"1852\">\n<td data-start=\"1780\" data-end=\"1803\" data-col-size=\"sm\"><strong data-start=\"1782\" data-end=\"1802\">\u0110\u1eb7c \u0111i\u1ec3m n\u1ed5i b\u1eadt<\/strong><\/td>\n<td data-col-size=\"md\" data-start=\"1803\" data-end=\"1852\">Hi\u1ec7u \u1ee9ng l\u1ea5p l\u00e1nh cao c\u1ea5p, thi\u1ebft k\u1ebf trang s\u1ee9c<\/td>\n<\/tr>\n<\/tbody>\n<\/table>\n<\/div>\n<\/div>\n","protected":false},"excerpt":{"rendered":"<p>\ud83d\udc49 \u0110\u1ed3ng h\u1ed3 Swarovski Crystalline Aura n\u1ed5i b\u1eadt v\u1edbi h\u01a1n 1.300 vi\u00ean pha l\u00ea l\u1ea5p l\u00e1nh, mang \u0111\u1ebfn v\u1ebb \u0111\u1eb9p sang tr\u1ecdng v\u00e0 cu\u1ed1n h\u00fat cho ph\u00e1i \u0111\u1eb9p.<\/p>\n","protected":false},"featured_media":214,"comment_status":"open","ping_status":"closed","template":"","meta":[],"product_brand":[30],"product_cat":[23,15],"product_tag":[],"class_list":{"0":"post-212","1":"product","2":"type-product","3":"status-publish","4":"has-post-thumbnail","6":"product_brand-swarovski","7":"product_cat-dong-ho-nu","8":"product_cat-uncategorized","10":"first","11":"instock","12":"sale","13":"shipping-taxable","14":"purchasable","15":"product-type-simple"},"yoast_head":"<!-- This site is optimized with the Yoast SEO plugin v27.4 - https:\/\/yoast.com\/product\/yoast-seo-wordpress\/ -->\n<title>\u0110\u1ed3ng H\u1ed3 Swarovski Crystalline Aura -<\/title>\n<meta name=\"robots\" content=\"index, follow, max-snippet:-1, max-image-preview:large, max-video-preview:-1\" \/>\n<link rel=\"canonical\" href=\"https:\/\/aevum.id.vn\/?product=dong-ho-swarovski-crystalline-aura\" \/>\n<meta property=\"og:locale\" content=\"vi_VN\" \/>\n<meta property=\"og:type\" content=\"article\" \/>\n<meta property=\"og:title\" content=\"\u0110\u1ed3ng H\u1ed3 Swarovski Crystalline Aura -\" \/>\n<meta property=\"og:description\" content=\"\ud83d\udc49 \u0110\u1ed3ng h\u1ed3 Swarovski Crystalline Aura n\u1ed5i b\u1eadt v\u1edbi h\u01a1n 1.300 vi\u00ean pha l\u00ea l\u1ea5p l\u00e1nh, mang \u0111\u1ebfn v\u1ebb \u0111\u1eb9p sang tr\u1ecdng v\u00e0 cu\u1ed1n h\u00fat cho ph\u00e1i \u0111\u1eb9p.\" \/>\n<meta property=\"og:url\" content=\"https:\/\/aevum.id.vn\/?product=dong-ho-swarovski-crystalline-aura\" \/>\n<meta property=\"article:modified_time\" content=\"2026-04-18T04:16:40+00:00\" \/>\n<meta property=\"og:image\" content=\"https:\/\/aevum.id.vn\/wp-content\/uploads\/2026\/04\/5519450-12_3rliexgs90qy5xcl.jpg.webp\" \/>\n\t<meta property=\"og:image:width\" content=\"1200\" \/>\n\t<meta property=\"og:image:height\" content=\"1600\" \/>\n\t<meta property=\"og:image:type\" content=\"image\/webp\" \/>\n<meta name=\"twitter:card\" content=\"summary_large_image\" \/>\n<meta name=\"twitter:label1\" content=\"\u01af\u1edbc t\u00ednh th\u1eddi gian \u0111\u1ecdc\" \/>\n\t<meta name=\"twitter:data1\" content=\"2 ph\u00fat\" \/>\n<script type=\"application\/ld+json\" class=\"yoast-schema-graph\">{\"@context\":\"https:\\\/\\\/schema.org\",\"@graph\":[{\"@type\":\"WebPage\",\"@id\":\"https:\\\/\\\/aevum.id.vn\\\/?product=dong-ho-swarovski-crystalline-aura\",\"url\":\"https:\\\/\\\/aevum.id.vn\\\/?product=dong-ho-swarovski-crystalline-aura\",\"name\":\"\u0110\u1ed3ng H\u1ed3 Swarovski Crystalline Aura -\",\"isPartOf\":{\"@id\":\"https:\\\/\\\/aevum.id.vn\\\/#website\"},\"primaryImageOfPage\":{\"@id\":\"https:\\\/\\\/aevum.id.vn\\\/?product=dong-ho-swarovski-crystalline-aura#primaryimage\"},\"image\":{\"@id\":\"https:\\\/\\\/aevum.id.vn\\\/?product=dong-ho-swarovski-crystalline-aura#primaryimage\"},\"thumbnailUrl\":\"https:\\\/\\\/aevum.id.vn\\\/wp-content\\\/uploads\\\/2026\\\/04\\\/5519450-12_3rliexgs90qy5xcl.jpg.webp\",\"datePublished\":\"2026-04-18T04:16:02+00:00\",\"dateModified\":\"2026-04-18T04:16:40+00:00\",\"breadcrumb\":{\"@id\":\"https:\\\/\\\/aevum.id.vn\\\/?product=dong-ho-swarovski-crystalline-aura#breadcrumb\"},\"inLanguage\":\"vi\",\"potentialAction\":[{\"@type\":\"ReadAction\",\"target\":[\"https:\\\/\\\/aevum.id.vn\\\/?product=dong-ho-swarovski-crystalline-aura\"]}]},{\"@type\":\"ImageObject\",\"inLanguage\":\"vi\",\"@id\":\"https:\\\/\\\/aevum.id.vn\\\/?product=dong-ho-swarovski-crystalline-aura#primaryimage\",\"url\":\"https:\\\/\\\/aevum.id.vn\\\/wp-content\\\/uploads\\\/2026\\\/04\\\/5519450-12_3rliexgs90qy5xcl.jpg.webp\",\"contentUrl\":\"https:\\\/\\\/aevum.id.vn\\\/wp-content\\\/uploads\\\/2026\\\/04\\\/5519450-12_3rliexgs90qy5xcl.jpg.webp\",\"width\":1200,\"height\":1600},{\"@type\":\"BreadcrumbList\",\"@id\":\"https:\\\/\\\/aevum.id.vn\\\/?product=dong-ho-swarovski-crystalline-aura#breadcrumb\",\"itemListElement\":[{\"@type\":\"ListItem\",\"position\":1,\"name\":\"Trang ch\u1ee7\",\"item\":\"https:\\\/\\\/aevum.id.vn\\\/\"},{\"@type\":\"ListItem\",\"position\":2,\"name\":\"C\u1eeda H\u00e0ng\",\"item\":\"https:\\\/\\\/aevum.id.vn\\\/?page_id=7\"},{\"@type\":\"ListItem\",\"position\":3,\"name\":\"\u0110\u1ed3ng H\u1ed3 Swarovski Crystalline Aura\"}]},{\"@type\":\"WebSite\",\"@id\":\"https:\\\/\\\/aevum.id.vn\\\/#website\",\"url\":\"https:\\\/\\\/aevum.id.vn\\\/\",\"name\":\"\",\"description\":\"\",\"potentialAction\":[{\"@type\":\"SearchAction\",\"target\":{\"@type\":\"EntryPoint\",\"urlTemplate\":\"https:\\\/\\\/aevum.id.vn\\\/?s={search_term_string}\"},\"query-input\":{\"@type\":\"PropertyValueSpecification\",\"valueRequired\":true,\"valueName\":\"search_term_string\"}}],\"inLanguage\":\"vi\"}]}<\/script>\n<!-- \/ Yoast SEO plugin. -->","yoast_head_json":{"title":"\u0110\u1ed3ng H\u1ed3 Swarovski Crystalline Aura -","robots":{"index":"index","follow":"follow","max-snippet":"max-snippet:-1","max-image-preview":"max-image-preview:large","max-video-preview":"max-video-preview:-1"},"canonical":"https:\/\/aevum.id.vn\/?product=dong-ho-swarovski-crystalline-aura","og_locale":"vi_VN","og_type":"article","og_title":"\u0110\u1ed3ng H\u1ed3 Swarovski Crystalline Aura -","og_description":"\ud83d\udc49 \u0110\u1ed3ng h\u1ed3 Swarovski Crystalline Aura n\u1ed5i b\u1eadt v\u1edbi h\u01a1n 1.300 vi\u00ean pha l\u00ea l\u1ea5p l\u00e1nh, mang \u0111\u1ebfn v\u1ebb \u0111\u1eb9p sang tr\u1ecdng v\u00e0 cu\u1ed1n h\u00fat cho ph\u00e1i \u0111\u1eb9p.","og_url":"https:\/\/aevum.id.vn\/?product=dong-ho-swarovski-crystalline-aura","article_modified_time":"2026-04-18T04:16:40+00:00","og_image":[{"width":1200,"height":1600,"url":"https:\/\/aevum.id.vn\/wp-content\/uploads\/2026\/04\/5519450-12_3rliexgs90qy5xcl.jpg.webp","type":"image\/webp"}],"twitter_card":"summary_large_image","twitter_misc":{"\u01af\u1edbc t\u00ednh th\u1eddi gian \u0111\u1ecdc":"2 ph\u00fat"},"schema":{"@context":"https:\/\/schema.org","@graph":[{"@type":"WebPage","@id":"https:\/\/aevum.id.vn\/?product=dong-ho-swarovski-crystalline-aura","url":"https:\/\/aevum.id.vn\/?product=dong-ho-swarovski-crystalline-aura","name":"\u0110\u1ed3ng H\u1ed3 Swarovski Crystalline Aura -","isPartOf":{"@id":"https:\/\/aevum.id.vn\/#website"},"primaryImageOfPage":{"@id":"https:\/\/aevum.id.vn\/?product=dong-ho-swarovski-crystalline-aura#primaryimage"},"image":{"@id":"https:\/\/aevum.id.vn\/?product=dong-ho-swarovski-crystalline-aura#primaryimage"},"thumbnailUrl":"https:\/\/aevum.id.vn\/wp-content\/uploads\/2026\/04\/5519450-12_3rliexgs90qy5xcl.jpg.webp","datePublished":"2026-04-18T04:16:02+00:00","dateModified":"2026-04-18T04:16:40+00:00","breadcrumb":{"@id":"https:\/\/aevum.id.vn\/?product=dong-ho-swarovski-crystalline-aura#breadcrumb"},"inLanguage":"vi","potentialAction":[{"@type":"ReadAction","target":["https:\/\/aevum.id.vn\/?product=dong-ho-swarovski-crystalline-aura"]}]},{"@type":"ImageObject","inLanguage":"vi","@id":"https:\/\/aevum.id.vn\/?product=dong-ho-swarovski-crystalline-aura#primaryimage","url":"https:\/\/aevum.id.vn\/wp-content\/uploads\/2026\/04\/5519450-12_3rliexgs90qy5xcl.jpg.webp","contentUrl":"https:\/\/aevum.id.vn\/wp-content\/uploads\/2026\/04\/5519450-12_3rliexgs90qy5xcl.jpg.webp","width":1200,"height":1600},{"@type":"BreadcrumbList","@id":"https:\/\/aevum.id.vn\/?product=dong-ho-swarovski-crystalline-aura#breadcrumb","itemListElement":[{"@type":"ListItem","position":1,"name":"Trang ch\u1ee7","item":"https:\/\/aevum.id.vn\/"},{"@type":"ListItem","position":2,"name":"C\u1eeda H\u00e0ng","item":"https:\/\/aevum.id.vn\/?page_id=7"},{"@type":"ListItem","position":3,"name":"\u0110\u1ed3ng H\u1ed3 Swarovski Crystalline Aura"}]},{"@type":"WebSite","@id":"https:\/\/aevum.id.vn\/#website","url":"https:\/\/aevum.id.vn\/","name":"","description":"","potentialAction":[{"@type":"SearchAction","target":{"@type":"EntryPoint","urlTemplate":"https:\/\/aevum.id.vn\/?s={search_term_string}"},"query-input":{"@type":"PropertyValueSpecification","valueRequired":true,"valueName":"search_term_string"}}],"inLanguage":"vi"}]}},"_links":{"self":[{"href":"https:\/\/aevum.id.vn\/index.php?rest_route=\/wp\/v2\/product\/212","targetHints":{"allow":["GET"]}}],"collection":[{"href":"https:\/\/aevum.id.vn\/index.php?rest_route=\/wp\/v2\/product"}],"about":[{"href":"https:\/\/aevum.id.vn\/index.php?rest_route=\/wp\/v2\/types\/product"}],"replies":[{"embeddable":true,"href":"https:\/\/aevum.id.vn\/index.php?rest_route=%2Fwp%2Fv2%2Fcomments&post=212"}],"wp:featuredmedia":[{"embeddable":true,"href":"https:\/\/aevum.id.vn\/index.php?rest_route=\/wp\/v2\/media\/214"}],"wp:attachment":[{"href":"https:\/\/aevum.id.vn\/index.php?rest_route=%2Fwp%2Fv2%2Fmedia&parent=212"}],"wp:term":[{"taxonomy":"product_brand","embeddable":true,"href":"https:\/\/aevum.id.vn\/index.php?rest_route=%2Fwp%2Fv2%2Fproduct_brand&post=212"},{"taxonomy":"product_cat","embeddable":true,"href":"https:\/\/aevum.id.vn\/index.php?rest_route=%2Fwp%2Fv2%2Fproduct_cat&post=212"},{"taxonomy":"product_tag","embeddable":true,"href":"https:\/\/aevum.id.vn\/index.php?rest_route=%2Fwp%2Fv2%2Fproduct_tag&post=212"}],"curies":[{"name":"wp","href":"https:\/\/api.w.org\/{rel}","templated":true}]}}