{"id":234,"date":"2026-04-18T04:56:41","date_gmt":"2026-04-18T04:56:41","guid":{"rendered":"https:\/\/aevum.id.vn\/?post_type=product&#038;p=234"},"modified":"2026-04-18T12:29:43","modified_gmt":"2026-04-18T12:29:43","slug":"dong-ho-nam-casio-mtp-b315l-3av","status":"publish","type":"product","link":"https:\/\/aevum.id.vn\/?product=dong-ho-nam-casio-mtp-b315l-3av","title":{"rendered":"\u0110\u1ed3ng H\u1ed3 Nam CASIO MTP-B315L-3AV"},"content":{"rendered":"<p>\u0110\u1ed3ng H\u1ed3 Nam CASIO MTP-B315L-3AV<\/p>\n<p><strong data-start=\"98\" data-end=\"121\">CASIO MTP-B315L-3AV<\/strong> l\u00e0 m\u1eabu \u0111\u1ed3ng h\u1ed3 nam mang phong c\u00e1ch t\u1ed1i gi\u1ea3n hi\u1ec7n \u0111\u1ea1i, n\u1ed5i b\u1eadt v\u1edbi m\u1eb7t s\u1ed1 xanh (blue-green) tr\u1ebb trung k\u1ebft h\u1ee3p d\u00e2y da \u0111en thanh l\u1ecbch. Thi\u1ebft k\u1ebf n\u00e0y gi\u00fap s\u1ea3n ph\u1ea9m d\u1ec5 d\u00e0ng ph\u1ed1i v\u1edbi nhi\u1ec1u phong c\u00e1ch \u2013 t\u1eeb \u0111i h\u1ecdc, \u0111i l\u00e0m \u0111\u1ebfn \u0111i ch\u01a1i.<\/p>\n<p><img loading=\"lazy\" decoding=\"async\" class=\"wp-post-image ux-skip-lazy\" src=\"https:\/\/cdn.casio-vietnam.vn\/wp-content\/uploads\/2026\/03\/MTP-B315L-4AV.jpg\" alt=\"\u0110\u1ed3ng H\u1ed3 Nam Ch\u00ednh H\u00e3ng CASIO MTP-B315L-4AV\" width=\"600\" height=\"600\" data-caption=\"\" data-src=\"https:\/\/cdn.casio-vietnam.vn\/wp-content\/uploads\/2026\/03\/MTP-B315L-4AV.jpg\" data-large_image=\"https:\/\/cdn.casio-vietnam.vn\/wp-content\/uploads\/2026\/03\/MTP-B315L-4AV.jpg\" data-large_image_width=\"1000\" data-large_image_height=\"1000\" \/><\/p>\n<p>M\u1eb7t \u0111\u1ed3ng h\u1ed3 \u0111\u01b0\u1ee3c b\u1ed1 tr\u00ed 3 kim truy\u1ec1n th\u1ed1ng c\u00f9ng m\u1eb7t ph\u1ee5 hi\u1ec3n th\u1ecb 24 gi\u1edd t\u1ea1i v\u1ecb tr\u00ed 6 gi\u1edd, mang l\u1ea1i v\u1ebb ngo\u00e0i tinh t\u1ebf v\u00e0 ti\u1ec7n d\u1ee5ng. Ki\u1ec3u d\u00e1ng g\u1ecdn g\u00e0ng, d\u1ec5 \u0111\u1ecdc gi\u00fap ng\u01b0\u1eddi d\u00f9ng theo d\u00f5i th\u1eddi gian m\u1ed9t c\u00e1ch nhanh ch\u00f3ng.<\/p>\n<h2 data-section-id=\"yxzfo2\" data-start=\"1101\" data-end=\"1124\">\ud83d\udccb Th\u00f4ng s\u1ed1 s\u1ea3n ph\u1ea9m<\/h2>\n<div class=\"TyagGW_tableContainer\">\n<div class=\"group TyagGW_tableWrapper flex flex-col-reverse w-fit\" tabindex=\"-1\">\n<table class=\"w-fit min-w-(--thread-content-width)\" data-start=\"1126\" data-end=\"1671\">\n<thead data-start=\"1126\" data-end=\"1158\">\n<tr data-start=\"1126\" data-end=\"1158\">\n<th class=\"\" data-start=\"1126\" data-end=\"1142\" data-col-size=\"sm\"><strong data-start=\"1128\" data-end=\"1141\">Th\u00f4ng tin<\/strong><\/th>\n<th class=\"\" data-start=\"1142\" data-end=\"1158\" data-col-size=\"sm\"><strong data-start=\"1144\" data-end=\"1156\">Chi ti\u1ebft<\/strong><\/th>\n<\/tr>\n<\/thead>\n<tbody data-start=\"1190\" data-end=\"1671\">\n<tr data-start=\"1190\" data-end=\"1217\">\n<td data-start=\"1190\" data-end=\"1208\" data-col-size=\"sm\"><strong data-start=\"1192\" data-end=\"1207\">Th\u01b0\u01a1ng hi\u1ec7u<\/strong><\/td>\n<td data-col-size=\"sm\" data-start=\"1208\" data-end=\"1217\">Casio<\/td>\n<\/tr>\n<tr data-start=\"1218\" data-end=\"1244\">\n<td data-start=\"1218\" data-end=\"1232\" data-col-size=\"sm\"><strong data-start=\"1220\" data-end=\"1231\">Xu\u1ea5t x\u1ee9<\/strong><\/td>\n<td data-col-size=\"sm\" data-start=\"1232\" data-end=\"1244\">Nh\u1eadt B\u1ea3n<\/td>\n<\/tr>\n<tr data-start=\"1245\" data-end=\"1268\">\n<td data-start=\"1245\" data-end=\"1261\" data-col-size=\"sm\"><strong data-start=\"1247\" data-end=\"1260\">\u0110\u1ed1i t\u01b0\u1ee3ng<\/strong><\/td>\n<td data-col-size=\"sm\" data-start=\"1261\" data-end=\"1268\">Nam<\/td>\n<\/tr>\n<tr data-start=\"1269\" data-end=\"1301\">\n<td data-start=\"1269\" data-end=\"1286\" data-col-size=\"sm\"><strong data-start=\"1271\" data-end=\"1285\">Ch\u1ed1ng n\u01b0\u1edbc<\/strong><\/td>\n<td data-col-size=\"sm\" data-start=\"1286\" data-end=\"1301\">50m (5 ATM)<\/td>\n<\/tr>\n<tr data-start=\"1302\" data-end=\"1336\">\n<td data-start=\"1302\" data-end=\"1320\" data-col-size=\"sm\"><strong data-start=\"1304\" data-end=\"1319\">Lo\u1ea1i m\u1eb7t s\u1ed1<\/strong><\/td>\n<td data-col-size=\"sm\" data-start=\"1320\" data-end=\"1336\">Kim (Analog)<\/td>\n<\/tr>\n<tr data-start=\"1337\" data-end=\"1368\">\n<td data-start=\"1337\" data-end=\"1352\" data-col-size=\"sm\"><strong data-start=\"1339\" data-end=\"1351\">Lo\u1ea1i m\u00e1y<\/strong><\/td>\n<td data-col-size=\"sm\" data-start=\"1352\" data-end=\"1368\">Quartz (Pin)<\/td>\n<\/tr>\n<tr data-start=\"1369\" data-end=\"1421\">\n<td data-start=\"1369\" data-end=\"1390\" data-col-size=\"sm\"><strong data-start=\"1371\" data-end=\"1389\">Ch\u1ea5t li\u1ec7u k\u00ednh<\/strong><\/td>\n<td data-col-size=\"sm\" data-start=\"1390\" data-end=\"1421\">K\u00ednh kho\u00e1ng (Mineral Glass)<\/td>\n<\/tr>\n<tr data-start=\"1422\" data-end=\"1457\">\n<td data-start=\"1422\" data-end=\"1442\" data-col-size=\"sm\"><strong data-start=\"1424\" data-end=\"1441\">Ch\u1ea5t li\u1ec7u d\u00e2y<\/strong><\/td>\n<td data-col-size=\"sm\" data-start=\"1442\" data-end=\"1457\">D\u00e2y da th\u1eadt<\/td>\n<\/tr>\n<tr data-start=\"1458\" data-end=\"1508\">\n<td data-start=\"1458\" data-end=\"1472\" data-col-size=\"sm\"><strong data-start=\"1460\" data-end=\"1471\">M\u00e0u s\u1eafc<\/strong><\/td>\n<td data-col-size=\"sm\" data-start=\"1472\" data-end=\"1508\">Xanh (Green\/Blue-green), d\u00e2y \u0111en<\/td>\n<\/tr>\n<tr data-start=\"1509\" data-end=\"1533\">\n<td data-start=\"1509\" data-end=\"1524\" data-col-size=\"sm\"><strong data-start=\"1511\" data-end=\"1523\">Size m\u1eb7t<\/strong><\/td>\n<td data-start=\"1524\" data-end=\"1533\" data-col-size=\"sm\">40 mm<\/td>\n<\/tr>\n<tr data-start=\"1534\" data-end=\"1558\">\n<td data-start=\"1534\" data-end=\"1547\" data-col-size=\"sm\"><strong data-start=\"1536\" data-end=\"1546\">\u0110\u1ed9 d\u00e0y<\/strong><\/td>\n<td data-start=\"1547\" data-end=\"1558\" data-col-size=\"sm\">~9.7 mm<\/td>\n<\/tr>\n<tr data-start=\"1559\" data-end=\"1586\">\n<td data-start=\"1559\" data-end=\"1577\" data-col-size=\"sm\"><strong data-start=\"1561\" data-end=\"1576\">Tr\u1ecdng l\u01b0\u1ee3ng<\/strong><\/td>\n<td data-start=\"1577\" data-end=\"1586\" data-col-size=\"sm\">~52 g<\/td>\n<\/tr>\n<tr data-start=\"1587\" data-end=\"1635\">\n<td data-start=\"1587\" data-end=\"1603\" data-col-size=\"sm\"><strong data-start=\"1589\" data-end=\"1602\">T\u00ednh n\u0103ng<\/strong><\/td>\n<td data-col-size=\"sm\" data-start=\"1603\" data-end=\"1635\">Gi\u1edd, ph\u00fat, gi\u00e2y, m\u1eb7t ph\u1ee5 24h<\/td>\n<\/tr>\n<tr data-start=\"1636\" data-end=\"1671\">\n<td data-start=\"1636\" data-end=\"1655\" data-col-size=\"sm\"><strong data-start=\"1638\" data-end=\"1654\">Tu\u1ed5i th\u1ecd pin<\/strong><\/td>\n<td data-start=\"1655\" data-end=\"1671\" data-col-size=\"sm\">Kho\u1ea3ng 3 n\u0103m<\/td>\n<\/tr>\n<\/tbody>\n<\/table>\n<\/div>\n<\/div>\n","protected":false},"excerpt":{"rendered":"<p>\ud83d\udc49 \u0110\u1ed3ng h\u1ed3 Casio MTP-B315L-3AV s\u1edf h\u1eefu thi\u1ebft k\u1ebf t\u1ed1i gi\u1ea3n v\u1edbi m\u1eb7t xanh hi\u1ec7n \u0111\u1ea1i v\u00e0 d\u00e2y da thanh l\u1ecbch, ph\u00f9 h\u1ee3p cho phong c\u00e1ch nam t\u00ednh h\u1eb1ng ng\u00e0y.<\/p>\n","protected":false},"featured_media":235,"comment_status":"open","ping_status":"closed","template":"","meta":[],"product_brand":[32],"product_cat":[22,15],"product_tag":[],"class_list":{"0":"post-234","1":"product","2":"type-product","3":"status-publish","4":"has-post-thumbnail","6":"product_brand-casio","7":"product_cat-dong-ho-nam","8":"product_cat-uncategorized","10":"first","11":"instock","12":"shipping-taxable","13":"purchasable","14":"product-type-variable"},"yoast_head":"<!-- This site is optimized with the Yoast SEO plugin v27.4 - https:\/\/yoast.com\/product\/yoast-seo-wordpress\/ -->\n<title>\u0110\u1ed3ng H\u1ed3 Nam CASIO MTP-B315L-3AV -<\/title>\n<meta name=\"robots\" content=\"index, follow, max-snippet:-1, max-image-preview:large, max-video-preview:-1\" \/>\n<link rel=\"canonical\" href=\"https:\/\/aevum.id.vn\/?product=dong-ho-nam-casio-mtp-b315l-3av\" \/>\n<meta property=\"og:locale\" content=\"vi_VN\" \/>\n<meta property=\"og:type\" content=\"article\" \/>\n<meta property=\"og:title\" content=\"\u0110\u1ed3ng H\u1ed3 Nam CASIO MTP-B315L-3AV -\" \/>\n<meta property=\"og:description\" content=\"\ud83d\udc49 \u0110\u1ed3ng h\u1ed3 Casio MTP-B315L-3AV s\u1edf h\u1eefu thi\u1ebft k\u1ebf t\u1ed1i gi\u1ea3n v\u1edbi m\u1eb7t xanh hi\u1ec7n \u0111\u1ea1i v\u00e0 d\u00e2y da thanh l\u1ecbch, ph\u00f9 h\u1ee3p cho phong c\u00e1ch nam t\u00ednh h\u1eb1ng ng\u00e0y.\" \/>\n<meta property=\"og:url\" content=\"https:\/\/aevum.id.vn\/?product=dong-ho-nam-casio-mtp-b315l-3av\" \/>\n<meta property=\"article:modified_time\" content=\"2026-04-18T12:29:43+00:00\" \/>\n<meta property=\"og:image\" content=\"https:\/\/aevum.id.vn\/wp-content\/uploads\/2026\/04\/MTP-B315L-3AV.jpg\" \/>\n\t<meta property=\"og:image:width\" content=\"1000\" \/>\n\t<meta property=\"og:image:height\" content=\"1000\" \/>\n\t<meta property=\"og:image:type\" content=\"image\/jpeg\" \/>\n<meta name=\"twitter:card\" content=\"summary_large_image\" \/>\n<meta name=\"twitter:label1\" content=\"\u01af\u1edbc t\u00ednh th\u1eddi gian \u0111\u1ecdc\" \/>\n\t<meta name=\"twitter:data1\" content=\"2 ph\u00fat\" \/>\n<script type=\"application\/ld+json\" class=\"yoast-schema-graph\">{\"@context\":\"https:\\\/\\\/schema.org\",\"@graph\":[{\"@type\":\"WebPage\",\"@id\":\"https:\\\/\\\/aevum.id.vn\\\/?product=dong-ho-nam-casio-mtp-b315l-3av\",\"url\":\"https:\\\/\\\/aevum.id.vn\\\/?product=dong-ho-nam-casio-mtp-b315l-3av\",\"name\":\"\u0110\u1ed3ng H\u1ed3 Nam CASIO MTP-B315L-3AV -\",\"isPartOf\":{\"@id\":\"https:\\\/\\\/aevum.id.vn\\\/#website\"},\"primaryImageOfPage\":{\"@id\":\"https:\\\/\\\/aevum.id.vn\\\/?product=dong-ho-nam-casio-mtp-b315l-3av#primaryimage\"},\"image\":{\"@id\":\"https:\\\/\\\/aevum.id.vn\\\/?product=dong-ho-nam-casio-mtp-b315l-3av#primaryimage\"},\"thumbnailUrl\":\"https:\\\/\\\/aevum.id.vn\\\/wp-content\\\/uploads\\\/2026\\\/04\\\/MTP-B315L-3AV.jpg\",\"datePublished\":\"2026-04-18T04:56:41+00:00\",\"dateModified\":\"2026-04-18T12:29:43+00:00\",\"breadcrumb\":{\"@id\":\"https:\\\/\\\/aevum.id.vn\\\/?product=dong-ho-nam-casio-mtp-b315l-3av#breadcrumb\"},\"inLanguage\":\"vi\",\"potentialAction\":[{\"@type\":\"ReadAction\",\"target\":[\"https:\\\/\\\/aevum.id.vn\\\/?product=dong-ho-nam-casio-mtp-b315l-3av\"]}]},{\"@type\":\"ImageObject\",\"inLanguage\":\"vi\",\"@id\":\"https:\\\/\\\/aevum.id.vn\\\/?product=dong-ho-nam-casio-mtp-b315l-3av#primaryimage\",\"url\":\"https:\\\/\\\/aevum.id.vn\\\/wp-content\\\/uploads\\\/2026\\\/04\\\/MTP-B315L-3AV.jpg\",\"contentUrl\":\"https:\\\/\\\/aevum.id.vn\\\/wp-content\\\/uploads\\\/2026\\\/04\\\/MTP-B315L-3AV.jpg\",\"width\":1000,\"height\":1000},{\"@type\":\"BreadcrumbList\",\"@id\":\"https:\\\/\\\/aevum.id.vn\\\/?product=dong-ho-nam-casio-mtp-b315l-3av#breadcrumb\",\"itemListElement\":[{\"@type\":\"ListItem\",\"position\":1,\"name\":\"Trang ch\u1ee7\",\"item\":\"https:\\\/\\\/aevum.id.vn\\\/\"},{\"@type\":\"ListItem\",\"position\":2,\"name\":\"C\u1eeda H\u00e0ng\",\"item\":\"https:\\\/\\\/aevum.id.vn\\\/?page_id=7\"},{\"@type\":\"ListItem\",\"position\":3,\"name\":\"\u0110\u1ed3ng H\u1ed3 Nam CASIO MTP-B315L-3AV\"}]},{\"@type\":\"WebSite\",\"@id\":\"https:\\\/\\\/aevum.id.vn\\\/#website\",\"url\":\"https:\\\/\\\/aevum.id.vn\\\/\",\"name\":\"\",\"description\":\"\",\"potentialAction\":[{\"@type\":\"SearchAction\",\"target\":{\"@type\":\"EntryPoint\",\"urlTemplate\":\"https:\\\/\\\/aevum.id.vn\\\/?s={search_term_string}\"},\"query-input\":{\"@type\":\"PropertyValueSpecification\",\"valueRequired\":true,\"valueName\":\"search_term_string\"}}],\"inLanguage\":\"vi\"}]}<\/script>\n<!-- \/ Yoast SEO plugin. -->","yoast_head_json":{"title":"\u0110\u1ed3ng H\u1ed3 Nam CASIO MTP-B315L-3AV -","robots":{"index":"index","follow":"follow","max-snippet":"max-snippet:-1","max-image-preview":"max-image-preview:large","max-video-preview":"max-video-preview:-1"},"canonical":"https:\/\/aevum.id.vn\/?product=dong-ho-nam-casio-mtp-b315l-3av","og_locale":"vi_VN","og_type":"article","og_title":"\u0110\u1ed3ng H\u1ed3 Nam CASIO MTP-B315L-3AV -","og_description":"\ud83d\udc49 \u0110\u1ed3ng h\u1ed3 Casio MTP-B315L-3AV s\u1edf h\u1eefu thi\u1ebft k\u1ebf t\u1ed1i gi\u1ea3n v\u1edbi m\u1eb7t xanh hi\u1ec7n \u0111\u1ea1i v\u00e0 d\u00e2y da thanh l\u1ecbch, ph\u00f9 h\u1ee3p cho phong c\u00e1ch nam t\u00ednh h\u1eb1ng ng\u00e0y.","og_url":"https:\/\/aevum.id.vn\/?product=dong-ho-nam-casio-mtp-b315l-3av","article_modified_time":"2026-04-18T12:29:43+00:00","og_image":[{"width":1000,"height":1000,"url":"https:\/\/aevum.id.vn\/wp-content\/uploads\/2026\/04\/MTP-B315L-3AV.jpg","type":"image\/jpeg"}],"twitter_card":"summary_large_image","twitter_misc":{"\u01af\u1edbc t\u00ednh th\u1eddi gian \u0111\u1ecdc":"2 ph\u00fat"},"schema":{"@context":"https:\/\/schema.org","@graph":[{"@type":"WebPage","@id":"https:\/\/aevum.id.vn\/?product=dong-ho-nam-casio-mtp-b315l-3av","url":"https:\/\/aevum.id.vn\/?product=dong-ho-nam-casio-mtp-b315l-3av","name":"\u0110\u1ed3ng H\u1ed3 Nam CASIO MTP-B315L-3AV -","isPartOf":{"@id":"https:\/\/aevum.id.vn\/#website"},"primaryImageOfPage":{"@id":"https:\/\/aevum.id.vn\/?product=dong-ho-nam-casio-mtp-b315l-3av#primaryimage"},"image":{"@id":"https:\/\/aevum.id.vn\/?product=dong-ho-nam-casio-mtp-b315l-3av#primaryimage"},"thumbnailUrl":"https:\/\/aevum.id.vn\/wp-content\/uploads\/2026\/04\/MTP-B315L-3AV.jpg","datePublished":"2026-04-18T04:56:41+00:00","dateModified":"2026-04-18T12:29:43+00:00","breadcrumb":{"@id":"https:\/\/aevum.id.vn\/?product=dong-ho-nam-casio-mtp-b315l-3av#breadcrumb"},"inLanguage":"vi","potentialAction":[{"@type":"ReadAction","target":["https:\/\/aevum.id.vn\/?product=dong-ho-nam-casio-mtp-b315l-3av"]}]},{"@type":"ImageObject","inLanguage":"vi","@id":"https:\/\/aevum.id.vn\/?product=dong-ho-nam-casio-mtp-b315l-3av#primaryimage","url":"https:\/\/aevum.id.vn\/wp-content\/uploads\/2026\/04\/MTP-B315L-3AV.jpg","contentUrl":"https:\/\/aevum.id.vn\/wp-content\/uploads\/2026\/04\/MTP-B315L-3AV.jpg","width":1000,"height":1000},{"@type":"BreadcrumbList","@id":"https:\/\/aevum.id.vn\/?product=dong-ho-nam-casio-mtp-b315l-3av#breadcrumb","itemListElement":[{"@type":"ListItem","position":1,"name":"Trang ch\u1ee7","item":"https:\/\/aevum.id.vn\/"},{"@type":"ListItem","position":2,"name":"C\u1eeda H\u00e0ng","item":"https:\/\/aevum.id.vn\/?page_id=7"},{"@type":"ListItem","position":3,"name":"\u0110\u1ed3ng H\u1ed3 Nam CASIO MTP-B315L-3AV"}]},{"@type":"WebSite","@id":"https:\/\/aevum.id.vn\/#website","url":"https:\/\/aevum.id.vn\/","name":"","description":"","potentialAction":[{"@type":"SearchAction","target":{"@type":"EntryPoint","urlTemplate":"https:\/\/aevum.id.vn\/?s={search_term_string}"},"query-input":{"@type":"PropertyValueSpecification","valueRequired":true,"valueName":"search_term_string"}}],"inLanguage":"vi"}]}},"_links":{"self":[{"href":"https:\/\/aevum.id.vn\/index.php?rest_route=\/wp\/v2\/product\/234","targetHints":{"allow":["GET"]}}],"collection":[{"href":"https:\/\/aevum.id.vn\/index.php?rest_route=\/wp\/v2\/product"}],"about":[{"href":"https:\/\/aevum.id.vn\/index.php?rest_route=\/wp\/v2\/types\/product"}],"replies":[{"embeddable":true,"href":"https:\/\/aevum.id.vn\/index.php?rest_route=%2Fwp%2Fv2%2Fcomments&post=234"}],"wp:featuredmedia":[{"embeddable":true,"href":"https:\/\/aevum.id.vn\/index.php?rest_route=\/wp\/v2\/media\/235"}],"wp:attachment":[{"href":"https:\/\/aevum.id.vn\/index.php?rest_route=%2Fwp%2Fv2%2Fmedia&parent=234"}],"wp:term":[{"taxonomy":"product_brand","embeddable":true,"href":"https:\/\/aevum.id.vn\/index.php?rest_route=%2Fwp%2Fv2%2Fproduct_brand&post=234"},{"taxonomy":"product_cat","embeddable":true,"href":"https:\/\/aevum.id.vn\/index.php?rest_route=%2Fwp%2Fv2%2Fproduct_cat&post=234"},{"taxonomy":"product_tag","embeddable":true,"href":"https:\/\/aevum.id.vn\/index.php?rest_route=%2Fwp%2Fv2%2Fproduct_tag&post=234"}],"curies":[{"name":"wp","href":"https:\/\/api.w.org\/{rel}","templated":true}]}}