{"id":253,"date":"2026-04-18T05:34:41","date_gmt":"2026-04-18T05:34:41","guid":{"rendered":"https:\/\/aevum.id.vn\/?post_type=product&#038;p=253"},"modified":"2026-04-18T05:39:44","modified_gmt":"2026-04-18T05:39:44","slug":"titoni-airmaster-23909-s-063-nu-kinh-sapphire-cong","status":"publish","type":"product","link":"https:\/\/aevum.id.vn\/?product=titoni-airmaster-23909-s-063-nu-kinh-sapphire-cong","title":{"rendered":"Titoni Airmaster 23909 S-063 \u2013 N\u1eef \u2013 K\u00ednh Sapphire Cong"},"content":{"rendered":"<h1 class=\"product-title product_title entry-title\">Titoni Airmaster 23909 S-063 \u2013 N\u1eef \u2013 K\u00ednh Sapphire Cong<\/h1>\n<p><strong data-start=\"106\" data-end=\"138\">Titoni Airmaster 23909 S-063<\/strong> l\u00e0 m\u1eabu \u0111\u1ed3ng h\u1ed3 n\u1eef cao c\u1ea5p \u0111\u1ebfn t\u1eeb Th\u1ee5y S\u0129, thu\u1ed9c d\u00f2ng <strong data-start=\"192\" data-end=\"205\">Airmaster<\/strong> \u2013 bi\u1ec3u t\u01b0\u1ee3ng l\u00e2u \u0111\u1eddi c\u1ee7a th\u01b0\u01a1ng hi\u1ec7u Titoni. Thi\u1ebft k\u1ebf mang \u0111\u1eadm phong c\u00e1ch c\u1ed5 \u0111i\u1ec3n, thanh l\u1ecbch, ph\u00f9 h\u1ee3p v\u1edbi ph\u1ee5 n\u1eef y\u00eau th\u00edch s\u1ef1 tinh t\u1ebf v\u00e0 sang tr\u1ecdng.<\/p>\n<p><img loading=\"lazy\" decoding=\"async\" class=\"skip-lazy entered lazy-load-active pmloaded\" title=\"Titoni 23909 S-063 (4)\" src=\"https:\/\/image.donghohaitrieu.com\/wp-content\/uploads\/2024\/05\/Titoni-23909-S-063-4.jpg\" alt=\"Titoni 23909 S-063 - \u1ea3nh 5\" width=\"600\" height=\"600\" data-caption=\"\" data-src=\"https:\/\/image.donghohaitrieu.com\/wp-content\/uploads\/2024\/05\/Titoni-23909-S-063-4.jpg\" data-large_image=\"https:\/\/image.donghohaitrieu.com\/wp-content\/uploads\/2024\/05\/Titoni-23909-S-063-4.jpg\" data-large_image_width=\"1199\" data-large_image_height=\"1199\" data-ll-status=\"loaded\" \/><\/p>\n<p><img loading=\"lazy\" decoding=\"async\" class=\"skip-lazy entered pmloaded lazy-load-active\" title=\"Titoni 23909 S-063 (5)\" src=\"https:\/\/image.donghohaitrieu.com\/wp-content\/uploads\/2024\/05\/Titoni-23909-S-063-5.jpg\" alt=\"Titoni 23909 S-063 - \u1ea3nh 6\" width=\"600\" height=\"600\" data-caption=\"\" data-src=\"https:\/\/image.donghohaitrieu.com\/wp-content\/uploads\/2024\/05\/Titoni-23909-S-063-5.jpg\" data-large_image=\"https:\/\/image.donghohaitrieu.com\/wp-content\/uploads\/2024\/05\/Titoni-23909-S-063-5.jpg\" data-large_image_width=\"1199\" data-large_image_height=\"1199\" data-ll-status=\"loaded\" \/><\/p>\n<p data-start=\"357\" data-end=\"640\">M\u1eb7t s\u1ed1 m\u00e0u tr\u1eafng trang nh\u00e3 k\u1ebft h\u1ee3p c\u1ecdc s\u1ed1 La M\u00e3 v\u00e0 \u0111\u00ednh \u0111\u00e1 tinh x\u1ea3o, t\u1ea1o n\u00ean v\u1ebb \u0111\u1eb9p nh\u1eb9 nh\u00e0ng nh\u01b0ng v\u1eabn n\u1ed5i b\u1eadt. B\u1ed9 v\u1ecf \u0111\u01b0\u1ee3c ho\u00e0n thi\u1ec7n tinh x\u1ea3o v\u1edbi thi\u1ebft k\u1ebf \u201c\u0111u\u00f4i \u0111\u1ea1i b\u00e0ng\u201d (Queue d\u2019aigle) \u0111\u1eb7c tr\u01b0ng, mang l\u1ea1i n\u00e9t ri\u00eang bi\u1ec7t cho d\u00f2ng Airmaster.<\/p>\n<p data-start=\"642\" data-end=\"857\">\u0110\u1ed3ng h\u1ed3 \u0111\u01b0\u1ee3c trang b\u1ecb k\u00ednh <strong data-start=\"669\" data-end=\"707\">sapphire cong k\u00e9p ch\u1ed1ng ph\u1ea3n quang<\/strong>, gi\u00fap h\u1ea1n ch\u1ebf l\u00f3a v\u00e0 t\u0103ng \u0111\u1ed9 b\u1ec1n, \u0111\u1ed3ng th\u1eddi mang l\u1ea1i kh\u1ea3 n\u0103ng hi\u1ec3n th\u1ecb r\u00f5 n\u00e9t trong nhi\u1ec1u \u0111i\u1ec1u ki\u1ec7n \u00e1nh s\u00e1ng.<\/p>\n<h2 data-section-id=\"yxzfo2\" data-start=\"1190\" data-end=\"1213\">\ud83d\udccb Th\u00f4ng s\u1ed1 s\u1ea3n ph\u1ea9m<\/h2>\n<div class=\"TyagGW_tableContainer\">\n<div class=\"group TyagGW_tableWrapper flex flex-col-reverse w-fit\" tabindex=\"-1\">\n<table class=\"w-fit min-w-(--thread-content-width)\" data-start=\"1215\" data-end=\"1833\">\n<thead data-start=\"1215\" data-end=\"1247\">\n<tr data-start=\"1215\" data-end=\"1247\">\n<th class=\"\" data-start=\"1215\" data-end=\"1231\" data-col-size=\"sm\"><strong data-start=\"1217\" data-end=\"1230\">Th\u00f4ng tin<\/strong><\/th>\n<th class=\"\" data-start=\"1231\" data-end=\"1247\" data-col-size=\"sm\"><strong data-start=\"1233\" data-end=\"1245\">Chi ti\u1ebft<\/strong><\/th>\n<\/tr>\n<\/thead>\n<tbody data-start=\"1279\" data-end=\"1833\">\n<tr data-start=\"1279\" data-end=\"1307\">\n<td data-start=\"1279\" data-end=\"1297\" data-col-size=\"sm\"><strong data-start=\"1281\" data-end=\"1296\">Th\u01b0\u01a1ng hi\u1ec7u<\/strong><\/td>\n<td data-col-size=\"sm\" data-start=\"1297\" data-end=\"1307\">Titoni<\/td>\n<\/tr>\n<tr data-start=\"1308\" data-end=\"1346\">\n<td data-start=\"1308\" data-end=\"1322\" data-col-size=\"sm\"><strong data-start=\"1310\" data-end=\"1321\">Xu\u1ea5t x\u1ee9<\/strong><\/td>\n<td data-col-size=\"sm\" data-start=\"1322\" data-end=\"1346\">Th\u1ee5y S\u0129 (Swiss Made)<\/td>\n<\/tr>\n<tr data-start=\"1347\" data-end=\"1369\">\n<td data-start=\"1347\" data-end=\"1363\" data-col-size=\"sm\"><strong data-start=\"1349\" data-end=\"1362\">\u0110\u1ed1i t\u01b0\u1ee3ng<\/strong><\/td>\n<td data-col-size=\"sm\" data-start=\"1363\" data-end=\"1369\">N\u1eef<\/td>\n<\/tr>\n<tr data-start=\"1370\" data-end=\"1402\">\n<td data-start=\"1370\" data-end=\"1387\" data-col-size=\"sm\"><strong data-start=\"1372\" data-end=\"1386\">Ch\u1ed1ng n\u01b0\u1edbc<\/strong><\/td>\n<td data-col-size=\"sm\" data-start=\"1387\" data-end=\"1402\">50m (5 ATM)<\/td>\n<\/tr>\n<tr data-start=\"1403\" data-end=\"1437\">\n<td data-start=\"1403\" data-end=\"1421\" data-col-size=\"sm\"><strong data-start=\"1405\" data-end=\"1420\">Lo\u1ea1i m\u1eb7t s\u1ed1<\/strong><\/td>\n<td data-col-size=\"sm\" data-start=\"1421\" data-end=\"1437\">Kim (Analog)<\/td>\n<\/tr>\n<tr data-start=\"1438\" data-end=\"1483\">\n<td data-start=\"1438\" data-end=\"1453\" data-col-size=\"sm\"><strong data-start=\"1440\" data-end=\"1452\">Lo\u1ea1i m\u00e1y<\/strong><\/td>\n<td data-col-size=\"sm\" data-start=\"1453\" data-end=\"1483\">Automatic (M\u00e1y c\u01a1 t\u1ef1 \u0111\u1ed9ng)<\/td>\n<\/tr>\n<tr data-start=\"1484\" data-end=\"1526\">\n<td data-start=\"1484\" data-end=\"1498\" data-col-size=\"sm\"><strong data-start=\"1486\" data-end=\"1497\">Caliber<\/strong><\/td>\n<td data-col-size=\"sm\" data-start=\"1498\" data-end=\"1526\">ETA 2671 \/ Sellita SW100<\/td>\n<\/tr>\n<tr data-start=\"1527\" data-end=\"1587\">\n<td data-start=\"1527\" data-end=\"1548\" data-col-size=\"sm\"><strong data-start=\"1529\" data-end=\"1547\">Ch\u1ea5t li\u1ec7u k\u00ednh<\/strong><\/td>\n<td data-col-size=\"sm\" data-start=\"1548\" data-end=\"1587\">Sapphire cong k\u00e9p, ch\u1ed1ng ph\u1ea3n quang<\/td>\n<\/tr>\n<tr data-start=\"1588\" data-end=\"1633\">\n<td data-start=\"1588\" data-end=\"1611\" data-col-size=\"sm\"><strong data-start=\"1590\" data-end=\"1610\">Ch\u1ea5t li\u1ec7u v\u1ecf\/d\u00e2y<\/strong><\/td>\n<td data-col-size=\"sm\" data-start=\"1611\" data-end=\"1633\">Th\u00e9p kh\u00f4ng g\u1ec9 316L<\/td>\n<\/tr>\n<tr data-start=\"1634\" data-end=\"1670\">\n<td data-start=\"1634\" data-end=\"1648\" data-col-size=\"sm\"><strong data-start=\"1636\" data-end=\"1647\">M\u00e0u s\u1eafc<\/strong><\/td>\n<td data-col-size=\"sm\" data-start=\"1648\" data-end=\"1670\">Tr\u1eafng (White dial)<\/td>\n<\/tr>\n<tr data-start=\"1671\" data-end=\"1695\">\n<td data-start=\"1671\" data-end=\"1686\" data-col-size=\"sm\"><strong data-start=\"1673\" data-end=\"1685\">Size m\u1eb7t<\/strong><\/td>\n<td data-col-size=\"sm\" data-start=\"1686\" data-end=\"1695\">27 mm<\/td>\n<\/tr>\n<tr data-start=\"1696\" data-end=\"1719\">\n<td data-start=\"1696\" data-end=\"1709\" data-col-size=\"sm\"><strong data-start=\"1698\" data-end=\"1708\">\u0110\u1ed9 d\u00e0y<\/strong><\/td>\n<td data-col-size=\"sm\" data-start=\"1709\" data-end=\"1719\">~10 mm<\/td>\n<\/tr>\n<tr data-start=\"1720\" data-end=\"1745\">\n<td data-start=\"1720\" data-end=\"1734\" data-col-size=\"sm\"><strong data-start=\"1722\" data-end=\"1733\">Tr\u1eef c\u00f3t<\/strong><\/td>\n<td data-col-size=\"sm\" data-start=\"1734\" data-end=\"1745\">~40 gi\u1edd<\/td>\n<\/tr>\n<tr data-start=\"1746\" data-end=\"1792\">\n<td data-start=\"1746\" data-end=\"1762\" data-col-size=\"sm\"><strong data-start=\"1748\" data-end=\"1761\">T\u00ednh n\u0103ng<\/strong><\/td>\n<td data-col-size=\"sm\" data-start=\"1762\" data-end=\"1792\">Gi\u1edd, ph\u00fat, gi\u00e2y, l\u1ecbch ng\u00e0y<\/td>\n<\/tr>\n<tr data-start=\"1793\" data-end=\"1833\">\n<td data-start=\"1793\" data-end=\"1808\" data-col-size=\"sm\"><strong data-start=\"1795\" data-end=\"1807\">Thi\u1ebft k\u1ebf<\/strong><\/td>\n<td data-col-size=\"sm\" data-start=\"1808\" data-end=\"1833\">C\u1ecdc s\u1ed1 La M\u00e3, \u0111\u00ednh \u0111\u00e1<\/td>\n<\/tr>\n<\/tbody>\n<\/table>\n<p>&nbsp;<\/p>\n<\/div>\n<\/div>\n","protected":false},"excerpt":{"rendered":"<p>\ud83d\udc49 Titoni Airmaster 23909 S-063 s\u1edf h\u1eefu thi\u1ebft k\u1ebf c\u1ed5 \u0111i\u1ec3n tinh t\u1ebf c\u00f9ng k\u00ednh sapphire cong cao c\u1ea5p, mang \u0111\u1ebfn v\u1ebb \u0111\u1eb9p thanh l\u1ecbch chu\u1ea9n Th\u1ee5y S\u0129 cho ph\u00e1i \u0111\u1eb9p.<\/p>\n<p>&nbsp;<\/p>\n","protected":false},"featured_media":254,"comment_status":"open","ping_status":"closed","template":"","meta":[],"product_brand":[34],"product_cat":[23,15],"product_tag":[],"class_list":{"0":"post-253","1":"product","2":"type-product","3":"status-publish","4":"has-post-thumbnail","6":"product_brand-titoni","7":"product_cat-dong-ho-nu","8":"product_cat-uncategorized","10":"first","11":"instock","12":"sale","13":"shipping-taxable","14":"purchasable","15":"product-type-simple"},"yoast_head":"<!-- This site is optimized with the Yoast SEO plugin v27.4 - https:\/\/yoast.com\/product\/yoast-seo-wordpress\/ -->\n<title>Titoni Airmaster 23909 S-063 \u2013 N\u1eef \u2013 K\u00ednh Sapphire Cong -<\/title>\n<meta name=\"robots\" content=\"index, follow, max-snippet:-1, max-image-preview:large, max-video-preview:-1\" \/>\n<link rel=\"canonical\" href=\"https:\/\/aevum.id.vn\/?product=titoni-airmaster-23909-s-063-nu-kinh-sapphire-cong\" \/>\n<meta property=\"og:locale\" content=\"vi_VN\" \/>\n<meta property=\"og:type\" content=\"article\" \/>\n<meta property=\"og:title\" content=\"Titoni Airmaster 23909 S-063 \u2013 N\u1eef \u2013 K\u00ednh Sapphire Cong -\" \/>\n<meta property=\"og:description\" content=\"\ud83d\udc49 Titoni Airmaster 23909 S-063 s\u1edf h\u1eefu thi\u1ebft k\u1ebf c\u1ed5 \u0111i\u1ec3n tinh t\u1ebf c\u00f9ng k\u00ednh sapphire cong cao c\u1ea5p, mang \u0111\u1ebfn v\u1ebb \u0111\u1eb9p thanh l\u1ecbch chu\u1ea9n Th\u1ee5y S\u0129 cho ph\u00e1i \u0111\u1eb9p.  &nbsp;\" \/>\n<meta property=\"og:url\" content=\"https:\/\/aevum.id.vn\/?product=titoni-airmaster-23909-s-063-nu-kinh-sapphire-cong\" \/>\n<meta property=\"article:modified_time\" content=\"2026-04-18T05:39:44+00:00\" \/>\n<meta name=\"twitter:card\" content=\"summary_large_image\" \/>\n<meta name=\"twitter:label1\" content=\"\u01af\u1edbc t\u00ednh th\u1eddi gian \u0111\u1ecdc\" \/>\n\t<meta name=\"twitter:data1\" content=\"2 ph\u00fat\" \/>\n<script type=\"application\/ld+json\" class=\"yoast-schema-graph\">{\"@context\":\"https:\\\/\\\/schema.org\",\"@graph\":[{\"@type\":\"WebPage\",\"@id\":\"https:\\\/\\\/aevum.id.vn\\\/?product=titoni-airmaster-23909-s-063-nu-kinh-sapphire-cong\",\"url\":\"https:\\\/\\\/aevum.id.vn\\\/?product=titoni-airmaster-23909-s-063-nu-kinh-sapphire-cong\",\"name\":\"Titoni Airmaster 23909 S-063 \u2013 N\u1eef \u2013 K\u00ednh Sapphire Cong -\",\"isPartOf\":{\"@id\":\"https:\\\/\\\/aevum.id.vn\\\/#website\"},\"primaryImageOfPage\":{\"@id\":\"https:\\\/\\\/aevum.id.vn\\\/?product=titoni-airmaster-23909-s-063-nu-kinh-sapphire-cong#primaryimage\"},\"image\":{\"@id\":\"https:\\\/\\\/aevum.id.vn\\\/?product=titoni-airmaster-23909-s-063-nu-kinh-sapphire-cong#primaryimage\"},\"thumbnailUrl\":\"https:\\\/\\\/aevum.id.vn\\\/wp-content\\\/uploads\\\/2026\\\/04\\\/Titoni-23909-S-063.jpg.avif\",\"datePublished\":\"2026-04-18T05:34:41+00:00\",\"dateModified\":\"2026-04-18T05:39:44+00:00\",\"breadcrumb\":{\"@id\":\"https:\\\/\\\/aevum.id.vn\\\/?product=titoni-airmaster-23909-s-063-nu-kinh-sapphire-cong#breadcrumb\"},\"inLanguage\":\"vi\",\"potentialAction\":[{\"@type\":\"ReadAction\",\"target\":[\"https:\\\/\\\/aevum.id.vn\\\/?product=titoni-airmaster-23909-s-063-nu-kinh-sapphire-cong\"]}]},{\"@type\":\"ImageObject\",\"inLanguage\":\"vi\",\"@id\":\"https:\\\/\\\/aevum.id.vn\\\/?product=titoni-airmaster-23909-s-063-nu-kinh-sapphire-cong#primaryimage\",\"url\":\"https:\\\/\\\/aevum.id.vn\\\/wp-content\\\/uploads\\\/2026\\\/04\\\/Titoni-23909-S-063.jpg.avif\",\"contentUrl\":\"https:\\\/\\\/aevum.id.vn\\\/wp-content\\\/uploads\\\/2026\\\/04\\\/Titoni-23909-S-063.jpg.avif\",\"width\":1199,\"height\":1199},{\"@type\":\"BreadcrumbList\",\"@id\":\"https:\\\/\\\/aevum.id.vn\\\/?product=titoni-airmaster-23909-s-063-nu-kinh-sapphire-cong#breadcrumb\",\"itemListElement\":[{\"@type\":\"ListItem\",\"position\":1,\"name\":\"Trang ch\u1ee7\",\"item\":\"https:\\\/\\\/aevum.id.vn\\\/\"},{\"@type\":\"ListItem\",\"position\":2,\"name\":\"C\u1eeda H\u00e0ng\",\"item\":\"https:\\\/\\\/aevum.id.vn\\\/?page_id=7\"},{\"@type\":\"ListItem\",\"position\":3,\"name\":\"Titoni Airmaster 23909 S-063 \u2013 N\u1eef \u2013 K\u00ednh Sapphire Cong\"}]},{\"@type\":\"WebSite\",\"@id\":\"https:\\\/\\\/aevum.id.vn\\\/#website\",\"url\":\"https:\\\/\\\/aevum.id.vn\\\/\",\"name\":\"\",\"description\":\"\",\"potentialAction\":[{\"@type\":\"SearchAction\",\"target\":{\"@type\":\"EntryPoint\",\"urlTemplate\":\"https:\\\/\\\/aevum.id.vn\\\/?s={search_term_string}\"},\"query-input\":{\"@type\":\"PropertyValueSpecification\",\"valueRequired\":true,\"valueName\":\"search_term_string\"}}],\"inLanguage\":\"vi\"}]}<\/script>\n<!-- \/ Yoast SEO plugin. -->","yoast_head_json":{"title":"Titoni Airmaster 23909 S-063 \u2013 N\u1eef \u2013 K\u00ednh Sapphire Cong -","robots":{"index":"index","follow":"follow","max-snippet":"max-snippet:-1","max-image-preview":"max-image-preview:large","max-video-preview":"max-video-preview:-1"},"canonical":"https:\/\/aevum.id.vn\/?product=titoni-airmaster-23909-s-063-nu-kinh-sapphire-cong","og_locale":"vi_VN","og_type":"article","og_title":"Titoni Airmaster 23909 S-063 \u2013 N\u1eef \u2013 K\u00ednh Sapphire Cong -","og_description":"\ud83d\udc49 Titoni Airmaster 23909 S-063 s\u1edf h\u1eefu thi\u1ebft k\u1ebf c\u1ed5 \u0111i\u1ec3n tinh t\u1ebf c\u00f9ng k\u00ednh sapphire cong cao c\u1ea5p, mang \u0111\u1ebfn v\u1ebb \u0111\u1eb9p thanh l\u1ecbch chu\u1ea9n Th\u1ee5y S\u0129 cho ph\u00e1i \u0111\u1eb9p.  &nbsp;","og_url":"https:\/\/aevum.id.vn\/?product=titoni-airmaster-23909-s-063-nu-kinh-sapphire-cong","article_modified_time":"2026-04-18T05:39:44+00:00","twitter_card":"summary_large_image","twitter_misc":{"\u01af\u1edbc t\u00ednh th\u1eddi gian \u0111\u1ecdc":"2 ph\u00fat"},"schema":{"@context":"https:\/\/schema.org","@graph":[{"@type":"WebPage","@id":"https:\/\/aevum.id.vn\/?product=titoni-airmaster-23909-s-063-nu-kinh-sapphire-cong","url":"https:\/\/aevum.id.vn\/?product=titoni-airmaster-23909-s-063-nu-kinh-sapphire-cong","name":"Titoni Airmaster 23909 S-063 \u2013 N\u1eef \u2013 K\u00ednh Sapphire Cong -","isPartOf":{"@id":"https:\/\/aevum.id.vn\/#website"},"primaryImageOfPage":{"@id":"https:\/\/aevum.id.vn\/?product=titoni-airmaster-23909-s-063-nu-kinh-sapphire-cong#primaryimage"},"image":{"@id":"https:\/\/aevum.id.vn\/?product=titoni-airmaster-23909-s-063-nu-kinh-sapphire-cong#primaryimage"},"thumbnailUrl":"https:\/\/aevum.id.vn\/wp-content\/uploads\/2026\/04\/Titoni-23909-S-063.jpg.avif","datePublished":"2026-04-18T05:34:41+00:00","dateModified":"2026-04-18T05:39:44+00:00","breadcrumb":{"@id":"https:\/\/aevum.id.vn\/?product=titoni-airmaster-23909-s-063-nu-kinh-sapphire-cong#breadcrumb"},"inLanguage":"vi","potentialAction":[{"@type":"ReadAction","target":["https:\/\/aevum.id.vn\/?product=titoni-airmaster-23909-s-063-nu-kinh-sapphire-cong"]}]},{"@type":"ImageObject","inLanguage":"vi","@id":"https:\/\/aevum.id.vn\/?product=titoni-airmaster-23909-s-063-nu-kinh-sapphire-cong#primaryimage","url":"https:\/\/aevum.id.vn\/wp-content\/uploads\/2026\/04\/Titoni-23909-S-063.jpg.avif","contentUrl":"https:\/\/aevum.id.vn\/wp-content\/uploads\/2026\/04\/Titoni-23909-S-063.jpg.avif","width":1199,"height":1199},{"@type":"BreadcrumbList","@id":"https:\/\/aevum.id.vn\/?product=titoni-airmaster-23909-s-063-nu-kinh-sapphire-cong#breadcrumb","itemListElement":[{"@type":"ListItem","position":1,"name":"Trang ch\u1ee7","item":"https:\/\/aevum.id.vn\/"},{"@type":"ListItem","position":2,"name":"C\u1eeda H\u00e0ng","item":"https:\/\/aevum.id.vn\/?page_id=7"},{"@type":"ListItem","position":3,"name":"Titoni Airmaster 23909 S-063 \u2013 N\u1eef \u2013 K\u00ednh Sapphire Cong"}]},{"@type":"WebSite","@id":"https:\/\/aevum.id.vn\/#website","url":"https:\/\/aevum.id.vn\/","name":"","description":"","potentialAction":[{"@type":"SearchAction","target":{"@type":"EntryPoint","urlTemplate":"https:\/\/aevum.id.vn\/?s={search_term_string}"},"query-input":{"@type":"PropertyValueSpecification","valueRequired":true,"valueName":"search_term_string"}}],"inLanguage":"vi"}]}},"_links":{"self":[{"href":"https:\/\/aevum.id.vn\/index.php?rest_route=\/wp\/v2\/product\/253","targetHints":{"allow":["GET"]}}],"collection":[{"href":"https:\/\/aevum.id.vn\/index.php?rest_route=\/wp\/v2\/product"}],"about":[{"href":"https:\/\/aevum.id.vn\/index.php?rest_route=\/wp\/v2\/types\/product"}],"replies":[{"embeddable":true,"href":"https:\/\/aevum.id.vn\/index.php?rest_route=%2Fwp%2Fv2%2Fcomments&post=253"}],"wp:featuredmedia":[{"embeddable":true,"href":"https:\/\/aevum.id.vn\/index.php?rest_route=\/wp\/v2\/media\/254"}],"wp:attachment":[{"href":"https:\/\/aevum.id.vn\/index.php?rest_route=%2Fwp%2Fv2%2Fmedia&parent=253"}],"wp:term":[{"taxonomy":"product_brand","embeddable":true,"href":"https:\/\/aevum.id.vn\/index.php?rest_route=%2Fwp%2Fv2%2Fproduct_brand&post=253"},{"taxonomy":"product_cat","embeddable":true,"href":"https:\/\/aevum.id.vn\/index.php?rest_route=%2Fwp%2Fv2%2Fproduct_cat&post=253"},{"taxonomy":"product_tag","embeddable":true,"href":"https:\/\/aevum.id.vn\/index.php?rest_route=%2Fwp%2Fv2%2Fproduct_tag&post=253"}],"curies":[{"name":"wp","href":"https:\/\/api.w.org\/{rel}","templated":true}]}}