{"id":255,"date":"2026-04-18T05:45:00","date_gmt":"2026-04-18T05:45:00","guid":{"rendered":"https:\/\/aevum.id.vn\/?post_type=product&#038;p=255"},"modified":"2026-04-18T05:47:01","modified_gmt":"2026-04-18T05:47:01","slug":"seiko-prospex-speedtimer-ssc943p1","status":"publish","type":"product","link":"https:\/\/aevum.id.vn\/?product=seiko-prospex-speedtimer-ssc943p1","title":{"rendered":"Seiko Prospex Speedtimer SSC943P1"},"content":{"rendered":"<h1 class=\"product-title product_title entry-title\">Seiko Prospex Speedtimer SSC943P1<\/h1>\n<p><strong data-start=\"100\" data-end=\"137\">Seiko Prospex Speedtimer SSC943P1<\/strong> l\u00e0 m\u1eabu \u0111\u1ed3ng h\u1ed3 th\u1ec3 thao n\u1ed5i b\u1eadt trong d\u00f2ng Prospex, l\u1ea5y c\u1ea3m h\u1ee9ng t\u1eeb c\u00e1c m\u1eabu chronograph huy\u1ec1n tho\u1ea1i c\u1ee7a Seiko t\u1eeb th\u1eadp ni\u00ean 1960. Thi\u1ebft k\u1ebf mang phong c\u00e1ch \u201cracing\u201d c\u1ed5 \u0111i\u1ec3n v\u1edbi m\u1eb7t s\u1ed1 champagne k\u1ebft h\u1ee3p sub-dial \u0111en v\u00e0 v\u00f2ng bezel tachymeter m\u1ea1nh m\u1ebd.<\/p>\n<p><img loading=\"lazy\" decoding=\"async\" class=\"skip-lazy entered pmloaded lazy-load-active\" title=\"SSC943P(2)\" src=\"https:\/\/image.donghohaitrieu.com\/wp-content\/uploads\/2024\/09\/SSC943P2.jpg\" alt=\"Seiko Prospex Speedtimer SSC943P1 - \u1ea3nh 4\" width=\"600\" height=\"600\" data-caption=\"\" data-src=\"https:\/\/image.donghohaitrieu.com\/wp-content\/uploads\/2024\/09\/SSC943P2.jpg\" data-large_image=\"https:\/\/image.donghohaitrieu.com\/wp-content\/uploads\/2024\/09\/SSC943P2.jpg\" data-large_image_width=\"1199\" data-large_image_height=\"1199\" data-ll-status=\"loaded\" \/><\/p>\n<p><img loading=\"lazy\" decoding=\"async\" class=\"skip-lazy entered pmloaded lazy-load-active\" title=\"Seiko SSC943P1 (4)\" src=\"https:\/\/image.donghohaitrieu.com\/wp-content\/uploads\/2024\/09\/Seiko-SSC943P1-4.jpg\" alt=\"Seiko Prospex Speedtimer SSC943P1 - \u1ea3nh 10\" width=\"600\" height=\"600\" data-caption=\"\" data-src=\"https:\/\/image.donghohaitrieu.com\/wp-content\/uploads\/2024\/09\/Seiko-SSC943P1-4.jpg\" data-large_image=\"https:\/\/image.donghohaitrieu.com\/wp-content\/uploads\/2024\/09\/Seiko-SSC943P1-4.jpg\" data-large_image_width=\"1199\" data-large_image_height=\"1199\" data-ll-status=\"loaded\" \/><\/p>\n<p><img loading=\"lazy\" decoding=\"async\" class=\"skip-lazy entered pmloaded lazy-load-active\" title=\"Seiko SSC943P1 (5)\" src=\"https:\/\/image.donghohaitrieu.com\/wp-content\/uploads\/2024\/09\/Seiko-SSC943P1-5.jpg\" alt=\"Seiko Prospex Speedtimer SSC943P1 - \u1ea3nh 11\" width=\"600\" height=\"600\" data-caption=\"\" data-src=\"https:\/\/image.donghohaitrieu.com\/wp-content\/uploads\/2024\/09\/Seiko-SSC943P1-5.jpg\" data-large_image=\"https:\/\/image.donghohaitrieu.com\/wp-content\/uploads\/2024\/09\/Seiko-SSC943P1-5.jpg\" data-large_image_width=\"1199\" data-large_image_height=\"1199\" data-ll-status=\"loaded\" \/><\/p>\n<p>\u0110i\u1ec3m \u0111\u1eb7c bi\u1ec7t c\u1ee7a m\u1eabu n\u00e0y l\u00e0 s\u1eed d\u1ee5ng <strong data-start=\"423\" data-end=\"464\">c\u00f4ng ngh\u1ec7 Solar (n\u0103ng l\u01b0\u1ee3ng \u00e1nh s\u00e1ng)<\/strong>, gi\u00fap \u0111\u1ed3ng h\u1ed3 ho\u1ea1t \u0111\u1ed9ng li\u00ean t\u1ee5c m\u00e0 kh\u00f4ng c\u1ea7n thay pin th\u01b0\u1eddng xuy\u00ean. Khi s\u1ea1c \u0111\u1ea7y, \u0111\u1ed3ng h\u1ed3 c\u00f3 th\u1ec3 ho\u1ea1t \u0111\u1ed9ng l\u00ean \u0111\u1ebfn kho\u1ea3ng <strong data-start=\"587\" data-end=\"598\">6 th\u00e1ng.<\/strong><\/p>\n<h2 data-section-id=\"yxzfo2\" data-start=\"1211\" data-end=\"1234\">\ud83d\udccb Th\u00f4ng s\u1ed1 s\u1ea3n ph\u1ea9m<\/h2>\n<div class=\"TyagGW_tableContainer\">\n<div class=\"group TyagGW_tableWrapper flex flex-col-reverse w-fit\" tabindex=\"-1\">\n<table class=\"w-fit min-w-(--thread-content-width)\" data-start=\"1236\" data-end=\"1971\">\n<thead data-start=\"1236\" data-end=\"1268\">\n<tr data-start=\"1236\" data-end=\"1268\">\n<th class=\"\" data-start=\"1236\" data-end=\"1252\" data-col-size=\"sm\"><strong data-start=\"1238\" data-end=\"1251\">Th\u00f4ng tin<\/strong><\/th>\n<th class=\"\" data-start=\"1252\" data-end=\"1268\" data-col-size=\"md\"><strong data-start=\"1254\" data-end=\"1266\">Chi ti\u1ebft<\/strong><\/th>\n<\/tr>\n<\/thead>\n<tbody data-start=\"1300\" data-end=\"1971\">\n<tr data-start=\"1300\" data-end=\"1327\">\n<td data-start=\"1300\" data-end=\"1318\" data-col-size=\"sm\"><strong data-start=\"1302\" data-end=\"1317\">Th\u01b0\u01a1ng hi\u1ec7u<\/strong><\/td>\n<td data-col-size=\"md\" data-start=\"1318\" data-end=\"1327\">Seiko<\/td>\n<\/tr>\n<tr data-start=\"1328\" data-end=\"1354\">\n<td data-start=\"1328\" data-end=\"1342\" data-col-size=\"sm\"><strong data-start=\"1330\" data-end=\"1341\">Xu\u1ea5t x\u1ee9<\/strong><\/td>\n<td data-col-size=\"md\" data-start=\"1342\" data-end=\"1354\">Nh\u1eadt B\u1ea3n<\/td>\n<\/tr>\n<tr data-start=\"1355\" data-end=\"1397\">\n<td data-start=\"1355\" data-end=\"1375\" data-col-size=\"sm\"><strong data-start=\"1357\" data-end=\"1374\">D\u00f2ng s\u1ea3n ph\u1ea9m<\/strong><\/td>\n<td data-col-size=\"md\" data-start=\"1375\" data-end=\"1397\">Prospex Speedtimer<\/td>\n<\/tr>\n<tr data-start=\"1398\" data-end=\"1421\">\n<td data-start=\"1398\" data-end=\"1414\" data-col-size=\"sm\"><strong data-start=\"1400\" data-end=\"1413\">\u0110\u1ed1i t\u01b0\u1ee3ng<\/strong><\/td>\n<td data-col-size=\"md\" data-start=\"1414\" data-end=\"1421\">Nam<\/td>\n<\/tr>\n<tr data-start=\"1422\" data-end=\"1456\">\n<td data-start=\"1422\" data-end=\"1439\" data-col-size=\"sm\"><strong data-start=\"1424\" data-end=\"1438\">Ch\u1ed1ng n\u01b0\u1edbc<\/strong><\/td>\n<td data-col-size=\"md\" data-start=\"1439\" data-end=\"1456\">100m (10 ATM)<\/td>\n<\/tr>\n<tr data-start=\"1457\" data-end=\"1491\">\n<td data-start=\"1457\" data-end=\"1475\" data-col-size=\"sm\"><strong data-start=\"1459\" data-end=\"1474\">Lo\u1ea1i m\u1eb7t s\u1ed1<\/strong><\/td>\n<td data-col-size=\"md\" data-start=\"1475\" data-end=\"1491\">Kim (Analog)<\/td>\n<\/tr>\n<tr data-start=\"1492\" data-end=\"1545\">\n<td data-start=\"1492\" data-end=\"1507\" data-col-size=\"sm\"><strong data-start=\"1494\" data-end=\"1506\">Lo\u1ea1i m\u00e1y<\/strong><\/td>\n<td data-col-size=\"md\" data-start=\"1507\" data-end=\"1545\">Solar Quartz (N\u0103ng l\u01b0\u1ee3ng \u00e1nh s\u00e1ng)<\/td>\n<\/tr>\n<tr data-start=\"1546\" data-end=\"1574\">\n<td data-start=\"1546\" data-end=\"1560\" data-col-size=\"sm\"><strong data-start=\"1548\" data-end=\"1559\">Caliber<\/strong><\/td>\n<td data-col-size=\"md\" data-start=\"1560\" data-end=\"1574\">Seiko V192<\/td>\n<\/tr>\n<tr data-start=\"1575\" data-end=\"1612\">\n<td data-start=\"1575\" data-end=\"1594\" data-col-size=\"sm\"><strong data-start=\"1577\" data-end=\"1593\">\u0110\u1ed9 ch\u00ednh x\u00e1c<\/strong><\/td>\n<td data-col-size=\"md\" data-start=\"1594\" data-end=\"1612\">\u00b115 gi\u00e2y\/th\u00e1ng<\/td>\n<\/tr>\n<tr data-start=\"1613\" data-end=\"1657\">\n<td data-start=\"1613\" data-end=\"1634\" data-col-size=\"sm\"><strong data-start=\"1615\" data-end=\"1633\">Ch\u1ea5t li\u1ec7u k\u00ednh<\/strong><\/td>\n<td data-col-size=\"md\" data-start=\"1634\" data-end=\"1657\">Sapphire ch\u1ed1ng tr\u1ea7y<\/td>\n<\/tr>\n<tr data-start=\"1658\" data-end=\"1694\">\n<td data-start=\"1658\" data-end=\"1677\" data-col-size=\"sm\"><strong data-start=\"1660\" data-end=\"1676\">Ch\u1ea5t li\u1ec7u v\u1ecf<\/strong><\/td>\n<td data-col-size=\"md\" data-start=\"1677\" data-end=\"1694\">Th\u00e9p kh\u00f4ng g\u1ec9<\/td>\n<\/tr>\n<tr data-start=\"1695\" data-end=\"1748\">\n<td data-start=\"1695\" data-end=\"1715\" data-col-size=\"sm\"><strong data-start=\"1697\" data-end=\"1714\">Ch\u1ea5t li\u1ec7u d\u00e2y<\/strong><\/td>\n<td data-col-size=\"md\" data-start=\"1715\" data-end=\"1748\">D\u00e2y da \/ th\u00e9p (tu\u1ef3 phi\u00ean b\u1ea3n)<\/td>\n<\/tr>\n<tr data-start=\"1749\" data-end=\"1775\">\n<td data-start=\"1749\" data-end=\"1764\" data-col-size=\"sm\"><strong data-start=\"1751\" data-end=\"1763\">Size m\u1eb7t<\/strong><\/td>\n<td data-col-size=\"md\" data-start=\"1764\" data-end=\"1775\">41.4 mm<\/td>\n<\/tr>\n<tr data-start=\"1776\" data-end=\"1799\">\n<td data-start=\"1776\" data-end=\"1789\" data-col-size=\"sm\"><strong data-start=\"1778\" data-end=\"1788\">\u0110\u1ed9 d\u00e0y<\/strong><\/td>\n<td data-col-size=\"md\" data-start=\"1789\" data-end=\"1799\">~13 mm<\/td>\n<\/tr>\n<tr data-start=\"1800\" data-end=\"1833\">\n<td data-start=\"1800\" data-end=\"1821\" data-col-size=\"sm\"><strong data-start=\"1802\" data-end=\"1820\">Tr\u1eef n\u0103ng l\u01b0\u1ee3ng<\/strong><\/td>\n<td data-col-size=\"md\" data-start=\"1821\" data-end=\"1833\">~6 th\u00e1ng<\/td>\n<\/tr>\n<tr data-start=\"1834\" data-end=\"1905\">\n<td data-start=\"1834\" data-end=\"1850\" data-col-size=\"sm\"><strong data-start=\"1836\" data-end=\"1849\">T\u00ednh n\u0103ng<\/strong><\/td>\n<td data-col-size=\"md\" data-start=\"1850\" data-end=\"1905\">Chronograph 60 ph\u00fat, 24h, l\u1ecbch ng\u00e0y, b\u00e1o n\u0103ng l\u01b0\u1ee3ng<\/td>\n<\/tr>\n<tr data-start=\"1906\" data-end=\"1971\">\n<td data-start=\"1906\" data-end=\"1929\" data-col-size=\"sm\"><strong data-start=\"1908\" data-end=\"1928\">\u0110\u1eb7c \u0111i\u1ec3m n\u1ed5i b\u1eadt<\/strong><\/td>\n<td data-col-size=\"md\" data-start=\"1929\" data-end=\"1971\">Tachymeter, LumiBrite, thi\u1ebft k\u1ebf racing<\/td>\n<\/tr>\n<\/tbody>\n<\/table>\n<p>&nbsp;<\/p>\n<\/div>\n<\/div>\n","protected":false},"excerpt":{"rendered":"<p>\ud83d\udc49 Seiko SSC943P1 l\u00e0 m\u1eabu chronograph n\u0103ng l\u01b0\u1ee3ng \u00e1nh s\u00e1ng v\u1edbi thi\u1ebft k\u1ebf \u0111ua xe c\u1ed5 \u0111i\u1ec3n, m\u1ea1nh m\u1ebd v\u00e0 c\u1ef1c k\u1ef3 ti\u1ec7n d\u1ee5ng cho cu\u1ed9c s\u1ed1ng h\u1eb1ng ng\u00e0y.<\/p>\n","protected":false},"featured_media":256,"comment_status":"open","ping_status":"closed","template":"","meta":[],"product_brand":[35],"product_cat":[22,15],"product_tag":[],"class_list":{"0":"post-255","1":"product","2":"type-product","3":"status-publish","4":"has-post-thumbnail","6":"product_brand-seiko","7":"product_cat-dong-ho-nam","8":"product_cat-uncategorized","10":"first","11":"instock","12":"shipping-taxable","13":"purchasable","14":"product-type-simple"},"yoast_head":"<!-- This site is optimized with the Yoast SEO plugin v27.4 - https:\/\/yoast.com\/product\/yoast-seo-wordpress\/ -->\n<title>Seiko Prospex Speedtimer SSC943P1 -<\/title>\n<meta name=\"robots\" content=\"index, follow, max-snippet:-1, max-image-preview:large, max-video-preview:-1\" \/>\n<link rel=\"canonical\" href=\"https:\/\/aevum.id.vn\/?product=seiko-prospex-speedtimer-ssc943p1\" \/>\n<meta property=\"og:locale\" content=\"vi_VN\" \/>\n<meta property=\"og:type\" content=\"article\" \/>\n<meta property=\"og:title\" content=\"Seiko Prospex Speedtimer SSC943P1 -\" \/>\n<meta property=\"og:description\" content=\"\ud83d\udc49 Seiko SSC943P1 l\u00e0 m\u1eabu chronograph n\u0103ng l\u01b0\u1ee3ng \u00e1nh s\u00e1ng v\u1edbi thi\u1ebft k\u1ebf \u0111ua xe c\u1ed5 \u0111i\u1ec3n, m\u1ea1nh m\u1ebd v\u00e0 c\u1ef1c k\u1ef3 ti\u1ec7n d\u1ee5ng cho cu\u1ed9c s\u1ed1ng h\u1eb1ng ng\u00e0y.\" \/>\n<meta property=\"og:url\" content=\"https:\/\/aevum.id.vn\/?product=seiko-prospex-speedtimer-ssc943p1\" \/>\n<meta property=\"article:modified_time\" content=\"2026-04-18T05:47:01+00:00\" \/>\n<meta name=\"twitter:card\" content=\"summary_large_image\" \/>\n<meta name=\"twitter:label1\" content=\"\u01af\u1edbc t\u00ednh th\u1eddi gian \u0111\u1ecdc\" \/>\n\t<meta name=\"twitter:data1\" content=\"2 ph\u00fat\" \/>\n<script type=\"application\/ld+json\" class=\"yoast-schema-graph\">{\"@context\":\"https:\\\/\\\/schema.org\",\"@graph\":[{\"@type\":\"WebPage\",\"@id\":\"https:\\\/\\\/aevum.id.vn\\\/?product=seiko-prospex-speedtimer-ssc943p1\",\"url\":\"https:\\\/\\\/aevum.id.vn\\\/?product=seiko-prospex-speedtimer-ssc943p1\",\"name\":\"Seiko Prospex Speedtimer SSC943P1 -\",\"isPartOf\":{\"@id\":\"https:\\\/\\\/aevum.id.vn\\\/#website\"},\"primaryImageOfPage\":{\"@id\":\"https:\\\/\\\/aevum.id.vn\\\/?product=seiko-prospex-speedtimer-ssc943p1#primaryimage\"},\"image\":{\"@id\":\"https:\\\/\\\/aevum.id.vn\\\/?product=seiko-prospex-speedtimer-ssc943p1#primaryimage\"},\"thumbnailUrl\":\"https:\\\/\\\/aevum.id.vn\\\/wp-content\\\/uploads\\\/2026\\\/04\\\/Seiko-SSC943P1.jpg.avif\",\"datePublished\":\"2026-04-18T05:45:00+00:00\",\"dateModified\":\"2026-04-18T05:47:01+00:00\",\"breadcrumb\":{\"@id\":\"https:\\\/\\\/aevum.id.vn\\\/?product=seiko-prospex-speedtimer-ssc943p1#breadcrumb\"},\"inLanguage\":\"vi\",\"potentialAction\":[{\"@type\":\"ReadAction\",\"target\":[\"https:\\\/\\\/aevum.id.vn\\\/?product=seiko-prospex-speedtimer-ssc943p1\"]}]},{\"@type\":\"ImageObject\",\"inLanguage\":\"vi\",\"@id\":\"https:\\\/\\\/aevum.id.vn\\\/?product=seiko-prospex-speedtimer-ssc943p1#primaryimage\",\"url\":\"https:\\\/\\\/aevum.id.vn\\\/wp-content\\\/uploads\\\/2026\\\/04\\\/Seiko-SSC943P1.jpg.avif\",\"contentUrl\":\"https:\\\/\\\/aevum.id.vn\\\/wp-content\\\/uploads\\\/2026\\\/04\\\/Seiko-SSC943P1.jpg.avif\",\"width\":1199,\"height\":1199},{\"@type\":\"BreadcrumbList\",\"@id\":\"https:\\\/\\\/aevum.id.vn\\\/?product=seiko-prospex-speedtimer-ssc943p1#breadcrumb\",\"itemListElement\":[{\"@type\":\"ListItem\",\"position\":1,\"name\":\"Trang ch\u1ee7\",\"item\":\"https:\\\/\\\/aevum.id.vn\\\/\"},{\"@type\":\"ListItem\",\"position\":2,\"name\":\"C\u1eeda H\u00e0ng\",\"item\":\"https:\\\/\\\/aevum.id.vn\\\/?page_id=7\"},{\"@type\":\"ListItem\",\"position\":3,\"name\":\"Seiko Prospex Speedtimer SSC943P1\"}]},{\"@type\":\"WebSite\",\"@id\":\"https:\\\/\\\/aevum.id.vn\\\/#website\",\"url\":\"https:\\\/\\\/aevum.id.vn\\\/\",\"name\":\"\",\"description\":\"\",\"potentialAction\":[{\"@type\":\"SearchAction\",\"target\":{\"@type\":\"EntryPoint\",\"urlTemplate\":\"https:\\\/\\\/aevum.id.vn\\\/?s={search_term_string}\"},\"query-input\":{\"@type\":\"PropertyValueSpecification\",\"valueRequired\":true,\"valueName\":\"search_term_string\"}}],\"inLanguage\":\"vi\"}]}<\/script>\n<!-- \/ Yoast SEO plugin. -->","yoast_head_json":{"title":"Seiko Prospex Speedtimer SSC943P1 -","robots":{"index":"index","follow":"follow","max-snippet":"max-snippet:-1","max-image-preview":"max-image-preview:large","max-video-preview":"max-video-preview:-1"},"canonical":"https:\/\/aevum.id.vn\/?product=seiko-prospex-speedtimer-ssc943p1","og_locale":"vi_VN","og_type":"article","og_title":"Seiko Prospex Speedtimer SSC943P1 -","og_description":"\ud83d\udc49 Seiko SSC943P1 l\u00e0 m\u1eabu chronograph n\u0103ng l\u01b0\u1ee3ng \u00e1nh s\u00e1ng v\u1edbi thi\u1ebft k\u1ebf \u0111ua xe c\u1ed5 \u0111i\u1ec3n, m\u1ea1nh m\u1ebd v\u00e0 c\u1ef1c k\u1ef3 ti\u1ec7n d\u1ee5ng cho cu\u1ed9c s\u1ed1ng h\u1eb1ng ng\u00e0y.","og_url":"https:\/\/aevum.id.vn\/?product=seiko-prospex-speedtimer-ssc943p1","article_modified_time":"2026-04-18T05:47:01+00:00","twitter_card":"summary_large_image","twitter_misc":{"\u01af\u1edbc t\u00ednh th\u1eddi gian \u0111\u1ecdc":"2 ph\u00fat"},"schema":{"@context":"https:\/\/schema.org","@graph":[{"@type":"WebPage","@id":"https:\/\/aevum.id.vn\/?product=seiko-prospex-speedtimer-ssc943p1","url":"https:\/\/aevum.id.vn\/?product=seiko-prospex-speedtimer-ssc943p1","name":"Seiko Prospex Speedtimer SSC943P1 -","isPartOf":{"@id":"https:\/\/aevum.id.vn\/#website"},"primaryImageOfPage":{"@id":"https:\/\/aevum.id.vn\/?product=seiko-prospex-speedtimer-ssc943p1#primaryimage"},"image":{"@id":"https:\/\/aevum.id.vn\/?product=seiko-prospex-speedtimer-ssc943p1#primaryimage"},"thumbnailUrl":"https:\/\/aevum.id.vn\/wp-content\/uploads\/2026\/04\/Seiko-SSC943P1.jpg.avif","datePublished":"2026-04-18T05:45:00+00:00","dateModified":"2026-04-18T05:47:01+00:00","breadcrumb":{"@id":"https:\/\/aevum.id.vn\/?product=seiko-prospex-speedtimer-ssc943p1#breadcrumb"},"inLanguage":"vi","potentialAction":[{"@type":"ReadAction","target":["https:\/\/aevum.id.vn\/?product=seiko-prospex-speedtimer-ssc943p1"]}]},{"@type":"ImageObject","inLanguage":"vi","@id":"https:\/\/aevum.id.vn\/?product=seiko-prospex-speedtimer-ssc943p1#primaryimage","url":"https:\/\/aevum.id.vn\/wp-content\/uploads\/2026\/04\/Seiko-SSC943P1.jpg.avif","contentUrl":"https:\/\/aevum.id.vn\/wp-content\/uploads\/2026\/04\/Seiko-SSC943P1.jpg.avif","width":1199,"height":1199},{"@type":"BreadcrumbList","@id":"https:\/\/aevum.id.vn\/?product=seiko-prospex-speedtimer-ssc943p1#breadcrumb","itemListElement":[{"@type":"ListItem","position":1,"name":"Trang ch\u1ee7","item":"https:\/\/aevum.id.vn\/"},{"@type":"ListItem","position":2,"name":"C\u1eeda H\u00e0ng","item":"https:\/\/aevum.id.vn\/?page_id=7"},{"@type":"ListItem","position":3,"name":"Seiko Prospex Speedtimer SSC943P1"}]},{"@type":"WebSite","@id":"https:\/\/aevum.id.vn\/#website","url":"https:\/\/aevum.id.vn\/","name":"","description":"","potentialAction":[{"@type":"SearchAction","target":{"@type":"EntryPoint","urlTemplate":"https:\/\/aevum.id.vn\/?s={search_term_string}"},"query-input":{"@type":"PropertyValueSpecification","valueRequired":true,"valueName":"search_term_string"}}],"inLanguage":"vi"}]}},"_links":{"self":[{"href":"https:\/\/aevum.id.vn\/index.php?rest_route=\/wp\/v2\/product\/255","targetHints":{"allow":["GET"]}}],"collection":[{"href":"https:\/\/aevum.id.vn\/index.php?rest_route=\/wp\/v2\/product"}],"about":[{"href":"https:\/\/aevum.id.vn\/index.php?rest_route=\/wp\/v2\/types\/product"}],"replies":[{"embeddable":true,"href":"https:\/\/aevum.id.vn\/index.php?rest_route=%2Fwp%2Fv2%2Fcomments&post=255"}],"wp:featuredmedia":[{"embeddable":true,"href":"https:\/\/aevum.id.vn\/index.php?rest_route=\/wp\/v2\/media\/256"}],"wp:attachment":[{"href":"https:\/\/aevum.id.vn\/index.php?rest_route=%2Fwp%2Fv2%2Fmedia&parent=255"}],"wp:term":[{"taxonomy":"product_brand","embeddable":true,"href":"https:\/\/aevum.id.vn\/index.php?rest_route=%2Fwp%2Fv2%2Fproduct_brand&post=255"},{"taxonomy":"product_cat","embeddable":true,"href":"https:\/\/aevum.id.vn\/index.php?rest_route=%2Fwp%2Fv2%2Fproduct_cat&post=255"},{"taxonomy":"product_tag","embeddable":true,"href":"https:\/\/aevum.id.vn\/index.php?rest_route=%2Fwp%2Fv2%2Fproduct_tag&post=255"}],"curies":[{"name":"wp","href":"https:\/\/api.w.org\/{rel}","templated":true}]}}