{"id":257,"date":"2026-04-18T05:55:45","date_gmt":"2026-04-18T05:55:45","guid":{"rendered":"https:\/\/aevum.id.vn\/?post_type=product&#038;p=257"},"modified":"2026-04-18T06:13:20","modified_gmt":"2026-04-18T06:13:20","slug":"seiko-prospex-alpinist-spb121j1-nam-kinh-sapphire-automatic","status":"publish","type":"product","link":"https:\/\/aevum.id.vn\/?product=seiko-prospex-alpinist-spb121j1-nam-kinh-sapphire-automatic","title":{"rendered":"Seiko Prospex Alpinist SPB121J1 \u2013 Nam \u2013 K\u00ednh Sapphire \u2013 Automatic"},"content":{"rendered":"<h1 class=\"product-title product_title entry-title\">Seiko Prospex Alpinist SPB121J1 \u2013 Nam \u2013 K\u00ednh Sapphire \u2013 Automatic<\/h1>\n<p><strong data-start=\"98\" data-end=\"133\">Seiko Prospex Alpinist SPB121J1<\/strong> l\u00e0 m\u1ed9t trong nh\u1eefng m\u1eabu \u0111\u1ed3ng h\u1ed3 \u201chuy\u1ec1n tho\u1ea1i\u201d c\u1ee7a Seiko, thu\u1ed9c d\u00f2ng Prospex chuy\u00ean d\u1ee5ng cho ho\u1ea1t \u0111\u1ed9ng ngo\u00e0i tr\u1eddi. Thi\u1ebft k\u1ebf mang \u0111\u1eadm tinh th\u1ea7n <strong data-start=\"275\" data-end=\"299\">phi\u00eau l\u01b0u \u2013 kh\u00e1m ph\u00e1<\/strong>, l\u1ea5y c\u1ea3m h\u1ee9ng t\u1eeb nh\u1eefng nh\u00e0 leo n\u00fai (Alpinist).<\/p>\n<p><img loading=\"lazy\" decoding=\"async\" class=\"skip-lazy entered lazy-load-active pmloaded\" title=\"Seiko SPB121J1\" src=\"https:\/\/image.donghohaitrieu.com\/wp-content\/uploads\/2024\/09\/Seiko-SPB121J1.jpg\" alt=\"Seiko SPB121J1 - \u1ea3nh 9\" width=\"600\" height=\"600\" data-caption=\"\" data-src=\"https:\/\/image.donghohaitrieu.com\/wp-content\/uploads\/2024\/09\/Seiko-SPB121J1.jpg\" data-large_image=\"https:\/\/image.donghohaitrieu.com\/wp-content\/uploads\/2024\/09\/Seiko-SPB121J1.jpg\" data-large_image_width=\"1199\" data-large_image_height=\"1199\" data-ll-status=\"loaded\" \/><\/p>\n<p><img loading=\"lazy\" decoding=\"async\" class=\"skip-lazy entered lazy-load-active pmloaded\" title=\"SEIKO-SPB121J1-1\" src=\"https:\/\/image.donghohaitrieu.com\/wp-content\/uploads\/2023\/09\/SEIKO-SPB121J1-1.jpg\" alt=\"\u0110\u1ed3ng h\u1ed3 Seiko SPB121J1 - \u1ea3nh 3\" width=\"600\" height=\"600\" data-caption=\"\" data-src=\"https:\/\/image.donghohaitrieu.com\/wp-content\/uploads\/2023\/09\/SEIKO-SPB121J1-1.jpg\" data-large_image=\"https:\/\/image.donghohaitrieu.com\/wp-content\/uploads\/2023\/09\/SEIKO-SPB121J1-1.jpg\" data-large_image_width=\"1100\" data-large_image_height=\"1100\" data-ll-status=\"loaded\" \/><\/p>\n<p><img loading=\"lazy\" decoding=\"async\" class=\"skip-lazy entered lazy-load-active pmloaded\" title=\"SEIKO-SPB121J1-3\" src=\"https:\/\/image.donghohaitrieu.com\/wp-content\/uploads\/2023\/09\/SEIKO-SPB121J1-3.jpg\" alt=\"\u0110\u1ed3ng h\u1ed3 Seiko SPB121J1 - \u1ea3nh 5\" width=\"600\" height=\"600\" data-caption=\"\" data-src=\"https:\/\/image.donghohaitrieu.com\/wp-content\/uploads\/2023\/09\/SEIKO-SPB121J1-3.jpg\" data-large_image=\"https:\/\/image.donghohaitrieu.com\/wp-content\/uploads\/2023\/09\/SEIKO-SPB121J1-3.jpg\" data-large_image_width=\"1100\" data-large_image_height=\"1100\" data-ll-status=\"loaded\" \/><\/p>\n<p>\u0110i\u1ec3m n\u1ed5i b\u1eadt nh\u1ea5t l\u00e0 <strong data-start=\"369\" data-end=\"405\">m\u1eb7t s\u1ed1 xanh r\u00eau (green sunburst)<\/strong> k\u1ebft h\u1ee3p kim v\u00e0ng, t\u1ea1o hi\u1ec7u \u1ee9ng \u00e1nh s\u00e1ng c\u1ef1c k\u1ef3 cu\u1ed1n h\u00fat v\u00e0 mang t\u00ednh nh\u1eadn di\u1ec7n cao. \u0110\u1ed3ng h\u1ed3 c\u00f2n \u0111\u01b0\u1ee3c trang b\u1ecb <strong data-start=\"516\" data-end=\"553\">v\u00f2ng la b\u00e0n (compass inner bezel)<\/strong> gi\u00fap \u0111\u1ecbnh h\u01b0\u1edbng \u2013 m\u1ed9t \u0111\u1eb7c tr\u01b0ng ri\u00eang c\u1ee7a d\u00f2ng Alpinist.<\/p>\n<h2 data-section-id=\"yxzfo2\" data-start=\"1182\" data-end=\"1205\">\ud83d\udccb Th\u00f4ng s\u1ed1 s\u1ea3n ph\u1ea9m<\/h2>\n<div class=\"TyagGW_tableContainer\">\n<div class=\"group TyagGW_tableWrapper flex flex-col-reverse w-fit\" tabindex=\"-1\">\n<table class=\"w-fit min-w-(--thread-content-width)\" data-start=\"1207\" data-end=\"1941\">\n<thead data-start=\"1207\" data-end=\"1239\">\n<tr data-start=\"1207\" data-end=\"1239\">\n<th class=\"\" data-start=\"1207\" data-end=\"1223\" data-col-size=\"sm\"><strong data-start=\"1209\" data-end=\"1222\">Th\u00f4ng tin<\/strong><\/th>\n<th class=\"\" data-start=\"1223\" data-end=\"1239\" data-col-size=\"md\"><strong data-start=\"1225\" data-end=\"1237\">Chi ti\u1ebft<\/strong><\/th>\n<\/tr>\n<\/thead>\n<tbody data-start=\"1271\" data-end=\"1941\">\n<tr data-start=\"1271\" data-end=\"1298\">\n<td data-start=\"1271\" data-end=\"1289\" data-col-size=\"sm\"><strong data-start=\"1273\" data-end=\"1288\">Th\u01b0\u01a1ng hi\u1ec7u<\/strong><\/td>\n<td data-col-size=\"md\" data-start=\"1289\" data-end=\"1298\">Seiko<\/td>\n<\/tr>\n<tr data-start=\"1299\" data-end=\"1325\">\n<td data-start=\"1299\" data-end=\"1313\" data-col-size=\"sm\"><strong data-start=\"1301\" data-end=\"1312\">Xu\u1ea5t x\u1ee9<\/strong><\/td>\n<td data-col-size=\"md\" data-start=\"1313\" data-end=\"1325\">Nh\u1eadt B\u1ea3n<\/td>\n<\/tr>\n<tr data-start=\"1326\" data-end=\"1366\">\n<td data-start=\"1326\" data-end=\"1346\" data-col-size=\"sm\"><strong data-start=\"1328\" data-end=\"1345\">D\u00f2ng s\u1ea3n ph\u1ea9m<\/strong><\/td>\n<td data-col-size=\"md\" data-start=\"1346\" data-end=\"1366\">Prospex Alpinist<\/td>\n<\/tr>\n<tr data-start=\"1367\" data-end=\"1390\">\n<td data-start=\"1367\" data-end=\"1383\" data-col-size=\"sm\"><strong data-start=\"1369\" data-end=\"1382\">\u0110\u1ed1i t\u01b0\u1ee3ng<\/strong><\/td>\n<td data-col-size=\"md\" data-start=\"1383\" data-end=\"1390\">Nam<\/td>\n<\/tr>\n<tr data-start=\"1391\" data-end=\"1425\">\n<td data-start=\"1391\" data-end=\"1408\" data-col-size=\"sm\"><strong data-start=\"1393\" data-end=\"1407\">Ch\u1ed1ng n\u01b0\u1edbc<\/strong><\/td>\n<td data-col-size=\"md\" data-start=\"1408\" data-end=\"1425\">200m (20 ATM)<\/td>\n<\/tr>\n<tr data-start=\"1426\" data-end=\"1460\">\n<td data-start=\"1426\" data-end=\"1444\" data-col-size=\"sm\"><strong data-start=\"1428\" data-end=\"1443\">Lo\u1ea1i m\u1eb7t s\u1ed1<\/strong><\/td>\n<td data-col-size=\"md\" data-start=\"1444\" data-end=\"1460\">Kim (Analog)<\/td>\n<\/tr>\n<tr data-start=\"1461\" data-end=\"1506\">\n<td data-start=\"1461\" data-end=\"1476\" data-col-size=\"sm\"><strong data-start=\"1463\" data-end=\"1475\">Lo\u1ea1i m\u00e1y<\/strong><\/td>\n<td data-col-size=\"md\" data-start=\"1476\" data-end=\"1506\">Automatic (M\u00e1y c\u01a1 t\u1ef1 \u0111\u1ed9ng)<\/td>\n<\/tr>\n<tr data-start=\"1507\" data-end=\"1535\">\n<td data-start=\"1507\" data-end=\"1521\" data-col-size=\"sm\"><strong data-start=\"1509\" data-end=\"1520\">Caliber<\/strong><\/td>\n<td data-col-size=\"md\" data-start=\"1521\" data-end=\"1535\">Seiko 6R35<\/td>\n<\/tr>\n<tr data-start=\"1536\" data-end=\"1565\">\n<td data-start=\"1536\" data-end=\"1552\" data-col-size=\"sm\"><strong data-start=\"1538\" data-end=\"1551\">Ch\u00e2n k\u00ednh<\/strong><\/td>\n<td data-col-size=\"md\" data-start=\"1552\" data-end=\"1565\">24 Jewels<\/td>\n<\/tr>\n<tr data-start=\"1566\" data-end=\"1620\">\n<td data-start=\"1566\" data-end=\"1587\" data-col-size=\"sm\"><strong data-start=\"1568\" data-end=\"1586\">Ch\u1ea5t li\u1ec7u k\u00ednh<\/strong><\/td>\n<td data-col-size=\"md\" data-start=\"1587\" data-end=\"1620\">Sapphire + k\u00ednh l\u00fap (Cyclops)<\/td>\n<\/tr>\n<tr data-start=\"1621\" data-end=\"1662\">\n<td data-start=\"1621\" data-end=\"1640\" data-col-size=\"sm\"><strong data-start=\"1623\" data-end=\"1639\">Ch\u1ea5t li\u1ec7u v\u1ecf<\/strong><\/td>\n<td data-col-size=\"md\" data-start=\"1640\" data-end=\"1662\">Th\u00e9p kh\u00f4ng g\u1ec9 316L<\/td>\n<\/tr>\n<tr data-start=\"1663\" data-end=\"1693\">\n<td data-start=\"1663\" data-end=\"1683\" data-col-size=\"sm\"><strong data-start=\"1665\" data-end=\"1682\">Ch\u1ea5t li\u1ec7u d\u00e2y<\/strong><\/td>\n<td data-col-size=\"md\" data-start=\"1683\" data-end=\"1693\">D\u00e2y da<\/td>\n<\/tr>\n<tr data-start=\"1694\" data-end=\"1737\">\n<td data-start=\"1694\" data-end=\"1708\" data-col-size=\"sm\"><strong data-start=\"1696\" data-end=\"1707\">M\u00e0u s\u1eafc<\/strong><\/td>\n<td data-col-size=\"md\" data-start=\"1708\" data-end=\"1737\">Xanh r\u00eau (Green sunburst)<\/td>\n<\/tr>\n<tr data-start=\"1738\" data-end=\"1764\">\n<td data-start=\"1738\" data-end=\"1753\" data-col-size=\"sm\"><strong data-start=\"1740\" data-end=\"1752\">Size m\u1eb7t<\/strong><\/td>\n<td data-col-size=\"md\" data-start=\"1753\" data-end=\"1764\">39.5 mm<\/td>\n<\/tr>\n<tr data-start=\"1765\" data-end=\"1790\">\n<td data-start=\"1765\" data-end=\"1778\" data-col-size=\"sm\"><strong data-start=\"1767\" data-end=\"1777\">\u0110\u1ed9 d\u00e0y<\/strong><\/td>\n<td data-col-size=\"md\" data-start=\"1778\" data-end=\"1790\">~13.2 mm<\/td>\n<\/tr>\n<tr data-start=\"1791\" data-end=\"1816\">\n<td data-start=\"1791\" data-end=\"1805\" data-col-size=\"sm\"><strong data-start=\"1793\" data-end=\"1804\">Tr\u1eef c\u00f3t<\/strong><\/td>\n<td data-col-size=\"md\" data-start=\"1805\" data-end=\"1816\">~70 gi\u1edd<\/td>\n<\/tr>\n<tr data-start=\"1817\" data-end=\"1871\">\n<td data-start=\"1817\" data-end=\"1833\" data-col-size=\"sm\"><strong data-start=\"1819\" data-end=\"1832\">T\u00ednh n\u0103ng<\/strong><\/td>\n<td data-col-size=\"md\" data-start=\"1833\" data-end=\"1871\">Gi\u1edd, ph\u00fat, gi\u00e2y, l\u1ecbch ng\u00e0y, la b\u00e0n<\/td>\n<\/tr>\n<tr data-start=\"1872\" data-end=\"1941\">\n<td data-start=\"1872\" data-end=\"1895\" data-col-size=\"sm\"><strong data-start=\"1874\" data-end=\"1894\">\u0110\u1eb7c \u0111i\u1ec3m n\u1ed5i b\u1eadt<\/strong><\/td>\n<td data-col-size=\"md\" data-start=\"1895\" data-end=\"1941\">Compass bezel, LumiBrite, screw-down crown<\/td>\n<\/tr>\n<\/tbody>\n<\/table>\n<p>&nbsp;<\/p>\n<\/div>\n<\/div>\n","protected":false},"excerpt":{"rendered":"<p>\ud83d\udc49 Seiko Alpinist SPB121J1 n\u1ed5i b\u1eadt v\u1edbi m\u1eb7t xanh r\u00eau huy\u1ec1n tho\u1ea1i, b\u1ed9 m\u00e1y c\u01a1 70h v\u00e0 thi\u1ebft k\u1ebf phi\u00eau l\u01b0u m\u1ea1nh m\u1ebd, ph\u00f9 h\u1ee3p c\u1ea3 \u0111i l\u00e0m l\u1eabn kh\u00e1m ph\u00e1.<\/p>\n","protected":false},"featured_media":258,"comment_status":"open","ping_status":"closed","template":"","meta":[],"product_brand":[35],"product_cat":[22],"product_tag":[],"class_list":{"0":"post-257","1":"product","2":"type-product","3":"status-publish","4":"has-post-thumbnail","6":"product_brand-seiko","7":"product_cat-dong-ho-nam","9":"first","10":"instock","11":"shipping-taxable","12":"purchasable","13":"product-type-simple"},"yoast_head":"<!-- This site is optimized with the Yoast SEO plugin v27.4 - https:\/\/yoast.com\/product\/yoast-seo-wordpress\/ -->\n<title>Seiko Prospex Alpinist SPB121J1 \u2013 Nam \u2013 K\u00ednh Sapphire \u2013 Automatic -<\/title>\n<meta name=\"robots\" content=\"index, follow, max-snippet:-1, max-image-preview:large, max-video-preview:-1\" \/>\n<link rel=\"canonical\" href=\"https:\/\/aevum.id.vn\/?product=seiko-prospex-alpinist-spb121j1-nam-kinh-sapphire-automatic\" \/>\n<meta property=\"og:locale\" content=\"vi_VN\" \/>\n<meta property=\"og:type\" content=\"article\" \/>\n<meta property=\"og:title\" content=\"Seiko Prospex Alpinist SPB121J1 \u2013 Nam \u2013 K\u00ednh Sapphire \u2013 Automatic -\" \/>\n<meta property=\"og:description\" content=\"\ud83d\udc49 Seiko Alpinist SPB121J1 n\u1ed5i b\u1eadt v\u1edbi m\u1eb7t xanh r\u00eau huy\u1ec1n tho\u1ea1i, b\u1ed9 m\u00e1y c\u01a1 70h v\u00e0 thi\u1ebft k\u1ebf phi\u00eau l\u01b0u m\u1ea1nh m\u1ebd, ph\u00f9 h\u1ee3p c\u1ea3 \u0111i l\u00e0m l\u1eabn kh\u00e1m ph\u00e1.\" \/>\n<meta property=\"og:url\" content=\"https:\/\/aevum.id.vn\/?product=seiko-prospex-alpinist-spb121j1-nam-kinh-sapphire-automatic\" \/>\n<meta property=\"article:modified_time\" content=\"2026-04-18T06:13:20+00:00\" \/>\n<meta name=\"twitter:card\" content=\"summary_large_image\" \/>\n<meta name=\"twitter:label1\" content=\"\u01af\u1edbc t\u00ednh th\u1eddi gian \u0111\u1ecdc\" \/>\n\t<meta name=\"twitter:data1\" content=\"2 ph\u00fat\" \/>\n<script type=\"application\/ld+json\" class=\"yoast-schema-graph\">{\"@context\":\"https:\\\/\\\/schema.org\",\"@graph\":[{\"@type\":\"WebPage\",\"@id\":\"https:\\\/\\\/aevum.id.vn\\\/?product=seiko-prospex-alpinist-spb121j1-nam-kinh-sapphire-automatic\",\"url\":\"https:\\\/\\\/aevum.id.vn\\\/?product=seiko-prospex-alpinist-spb121j1-nam-kinh-sapphire-automatic\",\"name\":\"Seiko Prospex Alpinist SPB121J1 \u2013 Nam \u2013 K\u00ednh Sapphire \u2013 Automatic -\",\"isPartOf\":{\"@id\":\"https:\\\/\\\/aevum.id.vn\\\/#website\"},\"primaryImageOfPage\":{\"@id\":\"https:\\\/\\\/aevum.id.vn\\\/?product=seiko-prospex-alpinist-spb121j1-nam-kinh-sapphire-automatic#primaryimage\"},\"image\":{\"@id\":\"https:\\\/\\\/aevum.id.vn\\\/?product=seiko-prospex-alpinist-spb121j1-nam-kinh-sapphire-automatic#primaryimage\"},\"thumbnailUrl\":\"https:\\\/\\\/aevum.id.vn\\\/wp-content\\\/uploads\\\/2026\\\/04\\\/Seiko-SPB121J1-2.jpg.avif\",\"datePublished\":\"2026-04-18T05:55:45+00:00\",\"dateModified\":\"2026-04-18T06:13:20+00:00\",\"breadcrumb\":{\"@id\":\"https:\\\/\\\/aevum.id.vn\\\/?product=seiko-prospex-alpinist-spb121j1-nam-kinh-sapphire-automatic#breadcrumb\"},\"inLanguage\":\"vi\",\"potentialAction\":[{\"@type\":\"ReadAction\",\"target\":[\"https:\\\/\\\/aevum.id.vn\\\/?product=seiko-prospex-alpinist-spb121j1-nam-kinh-sapphire-automatic\"]}]},{\"@type\":\"ImageObject\",\"inLanguage\":\"vi\",\"@id\":\"https:\\\/\\\/aevum.id.vn\\\/?product=seiko-prospex-alpinist-spb121j1-nam-kinh-sapphire-automatic#primaryimage\",\"url\":\"https:\\\/\\\/aevum.id.vn\\\/wp-content\\\/uploads\\\/2026\\\/04\\\/Seiko-SPB121J1-2.jpg.avif\",\"contentUrl\":\"https:\\\/\\\/aevum.id.vn\\\/wp-content\\\/uploads\\\/2026\\\/04\\\/Seiko-SPB121J1-2.jpg.avif\",\"width\":1199,\"height\":1199},{\"@type\":\"BreadcrumbList\",\"@id\":\"https:\\\/\\\/aevum.id.vn\\\/?product=seiko-prospex-alpinist-spb121j1-nam-kinh-sapphire-automatic#breadcrumb\",\"itemListElement\":[{\"@type\":\"ListItem\",\"position\":1,\"name\":\"Trang ch\u1ee7\",\"item\":\"https:\\\/\\\/aevum.id.vn\\\/\"},{\"@type\":\"ListItem\",\"position\":2,\"name\":\"C\u1eeda H\u00e0ng\",\"item\":\"https:\\\/\\\/aevum.id.vn\\\/?page_id=7\"},{\"@type\":\"ListItem\",\"position\":3,\"name\":\"Seiko Prospex Alpinist SPB121J1 \u2013 Nam \u2013 K\u00ednh Sapphire \u2013 Automatic\"}]},{\"@type\":\"WebSite\",\"@id\":\"https:\\\/\\\/aevum.id.vn\\\/#website\",\"url\":\"https:\\\/\\\/aevum.id.vn\\\/\",\"name\":\"\",\"description\":\"\",\"potentialAction\":[{\"@type\":\"SearchAction\",\"target\":{\"@type\":\"EntryPoint\",\"urlTemplate\":\"https:\\\/\\\/aevum.id.vn\\\/?s={search_term_string}\"},\"query-input\":{\"@type\":\"PropertyValueSpecification\",\"valueRequired\":true,\"valueName\":\"search_term_string\"}}],\"inLanguage\":\"vi\"}]}<\/script>\n<!-- \/ Yoast SEO plugin. -->","yoast_head_json":{"title":"Seiko Prospex Alpinist SPB121J1 \u2013 Nam \u2013 K\u00ednh Sapphire \u2013 Automatic -","robots":{"index":"index","follow":"follow","max-snippet":"max-snippet:-1","max-image-preview":"max-image-preview:large","max-video-preview":"max-video-preview:-1"},"canonical":"https:\/\/aevum.id.vn\/?product=seiko-prospex-alpinist-spb121j1-nam-kinh-sapphire-automatic","og_locale":"vi_VN","og_type":"article","og_title":"Seiko Prospex Alpinist SPB121J1 \u2013 Nam \u2013 K\u00ednh Sapphire \u2013 Automatic -","og_description":"\ud83d\udc49 Seiko Alpinist SPB121J1 n\u1ed5i b\u1eadt v\u1edbi m\u1eb7t xanh r\u00eau huy\u1ec1n tho\u1ea1i, b\u1ed9 m\u00e1y c\u01a1 70h v\u00e0 thi\u1ebft k\u1ebf phi\u00eau l\u01b0u m\u1ea1nh m\u1ebd, ph\u00f9 h\u1ee3p c\u1ea3 \u0111i l\u00e0m l\u1eabn kh\u00e1m ph\u00e1.","og_url":"https:\/\/aevum.id.vn\/?product=seiko-prospex-alpinist-spb121j1-nam-kinh-sapphire-automatic","article_modified_time":"2026-04-18T06:13:20+00:00","twitter_card":"summary_large_image","twitter_misc":{"\u01af\u1edbc t\u00ednh th\u1eddi gian \u0111\u1ecdc":"2 ph\u00fat"},"schema":{"@context":"https:\/\/schema.org","@graph":[{"@type":"WebPage","@id":"https:\/\/aevum.id.vn\/?product=seiko-prospex-alpinist-spb121j1-nam-kinh-sapphire-automatic","url":"https:\/\/aevum.id.vn\/?product=seiko-prospex-alpinist-spb121j1-nam-kinh-sapphire-automatic","name":"Seiko Prospex Alpinist SPB121J1 \u2013 Nam \u2013 K\u00ednh Sapphire \u2013 Automatic -","isPartOf":{"@id":"https:\/\/aevum.id.vn\/#website"},"primaryImageOfPage":{"@id":"https:\/\/aevum.id.vn\/?product=seiko-prospex-alpinist-spb121j1-nam-kinh-sapphire-automatic#primaryimage"},"image":{"@id":"https:\/\/aevum.id.vn\/?product=seiko-prospex-alpinist-spb121j1-nam-kinh-sapphire-automatic#primaryimage"},"thumbnailUrl":"https:\/\/aevum.id.vn\/wp-content\/uploads\/2026\/04\/Seiko-SPB121J1-2.jpg.avif","datePublished":"2026-04-18T05:55:45+00:00","dateModified":"2026-04-18T06:13:20+00:00","breadcrumb":{"@id":"https:\/\/aevum.id.vn\/?product=seiko-prospex-alpinist-spb121j1-nam-kinh-sapphire-automatic#breadcrumb"},"inLanguage":"vi","potentialAction":[{"@type":"ReadAction","target":["https:\/\/aevum.id.vn\/?product=seiko-prospex-alpinist-spb121j1-nam-kinh-sapphire-automatic"]}]},{"@type":"ImageObject","inLanguage":"vi","@id":"https:\/\/aevum.id.vn\/?product=seiko-prospex-alpinist-spb121j1-nam-kinh-sapphire-automatic#primaryimage","url":"https:\/\/aevum.id.vn\/wp-content\/uploads\/2026\/04\/Seiko-SPB121J1-2.jpg.avif","contentUrl":"https:\/\/aevum.id.vn\/wp-content\/uploads\/2026\/04\/Seiko-SPB121J1-2.jpg.avif","width":1199,"height":1199},{"@type":"BreadcrumbList","@id":"https:\/\/aevum.id.vn\/?product=seiko-prospex-alpinist-spb121j1-nam-kinh-sapphire-automatic#breadcrumb","itemListElement":[{"@type":"ListItem","position":1,"name":"Trang ch\u1ee7","item":"https:\/\/aevum.id.vn\/"},{"@type":"ListItem","position":2,"name":"C\u1eeda H\u00e0ng","item":"https:\/\/aevum.id.vn\/?page_id=7"},{"@type":"ListItem","position":3,"name":"Seiko Prospex Alpinist SPB121J1 \u2013 Nam \u2013 K\u00ednh Sapphire \u2013 Automatic"}]},{"@type":"WebSite","@id":"https:\/\/aevum.id.vn\/#website","url":"https:\/\/aevum.id.vn\/","name":"","description":"","potentialAction":[{"@type":"SearchAction","target":{"@type":"EntryPoint","urlTemplate":"https:\/\/aevum.id.vn\/?s={search_term_string}"},"query-input":{"@type":"PropertyValueSpecification","valueRequired":true,"valueName":"search_term_string"}}],"inLanguage":"vi"}]}},"_links":{"self":[{"href":"https:\/\/aevum.id.vn\/index.php?rest_route=\/wp\/v2\/product\/257","targetHints":{"allow":["GET"]}}],"collection":[{"href":"https:\/\/aevum.id.vn\/index.php?rest_route=\/wp\/v2\/product"}],"about":[{"href":"https:\/\/aevum.id.vn\/index.php?rest_route=\/wp\/v2\/types\/product"}],"replies":[{"embeddable":true,"href":"https:\/\/aevum.id.vn\/index.php?rest_route=%2Fwp%2Fv2%2Fcomments&post=257"}],"wp:featuredmedia":[{"embeddable":true,"href":"https:\/\/aevum.id.vn\/index.php?rest_route=\/wp\/v2\/media\/258"}],"wp:attachment":[{"href":"https:\/\/aevum.id.vn\/index.php?rest_route=%2Fwp%2Fv2%2Fmedia&parent=257"}],"wp:term":[{"taxonomy":"product_brand","embeddable":true,"href":"https:\/\/aevum.id.vn\/index.php?rest_route=%2Fwp%2Fv2%2Fproduct_brand&post=257"},{"taxonomy":"product_cat","embeddable":true,"href":"https:\/\/aevum.id.vn\/index.php?rest_route=%2Fwp%2Fv2%2Fproduct_cat&post=257"},{"taxonomy":"product_tag","embeddable":true,"href":"https:\/\/aevum.id.vn\/index.php?rest_route=%2Fwp%2Fv2%2Fproduct_tag&post=257"}],"curies":[{"name":"wp","href":"https:\/\/api.w.org\/{rel}","templated":true}]}}