{"id":259,"date":"2026-04-18T06:05:53","date_gmt":"2026-04-18T06:05:53","guid":{"rendered":"https:\/\/aevum.id.vn\/?post_type=product&#038;p=259"},"modified":"2026-04-18T06:05:53","modified_gmt":"2026-04-18T06:05:53","slug":"seiko-presage-cocktail-green-srpd37j1-nam-automatic","status":"publish","type":"product","link":"https:\/\/aevum.id.vn\/?product=seiko-presage-cocktail-green-srpd37j1-nam-automatic","title":{"rendered":"Seiko Presage Cocktail Green SRPD37J1 \u2013 Nam \u2013 Automatic"},"content":{"rendered":"<p>&nbsp;<\/p>\n<p>Seiko Presage Cocktail Green SRPD37J1 \u2013 Nam \u2013 Automatic<\/p>\n<p><strong data-start=\"124\" data-end=\"150\">Seiko Presage SRPD37J1<\/strong> thu\u1ed9c d\u00f2ng <strong data-start=\"162\" data-end=\"179\">Cocktail Time<\/strong> n\u1ed5i ti\u1ebfng, l\u1ea5y c\u1ea3m h\u1ee9ng t\u1eeb ly cocktail \u201cMockingbird\u201d v\u1edbi m\u1eb7t s\u1ed1 xanh l\u00e1 (green sunburst) chuy\u1ec3n s\u1eafc c\u1ef1c k\u1ef3 cu\u1ed1n h\u00fat. \u0110\u00e2y l\u00e0 m\u1eabu \u0111\u1ed3ng h\u1ed3 mang phong c\u00e1ch dress watch thanh l\u1ecbch nh\u01b0ng v\u1eabn c\u00f3 \u0111i\u1ec3m nh\u1ea5n \u0111\u1ed9c \u0111\u00e1o.<\/p>\n<p><img loading=\"lazy\" decoding=\"async\" class=\"skip-lazy entered pmloaded lazy-load-active\" title=\"dong-ho-Seiko-Presage-Cocktail-SRPD37J1-3\" src=\"https:\/\/image.donghohaitrieu.com\/wp-content\/uploads\/2025\/11\/dong-ho-Seiko-Presage-Cocktail-SRPD37J1-3.jpg\" alt=\"\u0110\u00f4\u0300ng h\u00f4\u0300 Seiko Presage Cocktail SRPD37J1 - A\u0309nh 3\" width=\"600\" height=\"600\" data-caption=\"\" data-src=\"https:\/\/image.donghohaitrieu.com\/wp-content\/uploads\/2025\/11\/dong-ho-Seiko-Presage-Cocktail-SRPD37J1-3.jpg\" data-large_image=\"https:\/\/image.donghohaitrieu.com\/wp-content\/uploads\/2025\/11\/dong-ho-Seiko-Presage-Cocktail-SRPD37J1-3.jpg\" data-large_image_width=\"1200\" data-large_image_height=\"1200\" data-ll-status=\"loaded\" \/><\/p>\n<p><img loading=\"lazy\" decoding=\"async\" class=\"skip-lazy entered pmloaded lazy-load-active\" title=\"dong-ho-Seiko-Presage-Cocktail-SRPD37J1-4\" src=\"https:\/\/image.donghohaitrieu.com\/wp-content\/uploads\/2025\/11\/dong-ho-Seiko-Presage-Cocktail-SRPD37J1-4.jpg\" alt=\"\u0110\u00f4\u0300ng h\u00f4\u0300 Seiko Presage Cocktail SRPD37J1 - A\u0309nh 4\" width=\"600\" height=\"600\" data-caption=\"\" data-src=\"https:\/\/image.donghohaitrieu.com\/wp-content\/uploads\/2025\/11\/dong-ho-Seiko-Presage-Cocktail-SRPD37J1-4.jpg\" data-large_image=\"https:\/\/image.donghohaitrieu.com\/wp-content\/uploads\/2025\/11\/dong-ho-Seiko-Presage-Cocktail-SRPD37J1-4.jpg\" data-large_image_width=\"1200\" data-large_image_height=\"1200\" data-ll-status=\"loaded\" \/><\/p>\n<p data-start=\"388\" data-end=\"675\">M\u1eb7t s\u1ed1 \u0111\u01b0\u1ee3c ho\u00e0n thi\u1ec7n d\u1ea1ng tia sunburst, thay \u0111\u1ed5i m\u00e0u s\u1eafc t\u1eeb xanh s\u00e1ng \u0111\u1ebfn xanh \u0111\u1eadm t\u00f9y \u00e1nh s\u00e1ng, k\u1ebft h\u1ee3p kim dauphine v\u00e0 c\u1ecdc s\u1ed1 thanh m\u1ea3nh t\u1ea1o c\u1ea3m gi\u00e1c sang tr\u1ecdng. Thi\u1ebft k\u1ebf n\u00e0y gi\u00fap \u0111\u1ed3ng h\u1ed3 r\u1ea5t ph\u00f9 h\u1ee3p khi \u0111i l\u00e0m, d\u1ef1 ti\u1ec7c ho\u1eb7c g\u1eb7p g\u1ee1 quan tr\u1ecdng.<\/p>\n<p data-start=\"677\" data-end=\"868\">\u0110\u1ed3ng h\u1ed3 s\u1eed d\u1ee5ng b\u1ed9 m\u00e1y c\u01a1 t\u1ef1 \u0111\u1ed9ng <strong data-start=\"711\" data-end=\"733\">Seiko Caliber 4R35<\/strong>, h\u1ed7 tr\u1ee3 l\u00ean c\u00f3t tay v\u00e0 d\u1eebng kim gi\u00e2y, v\u1edbi th\u1eddi gian tr\u1eef c\u00f3t kho\u1ea3ng <strong data-start=\"801\" data-end=\"811\">41 gi\u1edd<\/strong> v\u00e0 23 ch\u00e2n k\u00ednh.<\/p>\n<h2 data-section-id=\"yxzfo2\" data-start=\"1239\" data-end=\"1262\">\ud83d\udccb Th\u00f4ng s\u1ed1 s\u1ea3n ph\u1ea9m<\/h2>\n<div class=\"TyagGW_tableContainer\">\n<div class=\"group TyagGW_tableWrapper flex flex-col-reverse w-fit\" tabindex=\"-1\">\n<table class=\"w-fit min-w-(--thread-content-width)\" data-start=\"1264\" data-end=\"1925\">\n<thead data-start=\"1264\" data-end=\"1296\">\n<tr data-start=\"1264\" data-end=\"1296\">\n<th class=\"\" data-start=\"1264\" data-end=\"1280\" data-col-size=\"sm\"><strong data-start=\"1266\" data-end=\"1279\">Th\u00f4ng tin<\/strong><\/th>\n<th class=\"\" data-start=\"1280\" data-end=\"1296\" data-col-size=\"sm\"><strong data-start=\"1282\" data-end=\"1294\">Chi ti\u1ebft<\/strong><\/th>\n<\/tr>\n<\/thead>\n<tbody data-start=\"1328\" data-end=\"1925\">\n<tr data-start=\"1328\" data-end=\"1355\">\n<td data-start=\"1328\" data-end=\"1346\" data-col-size=\"sm\"><strong data-start=\"1330\" data-end=\"1345\">Th\u01b0\u01a1ng hi\u1ec7u<\/strong><\/td>\n<td data-col-size=\"sm\" data-start=\"1346\" data-end=\"1355\">Seiko<\/td>\n<\/tr>\n<tr data-start=\"1356\" data-end=\"1382\">\n<td data-start=\"1356\" data-end=\"1370\" data-col-size=\"sm\"><strong data-start=\"1358\" data-end=\"1369\">Xu\u1ea5t x\u1ee9<\/strong><\/td>\n<td data-col-size=\"sm\" data-start=\"1370\" data-end=\"1382\">Nh\u1eadt B\u1ea3n<\/td>\n<\/tr>\n<tr data-start=\"1383\" data-end=\"1428\">\n<td data-start=\"1383\" data-end=\"1403\" data-col-size=\"sm\"><strong data-start=\"1385\" data-end=\"1402\">D\u00f2ng s\u1ea3n ph\u1ea9m<\/strong><\/td>\n<td data-col-size=\"sm\" data-start=\"1403\" data-end=\"1428\">Presage Cocktail Time<\/td>\n<\/tr>\n<tr data-start=\"1429\" data-end=\"1452\">\n<td data-start=\"1429\" data-end=\"1445\" data-col-size=\"sm\"><strong data-start=\"1431\" data-end=\"1444\">\u0110\u1ed1i t\u01b0\u1ee3ng<\/strong><\/td>\n<td data-col-size=\"sm\" data-start=\"1445\" data-end=\"1452\">Nam<\/td>\n<\/tr>\n<tr data-start=\"1453\" data-end=\"1485\">\n<td data-start=\"1453\" data-end=\"1470\" data-col-size=\"sm\"><strong data-start=\"1455\" data-end=\"1469\">Ch\u1ed1ng n\u01b0\u1edbc<\/strong><\/td>\n<td data-col-size=\"sm\" data-start=\"1470\" data-end=\"1485\">50m (5 ATM)<\/td>\n<\/tr>\n<tr data-start=\"1486\" data-end=\"1520\">\n<td data-start=\"1486\" data-end=\"1504\" data-col-size=\"sm\"><strong data-start=\"1488\" data-end=\"1503\">Lo\u1ea1i m\u1eb7t s\u1ed1<\/strong><\/td>\n<td data-col-size=\"sm\" data-start=\"1504\" data-end=\"1520\">Kim (Analog)<\/td>\n<\/tr>\n<tr data-start=\"1521\" data-end=\"1566\">\n<td data-start=\"1521\" data-end=\"1536\" data-col-size=\"sm\"><strong data-start=\"1523\" data-end=\"1535\">Lo\u1ea1i m\u00e1y<\/strong><\/td>\n<td data-col-size=\"sm\" data-start=\"1536\" data-end=\"1566\">Automatic (M\u00e1y c\u01a1 t\u1ef1 \u0111\u1ed9ng)<\/td>\n<\/tr>\n<tr data-start=\"1567\" data-end=\"1595\">\n<td data-start=\"1567\" data-end=\"1581\" data-col-size=\"sm\"><strong data-start=\"1569\" data-end=\"1580\">Caliber<\/strong><\/td>\n<td data-col-size=\"sm\" data-start=\"1581\" data-end=\"1595\">Seiko 4R35<\/td>\n<\/tr>\n<tr data-start=\"1596\" data-end=\"1625\">\n<td data-start=\"1596\" data-end=\"1612\" data-col-size=\"sm\"><strong data-start=\"1598\" data-end=\"1611\">Ch\u00e2n k\u00ednh<\/strong><\/td>\n<td data-col-size=\"sm\" data-start=\"1612\" data-end=\"1625\">23 Jewels<\/td>\n<\/tr>\n<tr data-start=\"1626\" data-end=\"1676\">\n<td data-start=\"1626\" data-end=\"1647\" data-col-size=\"sm\"><strong data-start=\"1628\" data-end=\"1646\">Ch\u1ea5t li\u1ec7u k\u00ednh<\/strong><\/td>\n<td data-col-size=\"sm\" data-start=\"1647\" data-end=\"1676\">Hardlex cong (box-shaped)<\/td>\n<\/tr>\n<tr data-start=\"1677\" data-end=\"1713\">\n<td data-start=\"1677\" data-end=\"1696\" data-col-size=\"sm\"><strong data-start=\"1679\" data-end=\"1695\">Ch\u1ea5t li\u1ec7u v\u1ecf<\/strong><\/td>\n<td data-col-size=\"sm\" data-start=\"1696\" data-end=\"1713\">Th\u00e9p kh\u00f4ng g\u1ec9<\/td>\n<\/tr>\n<tr data-start=\"1714\" data-end=\"1747\">\n<td data-start=\"1714\" data-end=\"1734\" data-col-size=\"sm\"><strong data-start=\"1716\" data-end=\"1733\">Ch\u1ea5t li\u1ec7u d\u00e2y<\/strong><\/td>\n<td data-col-size=\"sm\" data-start=\"1734\" data-end=\"1747\">D\u00e2y da b\u00f2<\/td>\n<\/tr>\n<tr data-start=\"1748\" data-end=\"1790\">\n<td data-start=\"1748\" data-end=\"1762\" data-col-size=\"sm\"><strong data-start=\"1750\" data-end=\"1761\">M\u00e0u s\u1eafc<\/strong><\/td>\n<td data-col-size=\"sm\" data-start=\"1762\" data-end=\"1790\">Xanh l\u00e1 (Green sunburst)<\/td>\n<\/tr>\n<tr data-start=\"1791\" data-end=\"1817\">\n<td data-start=\"1791\" data-end=\"1806\" data-col-size=\"sm\"><strong data-start=\"1793\" data-end=\"1805\">Size m\u1eb7t<\/strong><\/td>\n<td data-col-size=\"sm\" data-start=\"1806\" data-end=\"1817\">40.5 mm<\/td>\n<\/tr>\n<tr data-start=\"1818\" data-end=\"1843\">\n<td data-start=\"1818\" data-end=\"1831\" data-col-size=\"sm\"><strong data-start=\"1820\" data-end=\"1830\">\u0110\u1ed9 d\u00e0y<\/strong><\/td>\n<td data-col-size=\"sm\" data-start=\"1831\" data-end=\"1843\">~11.8 mm<\/td>\n<\/tr>\n<tr data-start=\"1844\" data-end=\"1869\">\n<td data-start=\"1844\" data-end=\"1858\" data-col-size=\"sm\"><strong data-start=\"1846\" data-end=\"1857\">Tr\u1eef c\u00f3t<\/strong><\/td>\n<td data-col-size=\"sm\" data-start=\"1858\" data-end=\"1869\">~41 gi\u1edd<\/td>\n<\/tr>\n<tr data-start=\"1870\" data-end=\"1925\">\n<td data-start=\"1870\" data-end=\"1886\" data-col-size=\"sm\"><strong data-start=\"1872\" data-end=\"1885\">T\u00ednh n\u0103ng<\/strong><\/td>\n<td data-col-size=\"sm\" data-start=\"1886\" data-end=\"1925\">Gi\u1edd, ph\u00fat, gi\u00e2y, l\u1ecbch ng\u00e0y, hacking<\/td>\n<\/tr>\n<\/tbody>\n<\/table>\n<p>&nbsp;<\/p>\n<\/div>\n<\/div>\n","protected":false},"excerpt":{"rendered":"<p>\ud83d\udc49 Seiko SRPD37J1 n\u1ed5i b\u1eadt v\u1edbi m\u1eb7t xanh cocktail chuy\u1ec3n s\u1eafc \u0111\u1ed9c \u0111\u00e1o, thi\u1ebft k\u1ebf thanh l\u1ecbch v\u00e0 b\u1ed9 m\u00e1y c\u01a1 b\u1ec1n b\u1ec9 \u2013 ho\u00e0n h\u1ea3o cho phong c\u00e1ch qu\u00fd \u00f4ng hi\u1ec7n \u0111\u1ea1i.<\/p>\n<p>&nbsp;<\/p>\n","protected":false},"featured_media":261,"comment_status":"open","ping_status":"closed","template":"","meta":[],"product_brand":[35],"product_cat":[22,15],"product_tag":[],"class_list":{"0":"post-259","1":"product","2":"type-product","3":"status-publish","4":"has-post-thumbnail","6":"product_brand-seiko","7":"product_cat-dong-ho-nam","8":"product_cat-uncategorized","10":"first","11":"instock","12":"shipping-taxable","13":"purchasable","14":"product-type-simple"},"yoast_head":"<!-- This site is optimized with the Yoast SEO plugin v27.4 - https:\/\/yoast.com\/product\/yoast-seo-wordpress\/ -->\n<title>Seiko Presage Cocktail Green SRPD37J1 \u2013 Nam \u2013 Automatic -<\/title>\n<meta name=\"robots\" content=\"index, follow, max-snippet:-1, max-image-preview:large, max-video-preview:-1\" \/>\n<link rel=\"canonical\" href=\"https:\/\/aevum.id.vn\/?product=seiko-presage-cocktail-green-srpd37j1-nam-automatic\" \/>\n<meta property=\"og:locale\" content=\"vi_VN\" \/>\n<meta property=\"og:type\" content=\"article\" \/>\n<meta property=\"og:title\" content=\"Seiko Presage Cocktail Green SRPD37J1 \u2013 Nam \u2013 Automatic -\" \/>\n<meta property=\"og:description\" content=\"\ud83d\udc49 Seiko SRPD37J1 n\u1ed5i b\u1eadt v\u1edbi m\u1eb7t xanh cocktail chuy\u1ec3n s\u1eafc \u0111\u1ed9c \u0111\u00e1o, thi\u1ebft k\u1ebf thanh l\u1ecbch v\u00e0 b\u1ed9 m\u00e1y c\u01a1 b\u1ec1n b\u1ec9 \u2013 ho\u00e0n h\u1ea3o cho phong c\u00e1ch qu\u00fd \u00f4ng hi\u1ec7n \u0111\u1ea1i.  &nbsp;\" \/>\n<meta property=\"og:url\" content=\"https:\/\/aevum.id.vn\/?product=seiko-presage-cocktail-green-srpd37j1-nam-automatic\" \/>\n<meta name=\"twitter:card\" content=\"summary_large_image\" \/>\n<meta name=\"twitter:label1\" content=\"\u01af\u1edbc t\u00ednh th\u1eddi gian \u0111\u1ecdc\" \/>\n\t<meta name=\"twitter:data1\" content=\"2 ph\u00fat\" \/>\n<script type=\"application\/ld+json\" class=\"yoast-schema-graph\">{\"@context\":\"https:\\\/\\\/schema.org\",\"@graph\":[{\"@type\":\"WebPage\",\"@id\":\"https:\\\/\\\/aevum.id.vn\\\/?product=seiko-presage-cocktail-green-srpd37j1-nam-automatic\",\"url\":\"https:\\\/\\\/aevum.id.vn\\\/?product=seiko-presage-cocktail-green-srpd37j1-nam-automatic\",\"name\":\"Seiko Presage Cocktail Green SRPD37J1 \u2013 Nam \u2013 Automatic -\",\"isPartOf\":{\"@id\":\"https:\\\/\\\/aevum.id.vn\\\/#website\"},\"primaryImageOfPage\":{\"@id\":\"https:\\\/\\\/aevum.id.vn\\\/?product=seiko-presage-cocktail-green-srpd37j1-nam-automatic#primaryimage\"},\"image\":{\"@id\":\"https:\\\/\\\/aevum.id.vn\\\/?product=seiko-presage-cocktail-green-srpd37j1-nam-automatic#primaryimage\"},\"thumbnailUrl\":\"https:\\\/\\\/aevum.id.vn\\\/wp-content\\\/uploads\\\/2026\\\/04\\\/55_SRPD37J1.jpg.avif\",\"datePublished\":\"2026-04-18T06:05:53+00:00\",\"breadcrumb\":{\"@id\":\"https:\\\/\\\/aevum.id.vn\\\/?product=seiko-presage-cocktail-green-srpd37j1-nam-automatic#breadcrumb\"},\"inLanguage\":\"vi\",\"potentialAction\":[{\"@type\":\"ReadAction\",\"target\":[\"https:\\\/\\\/aevum.id.vn\\\/?product=seiko-presage-cocktail-green-srpd37j1-nam-automatic\"]}]},{\"@type\":\"ImageObject\",\"inLanguage\":\"vi\",\"@id\":\"https:\\\/\\\/aevum.id.vn\\\/?product=seiko-presage-cocktail-green-srpd37j1-nam-automatic#primaryimage\",\"url\":\"https:\\\/\\\/aevum.id.vn\\\/wp-content\\\/uploads\\\/2026\\\/04\\\/55_SRPD37J1.jpg.avif\",\"contentUrl\":\"https:\\\/\\\/aevum.id.vn\\\/wp-content\\\/uploads\\\/2026\\\/04\\\/55_SRPD37J1.jpg.avif\",\"width\":900,\"height\":900},{\"@type\":\"BreadcrumbList\",\"@id\":\"https:\\\/\\\/aevum.id.vn\\\/?product=seiko-presage-cocktail-green-srpd37j1-nam-automatic#breadcrumb\",\"itemListElement\":[{\"@type\":\"ListItem\",\"position\":1,\"name\":\"Trang ch\u1ee7\",\"item\":\"https:\\\/\\\/aevum.id.vn\\\/\"},{\"@type\":\"ListItem\",\"position\":2,\"name\":\"C\u1eeda H\u00e0ng\",\"item\":\"https:\\\/\\\/aevum.id.vn\\\/?page_id=7\"},{\"@type\":\"ListItem\",\"position\":3,\"name\":\"Seiko Presage Cocktail Green SRPD37J1 \u2013 Nam \u2013 Automatic\"}]},{\"@type\":\"WebSite\",\"@id\":\"https:\\\/\\\/aevum.id.vn\\\/#website\",\"url\":\"https:\\\/\\\/aevum.id.vn\\\/\",\"name\":\"\",\"description\":\"\",\"potentialAction\":[{\"@type\":\"SearchAction\",\"target\":{\"@type\":\"EntryPoint\",\"urlTemplate\":\"https:\\\/\\\/aevum.id.vn\\\/?s={search_term_string}\"},\"query-input\":{\"@type\":\"PropertyValueSpecification\",\"valueRequired\":true,\"valueName\":\"search_term_string\"}}],\"inLanguage\":\"vi\"}]}<\/script>\n<!-- \/ Yoast SEO plugin. -->","yoast_head_json":{"title":"Seiko Presage Cocktail Green SRPD37J1 \u2013 Nam \u2013 Automatic -","robots":{"index":"index","follow":"follow","max-snippet":"max-snippet:-1","max-image-preview":"max-image-preview:large","max-video-preview":"max-video-preview:-1"},"canonical":"https:\/\/aevum.id.vn\/?product=seiko-presage-cocktail-green-srpd37j1-nam-automatic","og_locale":"vi_VN","og_type":"article","og_title":"Seiko Presage Cocktail Green SRPD37J1 \u2013 Nam \u2013 Automatic -","og_description":"\ud83d\udc49 Seiko SRPD37J1 n\u1ed5i b\u1eadt v\u1edbi m\u1eb7t xanh cocktail chuy\u1ec3n s\u1eafc \u0111\u1ed9c \u0111\u00e1o, thi\u1ebft k\u1ebf thanh l\u1ecbch v\u00e0 b\u1ed9 m\u00e1y c\u01a1 b\u1ec1n b\u1ec9 \u2013 ho\u00e0n h\u1ea3o cho phong c\u00e1ch qu\u00fd \u00f4ng hi\u1ec7n \u0111\u1ea1i.  &nbsp;","og_url":"https:\/\/aevum.id.vn\/?product=seiko-presage-cocktail-green-srpd37j1-nam-automatic","twitter_card":"summary_large_image","twitter_misc":{"\u01af\u1edbc t\u00ednh th\u1eddi gian \u0111\u1ecdc":"2 ph\u00fat"},"schema":{"@context":"https:\/\/schema.org","@graph":[{"@type":"WebPage","@id":"https:\/\/aevum.id.vn\/?product=seiko-presage-cocktail-green-srpd37j1-nam-automatic","url":"https:\/\/aevum.id.vn\/?product=seiko-presage-cocktail-green-srpd37j1-nam-automatic","name":"Seiko Presage Cocktail Green SRPD37J1 \u2013 Nam \u2013 Automatic -","isPartOf":{"@id":"https:\/\/aevum.id.vn\/#website"},"primaryImageOfPage":{"@id":"https:\/\/aevum.id.vn\/?product=seiko-presage-cocktail-green-srpd37j1-nam-automatic#primaryimage"},"image":{"@id":"https:\/\/aevum.id.vn\/?product=seiko-presage-cocktail-green-srpd37j1-nam-automatic#primaryimage"},"thumbnailUrl":"https:\/\/aevum.id.vn\/wp-content\/uploads\/2026\/04\/55_SRPD37J1.jpg.avif","datePublished":"2026-04-18T06:05:53+00:00","breadcrumb":{"@id":"https:\/\/aevum.id.vn\/?product=seiko-presage-cocktail-green-srpd37j1-nam-automatic#breadcrumb"},"inLanguage":"vi","potentialAction":[{"@type":"ReadAction","target":["https:\/\/aevum.id.vn\/?product=seiko-presage-cocktail-green-srpd37j1-nam-automatic"]}]},{"@type":"ImageObject","inLanguage":"vi","@id":"https:\/\/aevum.id.vn\/?product=seiko-presage-cocktail-green-srpd37j1-nam-automatic#primaryimage","url":"https:\/\/aevum.id.vn\/wp-content\/uploads\/2026\/04\/55_SRPD37J1.jpg.avif","contentUrl":"https:\/\/aevum.id.vn\/wp-content\/uploads\/2026\/04\/55_SRPD37J1.jpg.avif","width":900,"height":900},{"@type":"BreadcrumbList","@id":"https:\/\/aevum.id.vn\/?product=seiko-presage-cocktail-green-srpd37j1-nam-automatic#breadcrumb","itemListElement":[{"@type":"ListItem","position":1,"name":"Trang ch\u1ee7","item":"https:\/\/aevum.id.vn\/"},{"@type":"ListItem","position":2,"name":"C\u1eeda H\u00e0ng","item":"https:\/\/aevum.id.vn\/?page_id=7"},{"@type":"ListItem","position":3,"name":"Seiko Presage Cocktail Green SRPD37J1 \u2013 Nam \u2013 Automatic"}]},{"@type":"WebSite","@id":"https:\/\/aevum.id.vn\/#website","url":"https:\/\/aevum.id.vn\/","name":"","description":"","potentialAction":[{"@type":"SearchAction","target":{"@type":"EntryPoint","urlTemplate":"https:\/\/aevum.id.vn\/?s={search_term_string}"},"query-input":{"@type":"PropertyValueSpecification","valueRequired":true,"valueName":"search_term_string"}}],"inLanguage":"vi"}]}},"_links":{"self":[{"href":"https:\/\/aevum.id.vn\/index.php?rest_route=\/wp\/v2\/product\/259","targetHints":{"allow":["GET"]}}],"collection":[{"href":"https:\/\/aevum.id.vn\/index.php?rest_route=\/wp\/v2\/product"}],"about":[{"href":"https:\/\/aevum.id.vn\/index.php?rest_route=\/wp\/v2\/types\/product"}],"replies":[{"embeddable":true,"href":"https:\/\/aevum.id.vn\/index.php?rest_route=%2Fwp%2Fv2%2Fcomments&post=259"}],"wp:featuredmedia":[{"embeddable":true,"href":"https:\/\/aevum.id.vn\/index.php?rest_route=\/wp\/v2\/media\/261"}],"wp:attachment":[{"href":"https:\/\/aevum.id.vn\/index.php?rest_route=%2Fwp%2Fv2%2Fmedia&parent=259"}],"wp:term":[{"taxonomy":"product_brand","embeddable":true,"href":"https:\/\/aevum.id.vn\/index.php?rest_route=%2Fwp%2Fv2%2Fproduct_brand&post=259"},{"taxonomy":"product_cat","embeddable":true,"href":"https:\/\/aevum.id.vn\/index.php?rest_route=%2Fwp%2Fv2%2Fproduct_cat&post=259"},{"taxonomy":"product_tag","embeddable":true,"href":"https:\/\/aevum.id.vn\/index.php?rest_route=%2Fwp%2Fv2%2Fproduct_tag&post=259"}],"curies":[{"name":"wp","href":"https:\/\/api.w.org\/{rel}","templated":true}]}}