{"id":262,"date":"2026-04-18T06:11:18","date_gmt":"2026-04-18T06:11:18","guid":{"rendered":"https:\/\/aevum.id.vn\/?post_type=product&#038;p=262"},"modified":"2026-04-18T06:11:18","modified_gmt":"2026-04-18T06:11:18","slug":"seiko-presage-cocktail-blue-moon-ssa405j1-nam","status":"publish","type":"product","link":"https:\/\/aevum.id.vn\/?product=seiko-presage-cocktail-blue-moon-ssa405j1-nam","title":{"rendered":"Seiko Presage Cocktail Blue Moon SSA405J1 \u2013 Nam"},"content":{"rendered":"<h1 class=\"product-title product_title entry-title\">Seiko Presage Cocktail Blue Moon SSA405J1 \u2013 Nam<\/h1>\n<p><strong data-start=\"76\" data-end=\"102\">Seiko Presage SSA405J1<\/strong> thu\u1ed9c d\u00f2ng <strong data-start=\"114\" data-end=\"131\">Cocktail Time<\/strong>, l\u1ea5y c\u1ea3m h\u1ee9ng t\u1eeb ly cocktail \u201cBlue Moon\u201d v\u1edbi m\u1eb7t s\u1ed1 xanh d\u01b0\u01a1ng chuy\u1ec3n s\u1eafc \u0111\u1ea7y cu\u1ed1n h\u00fat. Thi\u1ebft k\u1ebf mang phong c\u00e1ch dress watch thanh l\u1ecbch, k\u1ebft h\u1ee3p chi ti\u1ebft <strong data-start=\"286\" data-end=\"309\">Open Heart (l\u1ed9 tim)<\/strong> gi\u00fap ng\u01b0\u1eddi \u0111eo quan s\u00e1t chuy\u1ec3n \u0111\u1ed9ng c\u01a1 h\u1ecdc b\u00ean trong.<\/p>\n<p><img loading=\"lazy\" decoding=\"async\" class=\"skip-lazy entered pmloaded lazy-load-active\" title=\"SEIKO-SSA405J1-6\" src=\"https:\/\/image.donghohaitrieu.com\/wp-content\/uploads\/2023\/09\/SEIKO-SSA405J1-6.jpg\" alt=\"\" width=\"600\" height=\"600\" data-caption=\"\" data-src=\"https:\/\/image.donghohaitrieu.com\/wp-content\/uploads\/2023\/09\/SEIKO-SSA405J1-6.jpg\" data-large_image=\"https:\/\/image.donghohaitrieu.com\/wp-content\/uploads\/2023\/09\/SEIKO-SSA405J1-6.jpg\" data-large_image_width=\"1100\" data-large_image_height=\"1100\" data-ll-status=\"loaded\" \/><\/p>\n<p><img loading=\"lazy\" decoding=\"async\" class=\"skip-lazy entered lazy-load-active pmloaded\" title=\"SEIKO-SSA405J1-7\" src=\"https:\/\/image.donghohaitrieu.com\/wp-content\/uploads\/2023\/09\/SEIKO-SSA405J1-7.jpg\" alt=\"\" width=\"600\" height=\"600\" data-caption=\"\" data-src=\"https:\/\/image.donghohaitrieu.com\/wp-content\/uploads\/2023\/09\/SEIKO-SSA405J1-7.jpg\" data-large_image=\"https:\/\/image.donghohaitrieu.com\/wp-content\/uploads\/2023\/09\/SEIKO-SSA405J1-7.jpg\" data-large_image_width=\"1100\" data-large_image_height=\"1100\" data-ll-status=\"loaded\" \/><\/p>\n<h2 data-section-id=\"yxzfo2\" data-start=\"1063\" data-end=\"1086\">\ud83d\udccb Th\u00f4ng s\u1ed1 s\u1ea3n ph\u1ea9m<\/h2>\n<div class=\"TyagGW_tableContainer\">\n<div class=\"group TyagGW_tableWrapper flex flex-col-reverse w-fit\" tabindex=\"-1\">\n<table class=\"w-fit min-w-(--thread-content-width)\" data-start=\"1088\" data-end=\"1791\">\n<thead data-start=\"1088\" data-end=\"1120\">\n<tr data-start=\"1088\" data-end=\"1120\">\n<th class=\"\" data-start=\"1088\" data-end=\"1104\" data-col-size=\"sm\"><strong data-start=\"1090\" data-end=\"1103\">Th\u00f4ng tin<\/strong><\/th>\n<th class=\"\" data-start=\"1104\" data-end=\"1120\" data-col-size=\"sm\"><strong data-start=\"1106\" data-end=\"1118\">Chi ti\u1ebft<\/strong><\/th>\n<\/tr>\n<\/thead>\n<tbody data-start=\"1152\" data-end=\"1791\">\n<tr data-start=\"1152\" data-end=\"1179\">\n<td data-start=\"1152\" data-end=\"1170\" data-col-size=\"sm\"><strong data-start=\"1154\" data-end=\"1169\">Th\u01b0\u01a1ng hi\u1ec7u<\/strong><\/td>\n<td data-col-size=\"sm\" data-start=\"1170\" data-end=\"1179\">Seiko<\/td>\n<\/tr>\n<tr data-start=\"1180\" data-end=\"1206\">\n<td data-start=\"1180\" data-end=\"1194\" data-col-size=\"sm\"><strong data-start=\"1182\" data-end=\"1193\">Xu\u1ea5t x\u1ee9<\/strong><\/td>\n<td data-col-size=\"sm\" data-start=\"1194\" data-end=\"1206\">Nh\u1eadt B\u1ea3n<\/td>\n<\/tr>\n<tr data-start=\"1207\" data-end=\"1252\">\n<td data-start=\"1207\" data-end=\"1227\" data-col-size=\"sm\"><strong data-start=\"1209\" data-end=\"1226\">D\u00f2ng s\u1ea3n ph\u1ea9m<\/strong><\/td>\n<td data-col-size=\"sm\" data-start=\"1227\" data-end=\"1252\">Presage Cocktail Time<\/td>\n<\/tr>\n<tr data-start=\"1253\" data-end=\"1276\">\n<td data-start=\"1253\" data-end=\"1269\" data-col-size=\"sm\"><strong data-start=\"1255\" data-end=\"1268\">\u0110\u1ed1i t\u01b0\u1ee3ng<\/strong><\/td>\n<td data-col-size=\"sm\" data-start=\"1269\" data-end=\"1276\">Nam<\/td>\n<\/tr>\n<tr data-start=\"1277\" data-end=\"1309\">\n<td data-start=\"1277\" data-end=\"1294\" data-col-size=\"sm\"><strong data-start=\"1279\" data-end=\"1293\">Ch\u1ed1ng n\u01b0\u1edbc<\/strong><\/td>\n<td data-col-size=\"sm\" data-start=\"1294\" data-end=\"1309\">50m (5 ATM)<\/td>\n<\/tr>\n<tr data-start=\"1310\" data-end=\"1344\">\n<td data-start=\"1310\" data-end=\"1328\" data-col-size=\"sm\"><strong data-start=\"1312\" data-end=\"1327\">Lo\u1ea1i m\u1eb7t s\u1ed1<\/strong><\/td>\n<td data-col-size=\"sm\" data-start=\"1328\" data-end=\"1344\">Kim (Analog)<\/td>\n<\/tr>\n<tr data-start=\"1345\" data-end=\"1390\">\n<td data-start=\"1345\" data-end=\"1360\" data-col-size=\"sm\"><strong data-start=\"1347\" data-end=\"1359\">Lo\u1ea1i m\u00e1y<\/strong><\/td>\n<td data-col-size=\"sm\" data-start=\"1360\" data-end=\"1390\">Automatic (M\u00e1y c\u01a1 t\u1ef1 \u0111\u1ed9ng)<\/td>\n<\/tr>\n<tr data-start=\"1391\" data-end=\"1419\">\n<td data-start=\"1391\" data-end=\"1405\" data-col-size=\"sm\"><strong data-start=\"1393\" data-end=\"1404\">Caliber<\/strong><\/td>\n<td data-col-size=\"sm\" data-start=\"1405\" data-end=\"1419\">Seiko 4R38<\/td>\n<\/tr>\n<tr data-start=\"1420\" data-end=\"1449\">\n<td data-start=\"1420\" data-end=\"1436\" data-col-size=\"sm\"><strong data-start=\"1422\" data-end=\"1435\">Ch\u00e2n k\u00ednh<\/strong><\/td>\n<td data-col-size=\"sm\" data-start=\"1436\" data-end=\"1449\">24 Jewels<\/td>\n<\/tr>\n<tr data-start=\"1450\" data-end=\"1500\">\n<td data-start=\"1450\" data-end=\"1471\" data-col-size=\"sm\"><strong data-start=\"1452\" data-end=\"1470\">Ch\u1ea5t li\u1ec7u k\u00ednh<\/strong><\/td>\n<td data-col-size=\"sm\" data-start=\"1471\" data-end=\"1500\">Hardlex cong (box-shaped)<\/td>\n<\/tr>\n<tr data-start=\"1501\" data-end=\"1537\">\n<td data-start=\"1501\" data-end=\"1520\" data-col-size=\"sm\"><strong data-start=\"1503\" data-end=\"1519\">Ch\u1ea5t li\u1ec7u v\u1ecf<\/strong><\/td>\n<td data-col-size=\"sm\" data-start=\"1520\" data-end=\"1537\">Th\u00e9p kh\u00f4ng g\u1ec9<\/td>\n<\/tr>\n<tr data-start=\"1538\" data-end=\"1568\">\n<td data-start=\"1538\" data-end=\"1558\" data-col-size=\"sm\"><strong data-start=\"1540\" data-end=\"1557\">Ch\u1ea5t li\u1ec7u d\u00e2y<\/strong><\/td>\n<td data-start=\"1558\" data-end=\"1568\" data-col-size=\"sm\">D\u00e2y da<\/td>\n<\/tr>\n<tr data-start=\"1569\" data-end=\"1609\">\n<td data-start=\"1569\" data-end=\"1583\" data-col-size=\"sm\"><strong data-start=\"1571\" data-end=\"1582\">M\u00e0u s\u1eafc<\/strong><\/td>\n<td data-start=\"1583\" data-end=\"1609\" data-col-size=\"sm\">Xanh d\u01b0\u01a1ng (Blue Moon)<\/td>\n<\/tr>\n<tr data-start=\"1610\" data-end=\"1636\">\n<td data-start=\"1610\" data-end=\"1625\" data-col-size=\"sm\"><strong data-start=\"1612\" data-end=\"1624\">Size m\u1eb7t<\/strong><\/td>\n<td data-start=\"1625\" data-end=\"1636\" data-col-size=\"sm\">40.5 mm<\/td>\n<\/tr>\n<tr data-start=\"1637\" data-end=\"1662\">\n<td data-start=\"1637\" data-end=\"1650\" data-col-size=\"sm\"><strong data-start=\"1639\" data-end=\"1649\">\u0110\u1ed9 d\u00e0y<\/strong><\/td>\n<td data-start=\"1650\" data-end=\"1662\" data-col-size=\"sm\">~11.8 mm<\/td>\n<\/tr>\n<tr data-start=\"1663\" data-end=\"1688\">\n<td data-start=\"1663\" data-end=\"1677\" data-col-size=\"sm\"><strong data-start=\"1665\" data-end=\"1676\">Tr\u1eef c\u00f3t<\/strong><\/td>\n<td data-start=\"1677\" data-end=\"1688\" data-col-size=\"sm\">~41 gi\u1edd<\/td>\n<\/tr>\n<tr data-start=\"1689\" data-end=\"1736\">\n<td data-start=\"1689\" data-end=\"1705\" data-col-size=\"sm\"><strong data-start=\"1691\" data-end=\"1704\">T\u00ednh n\u0103ng<\/strong><\/td>\n<td data-start=\"1705\" data-end=\"1736\" data-col-size=\"sm\">Gi\u1edd, ph\u00fat, gi\u00e2y, Open Heart<\/td>\n<\/tr>\n<tr data-start=\"1737\" data-end=\"1791\">\n<td data-start=\"1737\" data-end=\"1760\" data-col-size=\"sm\"><strong data-start=\"1739\" data-end=\"1759\">\u0110\u1eb7c \u0111i\u1ec3m n\u1ed5i b\u1eadt<\/strong><\/td>\n<td data-start=\"1760\" data-end=\"1791\" data-col-size=\"sm\">L\u1ed9 tim, m\u1eb7t xanh chuy\u1ec3n s\u1eafc<\/td>\n<\/tr>\n<\/tbody>\n<\/table>\n<p>&nbsp;<\/p>\n<\/div>\n<\/div>\n","protected":false},"excerpt":{"rendered":"<p>\ud83d\udc49 Seiko SSA405J1 g\u00e2y \u1ea5n t\u01b0\u1ee3ng v\u1edbi thi\u1ebft k\u1ebf Blue Moon l\u1ed9 tim \u0111\u1ed9c \u0111\u00e1o, mang \u0111\u1ebfn v\u1ebb \u0111\u1eb9p sang tr\u1ecdng v\u00e0 \u0111\u1eadm ch\u1ea5t c\u01a1 kh\u00ed cho qu\u00fd \u00f4ng.<\/p>\n","protected":false},"featured_media":263,"comment_status":"open","ping_status":"closed","template":"","meta":[],"product_brand":[35],"product_cat":[22,15],"product_tag":[],"class_list":{"0":"post-262","1":"product","2":"type-product","3":"status-publish","4":"has-post-thumbnail","6":"product_brand-seiko","7":"product_cat-dong-ho-nam","8":"product_cat-uncategorized","10":"first","11":"instock","12":"shipping-taxable","13":"purchasable","14":"product-type-simple"},"yoast_head":"<!-- This site is optimized with the Yoast SEO plugin v27.4 - https:\/\/yoast.com\/product\/yoast-seo-wordpress\/ -->\n<title>Seiko Presage Cocktail Blue Moon SSA405J1 \u2013 Nam -<\/title>\n<meta name=\"robots\" content=\"index, follow, max-snippet:-1, max-image-preview:large, max-video-preview:-1\" \/>\n<link rel=\"canonical\" href=\"https:\/\/aevum.id.vn\/?product=seiko-presage-cocktail-blue-moon-ssa405j1-nam\" \/>\n<meta property=\"og:locale\" content=\"vi_VN\" \/>\n<meta property=\"og:type\" content=\"article\" \/>\n<meta property=\"og:title\" content=\"Seiko Presage Cocktail Blue Moon SSA405J1 \u2013 Nam -\" \/>\n<meta property=\"og:description\" content=\"\ud83d\udc49 Seiko SSA405J1 g\u00e2y \u1ea5n t\u01b0\u1ee3ng v\u1edbi thi\u1ebft k\u1ebf Blue Moon l\u1ed9 tim \u0111\u1ed9c \u0111\u00e1o, mang \u0111\u1ebfn v\u1ebb \u0111\u1eb9p sang tr\u1ecdng v\u00e0 \u0111\u1eadm ch\u1ea5t c\u01a1 kh\u00ed cho qu\u00fd \u00f4ng.\" \/>\n<meta property=\"og:url\" content=\"https:\/\/aevum.id.vn\/?product=seiko-presage-cocktail-blue-moon-ssa405j1-nam\" \/>\n<meta name=\"twitter:card\" content=\"summary_large_image\" \/>\n<meta name=\"twitter:label1\" content=\"\u01af\u1edbc t\u00ednh th\u1eddi gian \u0111\u1ecdc\" \/>\n\t<meta name=\"twitter:data1\" content=\"2 ph\u00fat\" \/>\n<script type=\"application\/ld+json\" class=\"yoast-schema-graph\">{\"@context\":\"https:\\\/\\\/schema.org\",\"@graph\":[{\"@type\":\"WebPage\",\"@id\":\"https:\\\/\\\/aevum.id.vn\\\/?product=seiko-presage-cocktail-blue-moon-ssa405j1-nam\",\"url\":\"https:\\\/\\\/aevum.id.vn\\\/?product=seiko-presage-cocktail-blue-moon-ssa405j1-nam\",\"name\":\"Seiko Presage Cocktail Blue Moon SSA405J1 \u2013 Nam -\",\"isPartOf\":{\"@id\":\"https:\\\/\\\/aevum.id.vn\\\/#website\"},\"primaryImageOfPage\":{\"@id\":\"https:\\\/\\\/aevum.id.vn\\\/?product=seiko-presage-cocktail-blue-moon-ssa405j1-nam#primaryimage\"},\"image\":{\"@id\":\"https:\\\/\\\/aevum.id.vn\\\/?product=seiko-presage-cocktail-blue-moon-ssa405j1-nam#primaryimage\"},\"thumbnailUrl\":\"https:\\\/\\\/aevum.id.vn\\\/wp-content\\\/uploads\\\/2026\\\/04\\\/SSA405J1.jpg.avif\",\"datePublished\":\"2026-04-18T06:11:18+00:00\",\"breadcrumb\":{\"@id\":\"https:\\\/\\\/aevum.id.vn\\\/?product=seiko-presage-cocktail-blue-moon-ssa405j1-nam#breadcrumb\"},\"inLanguage\":\"vi\",\"potentialAction\":[{\"@type\":\"ReadAction\",\"target\":[\"https:\\\/\\\/aevum.id.vn\\\/?product=seiko-presage-cocktail-blue-moon-ssa405j1-nam\"]}]},{\"@type\":\"ImageObject\",\"inLanguage\":\"vi\",\"@id\":\"https:\\\/\\\/aevum.id.vn\\\/?product=seiko-presage-cocktail-blue-moon-ssa405j1-nam#primaryimage\",\"url\":\"https:\\\/\\\/aevum.id.vn\\\/wp-content\\\/uploads\\\/2026\\\/04\\\/SSA405J1.jpg.avif\",\"contentUrl\":\"https:\\\/\\\/aevum.id.vn\\\/wp-content\\\/uploads\\\/2026\\\/04\\\/SSA405J1.jpg.avif\",\"width\":1199,\"height\":1199},{\"@type\":\"BreadcrumbList\",\"@id\":\"https:\\\/\\\/aevum.id.vn\\\/?product=seiko-presage-cocktail-blue-moon-ssa405j1-nam#breadcrumb\",\"itemListElement\":[{\"@type\":\"ListItem\",\"position\":1,\"name\":\"Trang ch\u1ee7\",\"item\":\"https:\\\/\\\/aevum.id.vn\\\/\"},{\"@type\":\"ListItem\",\"position\":2,\"name\":\"C\u1eeda H\u00e0ng\",\"item\":\"https:\\\/\\\/aevum.id.vn\\\/?page_id=7\"},{\"@type\":\"ListItem\",\"position\":3,\"name\":\"Seiko Presage Cocktail Blue Moon SSA405J1 \u2013 Nam\"}]},{\"@type\":\"WebSite\",\"@id\":\"https:\\\/\\\/aevum.id.vn\\\/#website\",\"url\":\"https:\\\/\\\/aevum.id.vn\\\/\",\"name\":\"\",\"description\":\"\",\"potentialAction\":[{\"@type\":\"SearchAction\",\"target\":{\"@type\":\"EntryPoint\",\"urlTemplate\":\"https:\\\/\\\/aevum.id.vn\\\/?s={search_term_string}\"},\"query-input\":{\"@type\":\"PropertyValueSpecification\",\"valueRequired\":true,\"valueName\":\"search_term_string\"}}],\"inLanguage\":\"vi\"}]}<\/script>\n<!-- \/ Yoast SEO plugin. -->","yoast_head_json":{"title":"Seiko Presage Cocktail Blue Moon SSA405J1 \u2013 Nam -","robots":{"index":"index","follow":"follow","max-snippet":"max-snippet:-1","max-image-preview":"max-image-preview:large","max-video-preview":"max-video-preview:-1"},"canonical":"https:\/\/aevum.id.vn\/?product=seiko-presage-cocktail-blue-moon-ssa405j1-nam","og_locale":"vi_VN","og_type":"article","og_title":"Seiko Presage Cocktail Blue Moon SSA405J1 \u2013 Nam -","og_description":"\ud83d\udc49 Seiko SSA405J1 g\u00e2y \u1ea5n t\u01b0\u1ee3ng v\u1edbi thi\u1ebft k\u1ebf Blue Moon l\u1ed9 tim \u0111\u1ed9c \u0111\u00e1o, mang \u0111\u1ebfn v\u1ebb \u0111\u1eb9p sang tr\u1ecdng v\u00e0 \u0111\u1eadm ch\u1ea5t c\u01a1 kh\u00ed cho qu\u00fd \u00f4ng.","og_url":"https:\/\/aevum.id.vn\/?product=seiko-presage-cocktail-blue-moon-ssa405j1-nam","twitter_card":"summary_large_image","twitter_misc":{"\u01af\u1edbc t\u00ednh th\u1eddi gian \u0111\u1ecdc":"2 ph\u00fat"},"schema":{"@context":"https:\/\/schema.org","@graph":[{"@type":"WebPage","@id":"https:\/\/aevum.id.vn\/?product=seiko-presage-cocktail-blue-moon-ssa405j1-nam","url":"https:\/\/aevum.id.vn\/?product=seiko-presage-cocktail-blue-moon-ssa405j1-nam","name":"Seiko Presage Cocktail Blue Moon SSA405J1 \u2013 Nam -","isPartOf":{"@id":"https:\/\/aevum.id.vn\/#website"},"primaryImageOfPage":{"@id":"https:\/\/aevum.id.vn\/?product=seiko-presage-cocktail-blue-moon-ssa405j1-nam#primaryimage"},"image":{"@id":"https:\/\/aevum.id.vn\/?product=seiko-presage-cocktail-blue-moon-ssa405j1-nam#primaryimage"},"thumbnailUrl":"https:\/\/aevum.id.vn\/wp-content\/uploads\/2026\/04\/SSA405J1.jpg.avif","datePublished":"2026-04-18T06:11:18+00:00","breadcrumb":{"@id":"https:\/\/aevum.id.vn\/?product=seiko-presage-cocktail-blue-moon-ssa405j1-nam#breadcrumb"},"inLanguage":"vi","potentialAction":[{"@type":"ReadAction","target":["https:\/\/aevum.id.vn\/?product=seiko-presage-cocktail-blue-moon-ssa405j1-nam"]}]},{"@type":"ImageObject","inLanguage":"vi","@id":"https:\/\/aevum.id.vn\/?product=seiko-presage-cocktail-blue-moon-ssa405j1-nam#primaryimage","url":"https:\/\/aevum.id.vn\/wp-content\/uploads\/2026\/04\/SSA405J1.jpg.avif","contentUrl":"https:\/\/aevum.id.vn\/wp-content\/uploads\/2026\/04\/SSA405J1.jpg.avif","width":1199,"height":1199},{"@type":"BreadcrumbList","@id":"https:\/\/aevum.id.vn\/?product=seiko-presage-cocktail-blue-moon-ssa405j1-nam#breadcrumb","itemListElement":[{"@type":"ListItem","position":1,"name":"Trang ch\u1ee7","item":"https:\/\/aevum.id.vn\/"},{"@type":"ListItem","position":2,"name":"C\u1eeda H\u00e0ng","item":"https:\/\/aevum.id.vn\/?page_id=7"},{"@type":"ListItem","position":3,"name":"Seiko Presage Cocktail Blue Moon SSA405J1 \u2013 Nam"}]},{"@type":"WebSite","@id":"https:\/\/aevum.id.vn\/#website","url":"https:\/\/aevum.id.vn\/","name":"","description":"","potentialAction":[{"@type":"SearchAction","target":{"@type":"EntryPoint","urlTemplate":"https:\/\/aevum.id.vn\/?s={search_term_string}"},"query-input":{"@type":"PropertyValueSpecification","valueRequired":true,"valueName":"search_term_string"}}],"inLanguage":"vi"}]}},"_links":{"self":[{"href":"https:\/\/aevum.id.vn\/index.php?rest_route=\/wp\/v2\/product\/262","targetHints":{"allow":["GET"]}}],"collection":[{"href":"https:\/\/aevum.id.vn\/index.php?rest_route=\/wp\/v2\/product"}],"about":[{"href":"https:\/\/aevum.id.vn\/index.php?rest_route=\/wp\/v2\/types\/product"}],"replies":[{"embeddable":true,"href":"https:\/\/aevum.id.vn\/index.php?rest_route=%2Fwp%2Fv2%2Fcomments&post=262"}],"wp:featuredmedia":[{"embeddable":true,"href":"https:\/\/aevum.id.vn\/index.php?rest_route=\/wp\/v2\/media\/263"}],"wp:attachment":[{"href":"https:\/\/aevum.id.vn\/index.php?rest_route=%2Fwp%2Fv2%2Fmedia&parent=262"}],"wp:term":[{"taxonomy":"product_brand","embeddable":true,"href":"https:\/\/aevum.id.vn\/index.php?rest_route=%2Fwp%2Fv2%2Fproduct_brand&post=262"},{"taxonomy":"product_cat","embeddable":true,"href":"https:\/\/aevum.id.vn\/index.php?rest_route=%2Fwp%2Fv2%2Fproduct_cat&post=262"},{"taxonomy":"product_tag","embeddable":true,"href":"https:\/\/aevum.id.vn\/index.php?rest_route=%2Fwp%2Fv2%2Fproduct_tag&post=262"}],"curies":[{"name":"wp","href":"https:\/\/api.w.org\/{rel}","templated":true}]}}