{"id":265,"date":"2026-04-18T06:25:14","date_gmt":"2026-04-18T06:25:14","guid":{"rendered":"https:\/\/aevum.id.vn\/?post_type=product&#038;p=265"},"modified":"2026-04-18T06:25:14","modified_gmt":"2026-04-18T06:25:14","slug":"seiko-presage-cocktail-lady-srpm06j1-nu-automatic","status":"publish","type":"product","link":"https:\/\/aevum.id.vn\/?product=seiko-presage-cocktail-lady-srpm06j1-nu-automatic","title":{"rendered":"Seiko Presage Cocktail Lady SRPM06J1 \u2013 N\u1eef \u2013 Automatic"},"content":{"rendered":"<h1 class=\"product-title product_title entry-title\">Seiko Presage Cocktail Lady SRPM06J1 \u2013 N\u1eef \u2013 Automatic<\/h1>\n<p><strong data-start=\"82\" data-end=\"122\">Seiko Presage Cocktail Lady SRPM06J1<\/strong> l\u00e0 m\u1eabu \u0111\u1ed3ng h\u1ed3 n\u1eef thu\u1ed9c d\u00f2ng <strong data-start=\"152\" data-end=\"169\">Cocktail Time<\/strong>, l\u1ea5y c\u1ea3m h\u1ee9ng t\u1eeb nh\u1eefng ly cocktail tinh t\u1ebf. Thi\u1ebft k\u1ebf mang v\u1ebb \u0111\u1eb9p <strong data-start=\"235\" data-end=\"271\">nh\u1eb9 nh\u00e0ng \u2013 thanh l\u1ecbch \u2013 n\u1eef t\u00ednh<\/strong>, r\u1ea5t ph\u00f9 h\u1ee3p cho c\u00e1c d\u1ecbp \u0111i l\u00e0m ho\u1eb7c d\u1ef1 ti\u1ec7c.<\/p>\n<p><img loading=\"lazy\" decoding=\"async\" class=\"skip-lazy entered pmloaded lazy-load-active\" title=\"dong-ho-seiko-presage-cocktail-lady-srpm06j1-7\" src=\"https:\/\/image.donghohaitrieu.com\/wp-content\/uploads\/2026\/02\/dong-ho-seiko-presage-cocktail-lady-srpm06j1-7.jpg\" alt=\"\u0110\u1ed3ng h\u1ed3 Seiko Presage Cocktail Lady SRPM06J1 - \u1ea2nh 7\" width=\"600\" height=\"600\" data-caption=\"\" data-src=\"https:\/\/image.donghohaitrieu.com\/wp-content\/uploads\/2026\/02\/dong-ho-seiko-presage-cocktail-lady-srpm06j1-7.jpg\" data-large_image=\"https:\/\/image.donghohaitrieu.com\/wp-content\/uploads\/2026\/02\/dong-ho-seiko-presage-cocktail-lady-srpm06j1-7.jpg\" data-large_image_width=\"1200\" data-large_image_height=\"1200\" data-ll-status=\"loaded\" \/><\/p>\n<p><img loading=\"lazy\" decoding=\"async\" class=\"skip-lazy entered pmloaded lazy-load-active\" title=\"dong-ho-seiko-presage-cocktail-lady-srpm06j1-2\" src=\"https:\/\/image.donghohaitrieu.com\/wp-content\/uploads\/2026\/02\/dong-ho-seiko-presage-cocktail-lady-srpm06j1-2.jpg\" alt=\"\u0110\u1ed3ng h\u1ed3 Seiko Presage Cocktail Lady SRPM06J1 - \u1ea2nh 2\" width=\"600\" height=\"600\" data-caption=\"\" data-src=\"https:\/\/image.donghohaitrieu.com\/wp-content\/uploads\/2026\/02\/dong-ho-seiko-presage-cocktail-lady-srpm06j1-2.jpg\" data-large_image=\"https:\/\/image.donghohaitrieu.com\/wp-content\/uploads\/2026\/02\/dong-ho-seiko-presage-cocktail-lady-srpm06j1-2.jpg\" data-large_image_width=\"1200\" data-large_image_height=\"1200\" data-ll-status=\"loaded\" \/><\/p>\n<h2 data-section-id=\"yxzfo2\" data-start=\"1031\" data-end=\"1054\">\ud83d\udccb Th\u00f4ng s\u1ed1 s\u1ea3n ph\u1ea9m<\/h2>\n<div class=\"TyagGW_tableContainer\">\n<div class=\"group TyagGW_tableWrapper flex flex-col-reverse w-fit\" tabindex=\"-1\">\n<table class=\"w-fit min-w-(--thread-content-width)\" data-start=\"1056\" data-end=\"1679\">\n<thead data-start=\"1056\" data-end=\"1088\">\n<tr data-start=\"1056\" data-end=\"1088\">\n<th class=\"\" data-start=\"1056\" data-end=\"1072\" data-col-size=\"sm\"><strong data-start=\"1058\" data-end=\"1071\">Th\u00f4ng tin<\/strong><\/th>\n<th class=\"\" data-start=\"1072\" data-end=\"1088\" data-col-size=\"sm\"><strong data-start=\"1074\" data-end=\"1086\">Chi ti\u1ebft<\/strong><\/th>\n<\/tr>\n<\/thead>\n<tbody data-start=\"1120\" data-end=\"1679\">\n<tr data-start=\"1120\" data-end=\"1147\">\n<td data-start=\"1120\" data-end=\"1138\" data-col-size=\"sm\"><strong data-start=\"1122\" data-end=\"1137\">Th\u01b0\u01a1ng hi\u1ec7u<\/strong><\/td>\n<td data-col-size=\"sm\" data-start=\"1138\" data-end=\"1147\">Seiko<\/td>\n<\/tr>\n<tr data-start=\"1148\" data-end=\"1174\">\n<td data-start=\"1148\" data-end=\"1162\" data-col-size=\"sm\"><strong data-start=\"1150\" data-end=\"1161\">Xu\u1ea5t x\u1ee9<\/strong><\/td>\n<td data-col-size=\"sm\" data-start=\"1162\" data-end=\"1174\">Nh\u1eadt B\u1ea3n<\/td>\n<\/tr>\n<tr data-start=\"1175\" data-end=\"1220\">\n<td data-start=\"1175\" data-end=\"1195\" data-col-size=\"sm\"><strong data-start=\"1177\" data-end=\"1194\">D\u00f2ng s\u1ea3n ph\u1ea9m<\/strong><\/td>\n<td data-col-size=\"sm\" data-start=\"1195\" data-end=\"1220\">Presage Cocktail Lady<\/td>\n<\/tr>\n<tr data-start=\"1221\" data-end=\"1243\">\n<td data-start=\"1221\" data-end=\"1237\" data-col-size=\"sm\"><strong data-start=\"1223\" data-end=\"1236\">\u0110\u1ed1i t\u01b0\u1ee3ng<\/strong><\/td>\n<td data-col-size=\"sm\" data-start=\"1237\" data-end=\"1243\">N\u1eef<\/td>\n<\/tr>\n<tr data-start=\"1244\" data-end=\"1276\">\n<td data-start=\"1244\" data-end=\"1261\" data-col-size=\"sm\"><strong data-start=\"1246\" data-end=\"1260\">Ch\u1ed1ng n\u01b0\u1edbc<\/strong><\/td>\n<td data-col-size=\"sm\" data-start=\"1261\" data-end=\"1276\">50m (5 ATM)<\/td>\n<\/tr>\n<tr data-start=\"1277\" data-end=\"1311\">\n<td data-start=\"1277\" data-end=\"1295\" data-col-size=\"sm\"><strong data-start=\"1279\" data-end=\"1294\">Lo\u1ea1i m\u1eb7t s\u1ed1<\/strong><\/td>\n<td data-col-size=\"sm\" data-start=\"1295\" data-end=\"1311\">Kim (Analog)<\/td>\n<\/tr>\n<tr data-start=\"1312\" data-end=\"1357\">\n<td data-start=\"1312\" data-end=\"1327\" data-col-size=\"sm\"><strong data-start=\"1314\" data-end=\"1326\">Lo\u1ea1i m\u00e1y<\/strong><\/td>\n<td data-col-size=\"sm\" data-start=\"1327\" data-end=\"1357\">Automatic (M\u00e1y c\u01a1 t\u1ef1 \u0111\u1ed9ng)<\/td>\n<\/tr>\n<tr data-start=\"1358\" data-end=\"1386\">\n<td data-start=\"1358\" data-end=\"1372\" data-col-size=\"sm\"><strong data-start=\"1360\" data-end=\"1371\">Caliber<\/strong><\/td>\n<td data-col-size=\"sm\" data-start=\"1372\" data-end=\"1386\">Seiko 4R35<\/td>\n<\/tr>\n<tr data-start=\"1387\" data-end=\"1416\">\n<td data-start=\"1387\" data-end=\"1403\" data-col-size=\"sm\"><strong data-start=\"1389\" data-end=\"1402\">Ch\u00e2n k\u00ednh<\/strong><\/td>\n<td data-col-size=\"sm\" data-start=\"1403\" data-end=\"1416\">23 Jewels<\/td>\n<\/tr>\n<tr data-start=\"1417\" data-end=\"1467\">\n<td data-start=\"1417\" data-end=\"1438\" data-col-size=\"sm\"><strong data-start=\"1419\" data-end=\"1437\">Ch\u1ea5t li\u1ec7u k\u00ednh<\/strong><\/td>\n<td data-col-size=\"sm\" data-start=\"1438\" data-end=\"1467\">Hardlex cong (box-shaped)<\/td>\n<\/tr>\n<tr data-start=\"1468\" data-end=\"1508\">\n<td data-start=\"1468\" data-end=\"1491\" data-col-size=\"sm\"><strong data-start=\"1470\" data-end=\"1490\">Ch\u1ea5t li\u1ec7u v\u1ecf\/d\u00e2y<\/strong><\/td>\n<td data-col-size=\"sm\" data-start=\"1491\" data-end=\"1508\">Th\u00e9p kh\u00f4ng g\u1ec9<\/td>\n<\/tr>\n<tr data-start=\"1509\" data-end=\"1553\">\n<td data-start=\"1509\" data-end=\"1523\" data-col-size=\"sm\"><strong data-start=\"1511\" data-end=\"1522\">M\u00e0u s\u1eafc<\/strong><\/td>\n<td data-col-size=\"sm\" data-start=\"1523\" data-end=\"1553\">Xanh d\u01b0\u01a1ng (Blue sunburst)<\/td>\n<\/tr>\n<tr data-start=\"1554\" data-end=\"1580\">\n<td data-start=\"1554\" data-end=\"1569\" data-col-size=\"sm\"><strong data-start=\"1556\" data-end=\"1568\">Size m\u1eb7t<\/strong><\/td>\n<td data-col-size=\"sm\" data-start=\"1569\" data-end=\"1580\">33.8 mm<\/td>\n<\/tr>\n<tr data-start=\"1581\" data-end=\"1606\">\n<td data-start=\"1581\" data-end=\"1594\" data-col-size=\"sm\"><strong data-start=\"1583\" data-end=\"1593\">\u0110\u1ed9 d\u00e0y<\/strong><\/td>\n<td data-col-size=\"sm\" data-start=\"1594\" data-end=\"1606\">~11.3 mm<\/td>\n<\/tr>\n<tr data-start=\"1607\" data-end=\"1632\">\n<td data-start=\"1607\" data-end=\"1621\" data-col-size=\"sm\"><strong data-start=\"1609\" data-end=\"1620\">Tr\u1eef c\u00f3t<\/strong><\/td>\n<td data-col-size=\"sm\" data-start=\"1621\" data-end=\"1632\">~41 gi\u1edd<\/td>\n<\/tr>\n<tr data-start=\"1633\" data-end=\"1679\">\n<td data-start=\"1633\" data-end=\"1649\" data-col-size=\"sm\"><strong data-start=\"1635\" data-end=\"1648\">T\u00ednh n\u0103ng<\/strong><\/td>\n<td data-col-size=\"sm\" data-start=\"1649\" data-end=\"1679\">Gi\u1edd, ph\u00fat, gi\u00e2y, l\u1ecbch ng\u00e0y<\/td>\n<\/tr>\n<\/tbody>\n<\/table>\n<\/div>\n<\/div>\n<p>&nbsp;<\/p>\n","protected":false},"excerpt":{"rendered":"<p>\ud83d\udc49 Seiko SRPM06J1 n\u1ed5i b\u1eadt v\u1edbi m\u1eb7t xanh cocktail l\u1ea5p l\u00e1nh v\u00e0 thi\u1ebft k\u1ebf nh\u1ecf g\u1ecdn, mang \u0111\u1ebfn v\u1ebb \u0111\u1eb9p thanh l\u1ecbch, n\u1eef t\u00ednh cho ph\u00e1i \u0111\u1eb9p.<\/p>\n","protected":false},"featured_media":266,"comment_status":"open","ping_status":"closed","template":"","meta":[],"product_brand":[35],"product_cat":[23,15],"product_tag":[],"class_list":{"0":"post-265","1":"product","2":"type-product","3":"status-publish","4":"has-post-thumbnail","6":"product_brand-seiko","7":"product_cat-dong-ho-nu","8":"product_cat-uncategorized","10":"first","11":"instock","12":"sale","13":"shipping-taxable","14":"purchasable","15":"product-type-simple"},"yoast_head":"<!-- This site is optimized with the Yoast SEO plugin v27.4 - https:\/\/yoast.com\/product\/yoast-seo-wordpress\/ -->\n<title>Seiko Presage Cocktail Lady SRPM06J1 \u2013 N\u1eef \u2013 Automatic -<\/title>\n<meta name=\"robots\" content=\"index, follow, max-snippet:-1, max-image-preview:large, max-video-preview:-1\" \/>\n<link rel=\"canonical\" href=\"https:\/\/aevum.id.vn\/?product=seiko-presage-cocktail-lady-srpm06j1-nu-automatic\" \/>\n<meta property=\"og:locale\" content=\"vi_VN\" \/>\n<meta property=\"og:type\" content=\"article\" \/>\n<meta property=\"og:title\" content=\"Seiko Presage Cocktail Lady SRPM06J1 \u2013 N\u1eef \u2013 Automatic -\" \/>\n<meta property=\"og:description\" content=\"\ud83d\udc49 Seiko SRPM06J1 n\u1ed5i b\u1eadt v\u1edbi m\u1eb7t xanh cocktail l\u1ea5p l\u00e1nh v\u00e0 thi\u1ebft k\u1ebf nh\u1ecf g\u1ecdn, mang \u0111\u1ebfn v\u1ebb \u0111\u1eb9p thanh l\u1ecbch, n\u1eef t\u00ednh cho ph\u00e1i \u0111\u1eb9p.\" \/>\n<meta property=\"og:url\" content=\"https:\/\/aevum.id.vn\/?product=seiko-presage-cocktail-lady-srpm06j1-nu-automatic\" \/>\n<meta property=\"og:image\" content=\"https:\/\/aevum.id.vn\/wp-content\/uploads\/2026\/04\/dong-ho-seiko-presage-cocktail-lady-srpm06j1-1.jpg\" \/>\n\t<meta property=\"og:image:width\" content=\"1200\" \/>\n\t<meta property=\"og:image:height\" content=\"1200\" \/>\n\t<meta property=\"og:image:type\" content=\"image\/jpeg\" \/>\n<meta name=\"twitter:card\" content=\"summary_large_image\" \/>\n<meta name=\"twitter:label1\" content=\"\u01af\u1edbc t\u00ednh th\u1eddi gian \u0111\u1ecdc\" \/>\n\t<meta name=\"twitter:data1\" content=\"2 ph\u00fat\" \/>\n<script type=\"application\/ld+json\" class=\"yoast-schema-graph\">{\"@context\":\"https:\\\/\\\/schema.org\",\"@graph\":[{\"@type\":\"WebPage\",\"@id\":\"https:\\\/\\\/aevum.id.vn\\\/?product=seiko-presage-cocktail-lady-srpm06j1-nu-automatic\",\"url\":\"https:\\\/\\\/aevum.id.vn\\\/?product=seiko-presage-cocktail-lady-srpm06j1-nu-automatic\",\"name\":\"Seiko Presage Cocktail Lady SRPM06J1 \u2013 N\u1eef \u2013 Automatic -\",\"isPartOf\":{\"@id\":\"https:\\\/\\\/aevum.id.vn\\\/#website\"},\"primaryImageOfPage\":{\"@id\":\"https:\\\/\\\/aevum.id.vn\\\/?product=seiko-presage-cocktail-lady-srpm06j1-nu-automatic#primaryimage\"},\"image\":{\"@id\":\"https:\\\/\\\/aevum.id.vn\\\/?product=seiko-presage-cocktail-lady-srpm06j1-nu-automatic#primaryimage\"},\"thumbnailUrl\":\"https:\\\/\\\/aevum.id.vn\\\/wp-content\\\/uploads\\\/2026\\\/04\\\/dong-ho-seiko-presage-cocktail-lady-srpm06j1-1.jpg\",\"datePublished\":\"2026-04-18T06:25:14+00:00\",\"breadcrumb\":{\"@id\":\"https:\\\/\\\/aevum.id.vn\\\/?product=seiko-presage-cocktail-lady-srpm06j1-nu-automatic#breadcrumb\"},\"inLanguage\":\"vi\",\"potentialAction\":[{\"@type\":\"ReadAction\",\"target\":[\"https:\\\/\\\/aevum.id.vn\\\/?product=seiko-presage-cocktail-lady-srpm06j1-nu-automatic\"]}]},{\"@type\":\"ImageObject\",\"inLanguage\":\"vi\",\"@id\":\"https:\\\/\\\/aevum.id.vn\\\/?product=seiko-presage-cocktail-lady-srpm06j1-nu-automatic#primaryimage\",\"url\":\"https:\\\/\\\/aevum.id.vn\\\/wp-content\\\/uploads\\\/2026\\\/04\\\/dong-ho-seiko-presage-cocktail-lady-srpm06j1-1.jpg\",\"contentUrl\":\"https:\\\/\\\/aevum.id.vn\\\/wp-content\\\/uploads\\\/2026\\\/04\\\/dong-ho-seiko-presage-cocktail-lady-srpm06j1-1.jpg\",\"width\":1200,\"height\":1200},{\"@type\":\"BreadcrumbList\",\"@id\":\"https:\\\/\\\/aevum.id.vn\\\/?product=seiko-presage-cocktail-lady-srpm06j1-nu-automatic#breadcrumb\",\"itemListElement\":[{\"@type\":\"ListItem\",\"position\":1,\"name\":\"Trang ch\u1ee7\",\"item\":\"https:\\\/\\\/aevum.id.vn\\\/\"},{\"@type\":\"ListItem\",\"position\":2,\"name\":\"C\u1eeda H\u00e0ng\",\"item\":\"https:\\\/\\\/aevum.id.vn\\\/?page_id=7\"},{\"@type\":\"ListItem\",\"position\":3,\"name\":\"Seiko Presage Cocktail Lady SRPM06J1 \u2013 N\u1eef \u2013 Automatic\"}]},{\"@type\":\"WebSite\",\"@id\":\"https:\\\/\\\/aevum.id.vn\\\/#website\",\"url\":\"https:\\\/\\\/aevum.id.vn\\\/\",\"name\":\"\",\"description\":\"\",\"potentialAction\":[{\"@type\":\"SearchAction\",\"target\":{\"@type\":\"EntryPoint\",\"urlTemplate\":\"https:\\\/\\\/aevum.id.vn\\\/?s={search_term_string}\"},\"query-input\":{\"@type\":\"PropertyValueSpecification\",\"valueRequired\":true,\"valueName\":\"search_term_string\"}}],\"inLanguage\":\"vi\"}]}<\/script>\n<!-- \/ Yoast SEO plugin. -->","yoast_head_json":{"title":"Seiko Presage Cocktail Lady SRPM06J1 \u2013 N\u1eef \u2013 Automatic -","robots":{"index":"index","follow":"follow","max-snippet":"max-snippet:-1","max-image-preview":"max-image-preview:large","max-video-preview":"max-video-preview:-1"},"canonical":"https:\/\/aevum.id.vn\/?product=seiko-presage-cocktail-lady-srpm06j1-nu-automatic","og_locale":"vi_VN","og_type":"article","og_title":"Seiko Presage Cocktail Lady SRPM06J1 \u2013 N\u1eef \u2013 Automatic -","og_description":"\ud83d\udc49 Seiko SRPM06J1 n\u1ed5i b\u1eadt v\u1edbi m\u1eb7t xanh cocktail l\u1ea5p l\u00e1nh v\u00e0 thi\u1ebft k\u1ebf nh\u1ecf g\u1ecdn, mang \u0111\u1ebfn v\u1ebb \u0111\u1eb9p thanh l\u1ecbch, n\u1eef t\u00ednh cho ph\u00e1i \u0111\u1eb9p.","og_url":"https:\/\/aevum.id.vn\/?product=seiko-presage-cocktail-lady-srpm06j1-nu-automatic","og_image":[{"width":1200,"height":1200,"url":"https:\/\/aevum.id.vn\/wp-content\/uploads\/2026\/04\/dong-ho-seiko-presage-cocktail-lady-srpm06j1-1.jpg","type":"image\/jpeg"}],"twitter_card":"summary_large_image","twitter_misc":{"\u01af\u1edbc t\u00ednh th\u1eddi gian \u0111\u1ecdc":"2 ph\u00fat"},"schema":{"@context":"https:\/\/schema.org","@graph":[{"@type":"WebPage","@id":"https:\/\/aevum.id.vn\/?product=seiko-presage-cocktail-lady-srpm06j1-nu-automatic","url":"https:\/\/aevum.id.vn\/?product=seiko-presage-cocktail-lady-srpm06j1-nu-automatic","name":"Seiko Presage Cocktail Lady SRPM06J1 \u2013 N\u1eef \u2013 Automatic -","isPartOf":{"@id":"https:\/\/aevum.id.vn\/#website"},"primaryImageOfPage":{"@id":"https:\/\/aevum.id.vn\/?product=seiko-presage-cocktail-lady-srpm06j1-nu-automatic#primaryimage"},"image":{"@id":"https:\/\/aevum.id.vn\/?product=seiko-presage-cocktail-lady-srpm06j1-nu-automatic#primaryimage"},"thumbnailUrl":"https:\/\/aevum.id.vn\/wp-content\/uploads\/2026\/04\/dong-ho-seiko-presage-cocktail-lady-srpm06j1-1.jpg","datePublished":"2026-04-18T06:25:14+00:00","breadcrumb":{"@id":"https:\/\/aevum.id.vn\/?product=seiko-presage-cocktail-lady-srpm06j1-nu-automatic#breadcrumb"},"inLanguage":"vi","potentialAction":[{"@type":"ReadAction","target":["https:\/\/aevum.id.vn\/?product=seiko-presage-cocktail-lady-srpm06j1-nu-automatic"]}]},{"@type":"ImageObject","inLanguage":"vi","@id":"https:\/\/aevum.id.vn\/?product=seiko-presage-cocktail-lady-srpm06j1-nu-automatic#primaryimage","url":"https:\/\/aevum.id.vn\/wp-content\/uploads\/2026\/04\/dong-ho-seiko-presage-cocktail-lady-srpm06j1-1.jpg","contentUrl":"https:\/\/aevum.id.vn\/wp-content\/uploads\/2026\/04\/dong-ho-seiko-presage-cocktail-lady-srpm06j1-1.jpg","width":1200,"height":1200},{"@type":"BreadcrumbList","@id":"https:\/\/aevum.id.vn\/?product=seiko-presage-cocktail-lady-srpm06j1-nu-automatic#breadcrumb","itemListElement":[{"@type":"ListItem","position":1,"name":"Trang ch\u1ee7","item":"https:\/\/aevum.id.vn\/"},{"@type":"ListItem","position":2,"name":"C\u1eeda H\u00e0ng","item":"https:\/\/aevum.id.vn\/?page_id=7"},{"@type":"ListItem","position":3,"name":"Seiko Presage Cocktail Lady SRPM06J1 \u2013 N\u1eef \u2013 Automatic"}]},{"@type":"WebSite","@id":"https:\/\/aevum.id.vn\/#website","url":"https:\/\/aevum.id.vn\/","name":"","description":"","potentialAction":[{"@type":"SearchAction","target":{"@type":"EntryPoint","urlTemplate":"https:\/\/aevum.id.vn\/?s={search_term_string}"},"query-input":{"@type":"PropertyValueSpecification","valueRequired":true,"valueName":"search_term_string"}}],"inLanguage":"vi"}]}},"_links":{"self":[{"href":"https:\/\/aevum.id.vn\/index.php?rest_route=\/wp\/v2\/product\/265","targetHints":{"allow":["GET"]}}],"collection":[{"href":"https:\/\/aevum.id.vn\/index.php?rest_route=\/wp\/v2\/product"}],"about":[{"href":"https:\/\/aevum.id.vn\/index.php?rest_route=\/wp\/v2\/types\/product"}],"replies":[{"embeddable":true,"href":"https:\/\/aevum.id.vn\/index.php?rest_route=%2Fwp%2Fv2%2Fcomments&post=265"}],"wp:featuredmedia":[{"embeddable":true,"href":"https:\/\/aevum.id.vn\/index.php?rest_route=\/wp\/v2\/media\/266"}],"wp:attachment":[{"href":"https:\/\/aevum.id.vn\/index.php?rest_route=%2Fwp%2Fv2%2Fmedia&parent=265"}],"wp:term":[{"taxonomy":"product_brand","embeddable":true,"href":"https:\/\/aevum.id.vn\/index.php?rest_route=%2Fwp%2Fv2%2Fproduct_brand&post=265"},{"taxonomy":"product_cat","embeddable":true,"href":"https:\/\/aevum.id.vn\/index.php?rest_route=%2Fwp%2Fv2%2Fproduct_cat&post=265"},{"taxonomy":"product_tag","embeddable":true,"href":"https:\/\/aevum.id.vn\/index.php?rest_route=%2Fwp%2Fv2%2Fproduct_tag&post=265"}],"curies":[{"name":"wp","href":"https:\/\/api.w.org\/{rel}","templated":true}]}}