{"id":267,"date":"2026-04-18T06:36:41","date_gmt":"2026-04-18T06:36:41","guid":{"rendered":"https:\/\/aevum.id.vn\/?post_type=product&#038;p=267"},"modified":"2026-04-18T06:37:36","modified_gmt":"2026-04-18T06:37:36","slug":"seiko-premier-sxb433p2-nu-quartz-pin","status":"publish","type":"product","link":"https:\/\/aevum.id.vn\/?product=seiko-premier-sxb433p2-nu-quartz-pin","title":{"rendered":"Seiko Premier SXB433P2 \u2013 N\u1eef \u2013 Quartz (Pin)"},"content":{"rendered":"<h1 class=\"product-title product_title entry-title\">Seiko Premier SXB433P2 \u2013 N\u1eef \u2013 Quartz (Pin)<\/h1>\n<p><strong data-start=\"65\" data-end=\"91\">Seiko Premier SXB433P2<\/strong> l\u00e0 m\u1eabu \u0111\u1ed3ng h\u1ed3 n\u1eef thu\u1ed9c d\u00f2ng Premier \u2013 n\u1ed5i b\u1eadt v\u1edbi phong c\u00e1ch <strong data-start=\"154\" data-end=\"178\">c\u1ed5 \u0111i\u1ec3n pha hi\u1ec7n \u0111\u1ea1i<\/strong>, mang \u0111\u1ebfn v\u1ebb \u0111\u1eb9p thanh l\u1ecbch v\u00e0 tinh t\u1ebf cho ph\u00e1i \u0111\u1eb9p.<\/p>\n<p><img loading=\"lazy\" decoding=\"async\" class=\"skip-lazy entered pmloaded lazy-load-active\" title=\"SEIKO-SXB433P2-1\" src=\"https:\/\/image.donghohaitrieu.com\/wp-content\/uploads\/2023\/09\/SEIKO-SXB433P2-1.jpg\" alt=\"\" width=\"600\" height=\"600\" data-caption=\"\" data-src=\"https:\/\/image.donghohaitrieu.com\/wp-content\/uploads\/2023\/09\/SEIKO-SXB433P2-1.jpg\" data-large_image=\"https:\/\/image.donghohaitrieu.com\/wp-content\/uploads\/2023\/09\/SEIKO-SXB433P2-1.jpg\" data-large_image_width=\"1500\" data-large_image_height=\"1500\" data-ll-status=\"loaded\" \/><\/p>\n<p><img loading=\"lazy\" decoding=\"async\" class=\"skip-lazy entered pmloaded lazy-load-active\" title=\"SEIKO-SXB433P2-0\" src=\"https:\/\/image.donghohaitrieu.com\/wp-content\/uploads\/2023\/09\/SEIKO-SXB433P2-0.jpg\" alt=\"\" width=\"600\" height=\"600\" data-caption=\"\" data-src=\"https:\/\/image.donghohaitrieu.com\/wp-content\/uploads\/2023\/09\/SEIKO-SXB433P2-0.jpg\" data-large_image=\"https:\/\/image.donghohaitrieu.com\/wp-content\/uploads\/2023\/09\/SEIKO-SXB433P2-0.jpg\" data-large_image_width=\"1200\" data-large_image_height=\"1200\" data-ll-status=\"loaded\" \/><\/p>\n<p>&nbsp;<\/p>\n<p data-start=\"233\" data-end=\"459\">M\u1eb7t s\u1ed1 m\u00e0u tr\u1eafng trang nh\u00e3 k\u1ebft h\u1ee3p c\u1ecdc s\u1ed1 La M\u00e3 xanh \u0111\u1eb7c tr\u01b0ng, t\u1ea1o \u0111i\u1ec3m nh\u1ea5n nh\u1eb9 nh\u00e0ng nh\u01b0ng v\u1eabn r\u1ea5t sang tr\u1ecdng. B\u1ed9 kim xanh thanh m\u1ea3nh gi\u00fap t\u0103ng kh\u1ea3 n\u0103ng hi\u1ec3n th\u1ecb, \u0111\u1ed3ng th\u1eddi l\u00e0m n\u1ed5i b\u1eadt phong c\u00e1ch qu\u00fd ph\u00e1i c\u1ee7a chi\u1ebfc \u0111\u1ed3ng h\u1ed3.<\/p>\n<p data-start=\"461\" data-end=\"589\">S\u1ea3n ph\u1ea9m s\u1eed d\u1ee5ng b\u1ed9 m\u00e1y <strong data-start=\"485\" data-end=\"501\">Quartz (pin)<\/strong> cho \u0111\u1ed9 ch\u00ednh x\u00e1c cao, ho\u1ea1t \u0111\u1ed9ng \u1ed5n \u0111\u1ecbnh v\u00e0 d\u1ec5 s\u1eed d\u1ee5ng, r\u1ea5t ph\u00f9 h\u1ee3p v\u1edbi ng\u01b0\u1eddi b\u1eadn r\u1ed9n.<\/p>\n<h2 data-section-id=\"yxzfo2\" data-start=\"880\" data-end=\"903\">\ud83d\udccb Th\u00f4ng s\u1ed1 s\u1ea3n ph\u1ea9m<\/h2>\n<div class=\"TyagGW_tableContainer\">\n<div class=\"group TyagGW_tableWrapper flex flex-col-reverse w-fit\" tabindex=\"-1\">\n<table class=\"w-fit min-w-(--thread-content-width)\" data-start=\"905\" data-end=\"1432\">\n<thead data-start=\"905\" data-end=\"937\">\n<tr data-start=\"905\" data-end=\"937\">\n<th class=\"\" data-start=\"905\" data-end=\"921\" data-col-size=\"sm\"><strong data-start=\"907\" data-end=\"920\">Th\u00f4ng tin<\/strong><\/th>\n<th class=\"\" data-start=\"921\" data-end=\"937\" data-col-size=\"sm\"><strong data-start=\"923\" data-end=\"935\">Chi ti\u1ebft<\/strong><\/th>\n<\/tr>\n<\/thead>\n<tbody data-start=\"969\" data-end=\"1432\">\n<tr data-start=\"969\" data-end=\"996\">\n<td data-start=\"969\" data-end=\"987\" data-col-size=\"sm\"><strong data-start=\"971\" data-end=\"986\">Th\u01b0\u01a1ng hi\u1ec7u<\/strong><\/td>\n<td data-start=\"987\" data-end=\"996\" data-col-size=\"sm\">Seiko<\/td>\n<\/tr>\n<tr data-start=\"997\" data-end=\"1023\">\n<td data-start=\"997\" data-end=\"1011\" data-col-size=\"sm\"><strong data-start=\"999\" data-end=\"1010\">Xu\u1ea5t x\u1ee9<\/strong><\/td>\n<td data-start=\"1011\" data-end=\"1023\" data-col-size=\"sm\">Nh\u1eadt B\u1ea3n<\/td>\n<\/tr>\n<tr data-start=\"1024\" data-end=\"1055\">\n<td data-start=\"1024\" data-end=\"1044\" data-col-size=\"sm\"><strong data-start=\"1026\" data-end=\"1043\">D\u00f2ng s\u1ea3n ph\u1ea9m<\/strong><\/td>\n<td data-start=\"1044\" data-end=\"1055\" data-col-size=\"sm\">Premier<\/td>\n<\/tr>\n<tr data-start=\"1056\" data-end=\"1078\">\n<td data-start=\"1056\" data-end=\"1072\" data-col-size=\"sm\"><strong data-start=\"1058\" data-end=\"1071\">\u0110\u1ed1i t\u01b0\u1ee3ng<\/strong><\/td>\n<td data-start=\"1072\" data-end=\"1078\" data-col-size=\"sm\">N\u1eef<\/td>\n<\/tr>\n<tr data-start=\"1079\" data-end=\"1111\">\n<td data-start=\"1079\" data-end=\"1096\" data-col-size=\"sm\"><strong data-start=\"1081\" data-end=\"1095\">Ch\u1ed1ng n\u01b0\u1edbc<\/strong><\/td>\n<td data-start=\"1096\" data-end=\"1111\" data-col-size=\"sm\">50m (5 ATM)<\/td>\n<\/tr>\n<tr data-start=\"1112\" data-end=\"1146\">\n<td data-start=\"1112\" data-end=\"1130\" data-col-size=\"sm\"><strong data-start=\"1114\" data-end=\"1129\">Lo\u1ea1i m\u1eb7t s\u1ed1<\/strong><\/td>\n<td data-start=\"1130\" data-end=\"1146\" data-col-size=\"sm\">Kim (Analog)<\/td>\n<\/tr>\n<tr data-start=\"1147\" data-end=\"1178\">\n<td data-start=\"1147\" data-end=\"1162\" data-col-size=\"sm\"><strong data-start=\"1149\" data-end=\"1161\">Lo\u1ea1i m\u00e1y<\/strong><\/td>\n<td data-start=\"1162\" data-end=\"1178\" data-col-size=\"sm\">Quartz (Pin)<\/td>\n<\/tr>\n<tr data-start=\"1179\" data-end=\"1223\">\n<td data-start=\"1179\" data-end=\"1200\" data-col-size=\"sm\"><strong data-start=\"1181\" data-end=\"1199\">Ch\u1ea5t li\u1ec7u k\u00ednh<\/strong><\/td>\n<td data-start=\"1200\" data-end=\"1223\" data-col-size=\"sm\">Sapphire ch\u1ed1ng tr\u1ea7y<\/td>\n<\/tr>\n<tr data-start=\"1224\" data-end=\"1264\">\n<td data-start=\"1224\" data-end=\"1247\" data-col-size=\"sm\"><strong data-start=\"1226\" data-end=\"1246\">Ch\u1ea5t li\u1ec7u v\u1ecf\/d\u00e2y<\/strong><\/td>\n<td data-col-size=\"sm\" data-start=\"1247\" data-end=\"1264\">Th\u00e9p kh\u00f4ng g\u1ec9<\/td>\n<\/tr>\n<tr data-start=\"1265\" data-end=\"1306\">\n<td data-start=\"1265\" data-end=\"1279\" data-col-size=\"sm\"><strong data-start=\"1267\" data-end=\"1278\">M\u00e0u s\u1eafc<\/strong><\/td>\n<td data-start=\"1279\" data-end=\"1306\" data-col-size=\"sm\">Tr\u1eafng (White), kim xanh<\/td>\n<\/tr>\n<tr data-start=\"1307\" data-end=\"1332\">\n<td data-start=\"1307\" data-end=\"1322\" data-col-size=\"sm\"><strong data-start=\"1309\" data-end=\"1321\">Size m\u1eb7t<\/strong><\/td>\n<td data-start=\"1322\" data-end=\"1332\" data-col-size=\"sm\">~32 mm<\/td>\n<\/tr>\n<tr data-start=\"1333\" data-end=\"1355\">\n<td data-start=\"1333\" data-end=\"1346\" data-col-size=\"sm\"><strong data-start=\"1335\" data-end=\"1345\">\u0110\u1ed9 d\u00e0y<\/strong><\/td>\n<td data-col-size=\"sm\" data-start=\"1346\" data-end=\"1355\">~7 mm<\/td>\n<\/tr>\n<tr data-start=\"1356\" data-end=\"1391\">\n<td data-start=\"1356\" data-end=\"1372\" data-col-size=\"sm\"><strong data-start=\"1358\" data-end=\"1371\">T\u00ednh n\u0103ng<\/strong><\/td>\n<td data-col-size=\"sm\" data-start=\"1372\" data-end=\"1391\">Gi\u1edd, ph\u00fat, gi\u00e2y<\/td>\n<\/tr>\n<tr data-start=\"1392\" data-end=\"1432\">\n<td data-start=\"1392\" data-end=\"1409\" data-col-size=\"sm\"><strong data-start=\"1394\" data-end=\"1408\">Phong c\u00e1ch<\/strong><\/td>\n<td data-col-size=\"sm\" data-start=\"1409\" data-end=\"1432\">Thanh l\u1ecbch, c\u00f4ng s\u1edf<\/td>\n<\/tr>\n<\/tbody>\n<\/table>\n<\/div>\n<\/div>\n","protected":false},"excerpt":{"rendered":"<p>\ud83d\udc49 Seiko Premier SXB433P2 mang thi\u1ebft k\u1ebf thanh l\u1ecbch v\u1edbi m\u1eb7t tr\u1eafng v\u00e0 kim xanh tinh t\u1ebf, l\u00e0 l\u1ef1a ch\u1ecdn ho\u00e0n h\u1ea3o cho phong c\u00e1ch n\u1eef t\u00ednh hi\u1ec7n \u0111\u1ea1i<\/p>\n","protected":false},"featured_media":268,"comment_status":"open","ping_status":"closed","template":"","meta":[],"product_brand":[35],"product_cat":[23,15],"product_tag":[],"class_list":{"0":"post-267","1":"product","2":"type-product","3":"status-publish","4":"has-post-thumbnail","6":"product_brand-seiko","7":"product_cat-dong-ho-nu","8":"product_cat-uncategorized","10":"first","11":"instock","12":"sale","13":"shipping-taxable","14":"purchasable","15":"product-type-simple"},"yoast_head":"<!-- This site is optimized with the Yoast SEO plugin v27.4 - https:\/\/yoast.com\/product\/yoast-seo-wordpress\/ -->\n<title>Seiko Premier SXB433P2 \u2013 N\u1eef \u2013 Quartz (Pin) -<\/title>\n<meta name=\"robots\" content=\"index, follow, max-snippet:-1, max-image-preview:large, max-video-preview:-1\" \/>\n<link rel=\"canonical\" href=\"https:\/\/aevum.id.vn\/?product=seiko-premier-sxb433p2-nu-quartz-pin\" \/>\n<meta property=\"og:locale\" content=\"vi_VN\" \/>\n<meta property=\"og:type\" content=\"article\" \/>\n<meta property=\"og:title\" content=\"Seiko Premier SXB433P2 \u2013 N\u1eef \u2013 Quartz (Pin) -\" \/>\n<meta property=\"og:description\" content=\"\ud83d\udc49 Seiko Premier SXB433P2 mang thi\u1ebft k\u1ebf thanh l\u1ecbch v\u1edbi m\u1eb7t tr\u1eafng v\u00e0 kim xanh tinh t\u1ebf, l\u00e0 l\u1ef1a ch\u1ecdn ho\u00e0n h\u1ea3o cho phong c\u00e1ch n\u1eef t\u00ednh hi\u1ec7n \u0111\u1ea1i\" \/>\n<meta property=\"og:url\" content=\"https:\/\/aevum.id.vn\/?product=seiko-premier-sxb433p2-nu-quartz-pin\" \/>\n<meta property=\"article:modified_time\" content=\"2026-04-18T06:37:36+00:00\" \/>\n<meta name=\"twitter:card\" content=\"summary_large_image\" \/>\n<meta name=\"twitter:label1\" content=\"\u01af\u1edbc t\u00ednh th\u1eddi gian \u0111\u1ecdc\" \/>\n\t<meta name=\"twitter:data1\" content=\"2 ph\u00fat\" \/>\n<script type=\"application\/ld+json\" class=\"yoast-schema-graph\">{\"@context\":\"https:\\\/\\\/schema.org\",\"@graph\":[{\"@type\":\"WebPage\",\"@id\":\"https:\\\/\\\/aevum.id.vn\\\/?product=seiko-premier-sxb433p2-nu-quartz-pin\",\"url\":\"https:\\\/\\\/aevum.id.vn\\\/?product=seiko-premier-sxb433p2-nu-quartz-pin\",\"name\":\"Seiko Premier SXB433P2 \u2013 N\u1eef \u2013 Quartz (Pin) -\",\"isPartOf\":{\"@id\":\"https:\\\/\\\/aevum.id.vn\\\/#website\"},\"primaryImageOfPage\":{\"@id\":\"https:\\\/\\\/aevum.id.vn\\\/?product=seiko-premier-sxb433p2-nu-quartz-pin#primaryimage\"},\"image\":{\"@id\":\"https:\\\/\\\/aevum.id.vn\\\/?product=seiko-premier-sxb433p2-nu-quartz-pin#primaryimage\"},\"thumbnailUrl\":\"https:\\\/\\\/aevum.id.vn\\\/wp-content\\\/uploads\\\/2026\\\/04\\\/SXB433P2.jpg.avif\",\"datePublished\":\"2026-04-18T06:36:41+00:00\",\"dateModified\":\"2026-04-18T06:37:36+00:00\",\"breadcrumb\":{\"@id\":\"https:\\\/\\\/aevum.id.vn\\\/?product=seiko-premier-sxb433p2-nu-quartz-pin#breadcrumb\"},\"inLanguage\":\"vi\",\"potentialAction\":[{\"@type\":\"ReadAction\",\"target\":[\"https:\\\/\\\/aevum.id.vn\\\/?product=seiko-premier-sxb433p2-nu-quartz-pin\"]}]},{\"@type\":\"ImageObject\",\"inLanguage\":\"vi\",\"@id\":\"https:\\\/\\\/aevum.id.vn\\\/?product=seiko-premier-sxb433p2-nu-quartz-pin#primaryimage\",\"url\":\"https:\\\/\\\/aevum.id.vn\\\/wp-content\\\/uploads\\\/2026\\\/04\\\/SXB433P2.jpg.avif\",\"contentUrl\":\"https:\\\/\\\/aevum.id.vn\\\/wp-content\\\/uploads\\\/2026\\\/04\\\/SXB433P2.jpg.avif\",\"width\":800,\"height\":800},{\"@type\":\"BreadcrumbList\",\"@id\":\"https:\\\/\\\/aevum.id.vn\\\/?product=seiko-premier-sxb433p2-nu-quartz-pin#breadcrumb\",\"itemListElement\":[{\"@type\":\"ListItem\",\"position\":1,\"name\":\"Trang ch\u1ee7\",\"item\":\"https:\\\/\\\/aevum.id.vn\\\/\"},{\"@type\":\"ListItem\",\"position\":2,\"name\":\"C\u1eeda H\u00e0ng\",\"item\":\"https:\\\/\\\/aevum.id.vn\\\/?page_id=7\"},{\"@type\":\"ListItem\",\"position\":3,\"name\":\"Seiko Premier SXB433P2 \u2013 N\u1eef \u2013 Quartz (Pin)\"}]},{\"@type\":\"WebSite\",\"@id\":\"https:\\\/\\\/aevum.id.vn\\\/#website\",\"url\":\"https:\\\/\\\/aevum.id.vn\\\/\",\"name\":\"\",\"description\":\"\",\"potentialAction\":[{\"@type\":\"SearchAction\",\"target\":{\"@type\":\"EntryPoint\",\"urlTemplate\":\"https:\\\/\\\/aevum.id.vn\\\/?s={search_term_string}\"},\"query-input\":{\"@type\":\"PropertyValueSpecification\",\"valueRequired\":true,\"valueName\":\"search_term_string\"}}],\"inLanguage\":\"vi\"}]}<\/script>\n<!-- \/ Yoast SEO plugin. -->","yoast_head_json":{"title":"Seiko Premier SXB433P2 \u2013 N\u1eef \u2013 Quartz (Pin) -","robots":{"index":"index","follow":"follow","max-snippet":"max-snippet:-1","max-image-preview":"max-image-preview:large","max-video-preview":"max-video-preview:-1"},"canonical":"https:\/\/aevum.id.vn\/?product=seiko-premier-sxb433p2-nu-quartz-pin","og_locale":"vi_VN","og_type":"article","og_title":"Seiko Premier SXB433P2 \u2013 N\u1eef \u2013 Quartz (Pin) -","og_description":"\ud83d\udc49 Seiko Premier SXB433P2 mang thi\u1ebft k\u1ebf thanh l\u1ecbch v\u1edbi m\u1eb7t tr\u1eafng v\u00e0 kim xanh tinh t\u1ebf, l\u00e0 l\u1ef1a ch\u1ecdn ho\u00e0n h\u1ea3o cho phong c\u00e1ch n\u1eef t\u00ednh hi\u1ec7n \u0111\u1ea1i","og_url":"https:\/\/aevum.id.vn\/?product=seiko-premier-sxb433p2-nu-quartz-pin","article_modified_time":"2026-04-18T06:37:36+00:00","twitter_card":"summary_large_image","twitter_misc":{"\u01af\u1edbc t\u00ednh th\u1eddi gian \u0111\u1ecdc":"2 ph\u00fat"},"schema":{"@context":"https:\/\/schema.org","@graph":[{"@type":"WebPage","@id":"https:\/\/aevum.id.vn\/?product=seiko-premier-sxb433p2-nu-quartz-pin","url":"https:\/\/aevum.id.vn\/?product=seiko-premier-sxb433p2-nu-quartz-pin","name":"Seiko Premier SXB433P2 \u2013 N\u1eef \u2013 Quartz (Pin) -","isPartOf":{"@id":"https:\/\/aevum.id.vn\/#website"},"primaryImageOfPage":{"@id":"https:\/\/aevum.id.vn\/?product=seiko-premier-sxb433p2-nu-quartz-pin#primaryimage"},"image":{"@id":"https:\/\/aevum.id.vn\/?product=seiko-premier-sxb433p2-nu-quartz-pin#primaryimage"},"thumbnailUrl":"https:\/\/aevum.id.vn\/wp-content\/uploads\/2026\/04\/SXB433P2.jpg.avif","datePublished":"2026-04-18T06:36:41+00:00","dateModified":"2026-04-18T06:37:36+00:00","breadcrumb":{"@id":"https:\/\/aevum.id.vn\/?product=seiko-premier-sxb433p2-nu-quartz-pin#breadcrumb"},"inLanguage":"vi","potentialAction":[{"@type":"ReadAction","target":["https:\/\/aevum.id.vn\/?product=seiko-premier-sxb433p2-nu-quartz-pin"]}]},{"@type":"ImageObject","inLanguage":"vi","@id":"https:\/\/aevum.id.vn\/?product=seiko-premier-sxb433p2-nu-quartz-pin#primaryimage","url":"https:\/\/aevum.id.vn\/wp-content\/uploads\/2026\/04\/SXB433P2.jpg.avif","contentUrl":"https:\/\/aevum.id.vn\/wp-content\/uploads\/2026\/04\/SXB433P2.jpg.avif","width":800,"height":800},{"@type":"BreadcrumbList","@id":"https:\/\/aevum.id.vn\/?product=seiko-premier-sxb433p2-nu-quartz-pin#breadcrumb","itemListElement":[{"@type":"ListItem","position":1,"name":"Trang ch\u1ee7","item":"https:\/\/aevum.id.vn\/"},{"@type":"ListItem","position":2,"name":"C\u1eeda H\u00e0ng","item":"https:\/\/aevum.id.vn\/?page_id=7"},{"@type":"ListItem","position":3,"name":"Seiko Premier SXB433P2 \u2013 N\u1eef \u2013 Quartz (Pin)"}]},{"@type":"WebSite","@id":"https:\/\/aevum.id.vn\/#website","url":"https:\/\/aevum.id.vn\/","name":"","description":"","potentialAction":[{"@type":"SearchAction","target":{"@type":"EntryPoint","urlTemplate":"https:\/\/aevum.id.vn\/?s={search_term_string}"},"query-input":{"@type":"PropertyValueSpecification","valueRequired":true,"valueName":"search_term_string"}}],"inLanguage":"vi"}]}},"_links":{"self":[{"href":"https:\/\/aevum.id.vn\/index.php?rest_route=\/wp\/v2\/product\/267","targetHints":{"allow":["GET"]}}],"collection":[{"href":"https:\/\/aevum.id.vn\/index.php?rest_route=\/wp\/v2\/product"}],"about":[{"href":"https:\/\/aevum.id.vn\/index.php?rest_route=\/wp\/v2\/types\/product"}],"replies":[{"embeddable":true,"href":"https:\/\/aevum.id.vn\/index.php?rest_route=%2Fwp%2Fv2%2Fcomments&post=267"}],"wp:featuredmedia":[{"embeddable":true,"href":"https:\/\/aevum.id.vn\/index.php?rest_route=\/wp\/v2\/media\/268"}],"wp:attachment":[{"href":"https:\/\/aevum.id.vn\/index.php?rest_route=%2Fwp%2Fv2%2Fmedia&parent=267"}],"wp:term":[{"taxonomy":"product_brand","embeddable":true,"href":"https:\/\/aevum.id.vn\/index.php?rest_route=%2Fwp%2Fv2%2Fproduct_brand&post=267"},{"taxonomy":"product_cat","embeddable":true,"href":"https:\/\/aevum.id.vn\/index.php?rest_route=%2Fwp%2Fv2%2Fproduct_cat&post=267"},{"taxonomy":"product_tag","embeddable":true,"href":"https:\/\/aevum.id.vn\/index.php?rest_route=%2Fwp%2Fv2%2Fproduct_tag&post=267"}],"curies":[{"name":"wp","href":"https:\/\/api.w.org\/{rel}","templated":true}]}}