{"id":272,"date":"2026-04-18T07:02:05","date_gmt":"2026-04-18T07:02:05","guid":{"rendered":"https:\/\/aevum.id.vn\/?post_type=product&#038;p=272"},"modified":"2026-04-18T12:36:02","modified_gmt":"2026-04-18T12:36:02","slug":"citizen-fe1241-71z-nu-eco-drive-nang-luong-anh-sang","status":"publish","type":"product","link":"https:\/\/aevum.id.vn\/?product=citizen-fe1241-71z-nu-eco-drive-nang-luong-anh-sang","title":{"rendered":"Citizen FE1241-71Z \u2013 N\u1eef \u2013 Eco-Drive (N\u0103ng L\u01b0\u1ee3ng \u00c1nh S\u00e1ng)"},"content":{"rendered":"<h1 class=\"product-title product_title entry-title\">Citizen FE1241-71Z \u2013 N\u01b0\u0303 \u2013 Eco-Drive (N\u0103ng L\u01b0\u01a1\u0323ng A\u0301nh Sa\u0301ng)<\/h1>\n<p><strong data-start=\"104\" data-end=\"126\">Citizen FE1241-71Z<\/strong> l\u00e0 m\u1eabu \u0111\u1ed3ng h\u1ed3 n\u1eef mang phong c\u00e1ch <strong data-start=\"161\" data-end=\"205\">thanh l\u1ecbch \u2013 t\u1ed1i gi\u1ea3n \u2013 d\u1ec5 \u0111eo h\u1eb1ng ng\u00e0y<\/strong>, n\u1ed5i b\u1eadt v\u1edbi m\u1eb7t s\u1ed1 <strong data-start=\"226\" data-end=\"251\">h\u1ed3ng pastel nh\u1eb9 nh\u00e0ng<\/strong> t\u1ea1o c\u1ea3m gi\u00e1c n\u1eef t\u00ednh v\u00e0 tinh<\/p>\n<p><img loading=\"lazy\" decoding=\"async\" class=\"skip-lazy entered pmloaded lazy-load-active\" title=\"dong-ho-Citizen FE1241-71Z-2\" src=\"https:\/\/image.donghohaitrieu.com\/wp-content\/uploads\/2025\/09\/dong-ho-Citizen-FE1241-71Z-2.jpg\" alt=\"\u0110\u00f4\u0300ng h\u00f4\u0300 Citizen FE1241-71Z - A\u0309nh 2\" width=\"600\" height=\"600\" data-caption=\"\" data-src=\"https:\/\/image.donghohaitrieu.com\/wp-content\/uploads\/2025\/09\/dong-ho-Citizen-FE1241-71Z-2.jpg\" data-large_image=\"https:\/\/image.donghohaitrieu.com\/wp-content\/uploads\/2025\/09\/dong-ho-Citizen-FE1241-71Z-2.jpg\" data-large_image_width=\"1200\" data-large_image_height=\"1200\" data-ll-status=\"loaded\" \/><\/p>\n<p><img loading=\"lazy\" decoding=\"async\" class=\"skip-lazy entered pmloaded lazy-load-active\" title=\"dong-ho-Citizen-Eco-Drive-FE1244-72A-3\" src=\"https:\/\/image.donghohaitrieu.com\/wp-content\/uploads\/2025\/09\/dong-ho-Citizen-Eco-Drive-FE1244-72A-3.jpg\" alt=\"\u0110\u00f4\u0300ng h\u00f4\u0300 Citizen Eco-Drive FE1244-72A - A\u0309nh 3\" width=\"600\" height=\"600\" data-caption=\"\" data-src=\"https:\/\/image.donghohaitrieu.com\/wp-content\/uploads\/2025\/09\/dong-ho-Citizen-Eco-Drive-FE1244-72A-3.jpg\" data-large_image=\"https:\/\/image.donghohaitrieu.com\/wp-content\/uploads\/2025\/09\/dong-ho-Citizen-Eco-Drive-FE1244-72A-3.jpg\" data-large_image_width=\"1200\" data-large_image_height=\"1200\" data-ll-status=\"loaded\" \/><\/p>\n<p><img loading=\"lazy\" decoding=\"async\" class=\"wp-post-image skip-lazy entered pmloaded lazy-load-active\" title=\"dong-ho-Citizen-FE1244-72A-1\" src=\"https:\/\/image.donghohaitrieu.com\/wp-content\/uploads\/2025\/09\/dong-ho-Citizen-FE1244-72A-1.jpg\" alt=\"\u0110\u00f4\u0300ng h\u00f4\u0300 Citizen Eco-Drive FE1244-72A - A\u0309nh 1\" width=\"600\" height=\"600\" data-caption=\"\" data-src=\"https:\/\/image.donghohaitrieu.com\/wp-content\/uploads\/2025\/09\/dong-ho-Citizen-FE1244-72A-1.jpg\" data-large_image=\"https:\/\/image.donghohaitrieu.com\/wp-content\/uploads\/2025\/09\/dong-ho-Citizen-FE1244-72A-1.jpg\" data-large_image_width=\"1200\" data-large_image_height=\"1200\" data-ll-status=\"loaded\" \/><\/p>\n<p><img loading=\"lazy\" decoding=\"async\" class=\"wp-post-image skip-lazy entered pmloaded lazy-load-active\" title=\"dong-ho-Citizen FE1241-71Z-1\" src=\"https:\/\/image.donghohaitrieu.com\/wp-content\/uploads\/2025\/09\/dong-ho-Citizen-FE1241-71Z-1-.jpg\" alt=\"\u0110\u00f4\u0300ng h\u00f4\u0300 Citizen FE1241-71Z - A\u0309nh 1\" width=\"600\" height=\"600\" data-caption=\"\" data-src=\"https:\/\/image.donghohaitrieu.com\/wp-content\/uploads\/2025\/09\/dong-ho-Citizen-FE1241-71Z-1-.jpg\" data-large_image=\"https:\/\/image.donghohaitrieu.com\/wp-content\/uploads\/2025\/09\/dong-ho-Citizen-FE1241-71Z-1-.jpg\" data-large_image_width=\"1200\" data-large_image_height=\"1200\" data-ll-status=\"loaded\" \/><\/p>\n<p data-start=\"286\" data-end=\"494\">Thi\u1ebft k\u1ebf v\u1ecf v\u00e0 d\u00e2y b\u1eb1ng th\u00e9p kh\u00f4ng g\u1ec9 \u00a0gi\u00fap t\u0103ng \u0111\u1ed9 b\u1ec1n v\u00e0 gi\u1eef v\u1ebb ngo\u00e0i sang tr\u1ecdng theo th\u1eddi gian. M\u1eb7t s\u1ed1 \u0111\u01a1n gi\u1ea3n v\u1edbi c\u1ecdc s\u1ed1 thanh m\u1ea3nh, t\u00edch h\u1ee3p l\u1ecbch ng\u00e0y ti\u1ec7n l\u1ee3i, ph\u00f9 h\u1ee3p cho c\u1ea3 \u0111i l\u00e0m l\u1eabn \u0111i ch\u01a1i.<\/p>\n<p data-start=\"496\" data-end=\"750\">\u0110i\u1ec3m n\u1ed5i b\u1eadt c\u1ee7a s\u1ea3n ph\u1ea9m l\u00e0 c\u00f4ng ngh\u1ec7 <strong data-start=\"535\" data-end=\"548\">Eco-Drive<\/strong> \u2013 s\u1eed d\u1ee5ng \u00e1nh s\u00e1ng \u0111\u1ec3 t\u1ea1o n\u0103ng l\u01b0\u1ee3ng, gi\u00fap \u0111\u1ed3ng h\u1ed3 <strong data-start=\"600\" data-end=\"644\">ho\u1ea1t \u0111\u1ed9ng li\u00ean t\u1ee5c m\u00e0 kh\u00f4ng c\u1ea7n thay pin<\/strong>. Khi s\u1ea1c \u0111\u1ea7y, \u0111\u1ed3ng h\u1ed3 c\u00f3 th\u1ec3 ho\u1ea1t \u0111\u1ed9ng l\u00ean \u0111\u1ebfn kho\u1ea3ng <strong data-start=\"699\" data-end=\"710\">8 th\u00e1ng.<\/strong><\/p>\n<h2 data-section-id=\"yxzfo2\" data-start=\"1031\" data-end=\"1054\">\ud83d\udccb Th\u00f4ng s\u1ed1 s\u1ea3n ph\u1ea9m<\/h2>\n<div class=\"TyagGW_tableContainer\">\n<div class=\"group TyagGW_tableWrapper flex flex-col-reverse w-fit\" tabindex=\"-1\">\n<table class=\"w-fit min-w-(--thread-content-width)\" data-start=\"1056\" data-end=\"1721\">\n<thead data-start=\"1056\" data-end=\"1088\">\n<tr data-start=\"1056\" data-end=\"1088\">\n<th class=\"\" data-start=\"1056\" data-end=\"1072\" data-col-size=\"sm\"><strong data-start=\"1058\" data-end=\"1071\">Th\u00f4ng tin<\/strong><\/th>\n<th class=\"\" data-start=\"1072\" data-end=\"1088\" data-col-size=\"sm\"><strong data-start=\"1074\" data-end=\"1086\">Chi ti\u1ebft<\/strong><\/th>\n<\/tr>\n<\/thead>\n<tbody data-start=\"1120\" data-end=\"1721\">\n<tr data-start=\"1120\" data-end=\"1149\">\n<td data-start=\"1120\" data-end=\"1138\" data-col-size=\"sm\"><strong data-start=\"1122\" data-end=\"1137\">Th\u01b0\u01a1ng hi\u1ec7u<\/strong><\/td>\n<td data-start=\"1138\" data-end=\"1149\" data-col-size=\"sm\">Citizen<\/td>\n<\/tr>\n<tr data-start=\"1150\" data-end=\"1176\">\n<td data-start=\"1150\" data-end=\"1164\" data-col-size=\"sm\"><strong data-start=\"1152\" data-end=\"1163\">Xu\u1ea5t x\u1ee9<\/strong><\/td>\n<td data-start=\"1164\" data-end=\"1176\" data-col-size=\"sm\">Nh\u1eadt B\u1ea3n<\/td>\n<\/tr>\n<tr data-start=\"1177\" data-end=\"1199\">\n<td data-start=\"1177\" data-end=\"1193\" data-col-size=\"sm\"><strong data-start=\"1179\" data-end=\"1192\">\u0110\u1ed1i t\u01b0\u1ee3ng<\/strong><\/td>\n<td data-start=\"1193\" data-end=\"1199\" data-col-size=\"sm\">N\u1eef<\/td>\n<\/tr>\n<tr data-start=\"1200\" data-end=\"1232\">\n<td data-start=\"1200\" data-end=\"1217\" data-col-size=\"sm\"><strong data-start=\"1202\" data-end=\"1216\">Ch\u1ed1ng n\u01b0\u1edbc<\/strong><\/td>\n<td data-start=\"1217\" data-end=\"1232\" data-col-size=\"sm\">30m (3 ATM)<\/td>\n<\/tr>\n<tr data-start=\"1233\" data-end=\"1267\">\n<td data-start=\"1233\" data-end=\"1251\" data-col-size=\"sm\"><strong data-start=\"1235\" data-end=\"1250\">Lo\u1ea1i m\u1eb7t s\u1ed1<\/strong><\/td>\n<td data-start=\"1251\" data-end=\"1267\" data-col-size=\"sm\">Kim (Analog)<\/td>\n<\/tr>\n<tr data-start=\"1268\" data-end=\"1318\">\n<td data-start=\"1268\" data-end=\"1283\" data-col-size=\"sm\"><strong data-start=\"1270\" data-end=\"1282\">Lo\u1ea1i m\u00e1y<\/strong><\/td>\n<td data-start=\"1283\" data-end=\"1318\" data-col-size=\"sm\">Eco-Drive (N\u0103ng l\u01b0\u1ee3ng \u00e1nh s\u00e1ng)<\/td>\n<\/tr>\n<tr data-start=\"1319\" data-end=\"1349\">\n<td data-start=\"1319\" data-end=\"1333\" data-col-size=\"sm\"><strong data-start=\"1321\" data-end=\"1332\">Caliber<\/strong><\/td>\n<td data-start=\"1333\" data-end=\"1349\" data-col-size=\"sm\">Citizen J710<\/td>\n<\/tr>\n<tr data-start=\"1350\" data-end=\"1387\">\n<td data-start=\"1350\" data-end=\"1369\" data-col-size=\"sm\"><strong data-start=\"1352\" data-end=\"1368\">\u0110\u1ed9 ch\u00ednh x\u00e1c<\/strong><\/td>\n<td data-start=\"1369\" data-end=\"1387\" data-col-size=\"sm\">\u00b115 gi\u00e2y\/th\u00e1ng<\/td>\n<\/tr>\n<tr data-start=\"1388\" data-end=\"1446\">\n<td data-start=\"1388\" data-end=\"1409\" data-col-size=\"sm\"><strong data-start=\"1390\" data-end=\"1408\">Ch\u1ea5t li\u1ec7u k\u00ednh<\/strong><\/td>\n<td data-start=\"1409\" data-end=\"1446\" data-col-size=\"sm\">K\u00ednh c\u1ee9ng (Mineral\/Crystal Glass)<\/td>\n<\/tr>\n<tr data-start=\"1447\" data-end=\"1487\">\n<td data-start=\"1447\" data-end=\"1470\" data-col-size=\"sm\"><strong data-start=\"1449\" data-end=\"1469\">Ch\u1ea5t li\u1ec7u v\u1ecf\/d\u00e2y<\/strong><\/td>\n<td data-start=\"1470\" data-end=\"1487\" data-col-size=\"sm\">Th\u00e9p kh\u00f4ng g\u1ec9<\/td>\n<\/tr>\n<tr data-start=\"1488\" data-end=\"1522\">\n<td data-start=\"1488\" data-end=\"1502\" data-col-size=\"sm\"><strong data-start=\"1490\" data-end=\"1501\">M\u00e0u s\u1eafc<\/strong><\/td>\n<td data-start=\"1502\" data-end=\"1522\" data-col-size=\"sm\">H\u1ed3ng pastel, b\u1ea1c<\/td>\n<\/tr>\n<tr data-start=\"1523\" data-end=\"1549\">\n<td data-start=\"1523\" data-end=\"1538\" data-col-size=\"sm\"><strong data-start=\"1525\" data-end=\"1537\">Size m\u1eb7t<\/strong><\/td>\n<td data-start=\"1538\" data-end=\"1549\" data-col-size=\"sm\">29.4 mm<\/td>\n<\/tr>\n<tr data-start=\"1550\" data-end=\"1574\">\n<td data-start=\"1550\" data-end=\"1563\" data-col-size=\"sm\"><strong data-start=\"1552\" data-end=\"1562\">\u0110\u1ed9 d\u00e0y<\/strong><\/td>\n<td data-start=\"1563\" data-end=\"1574\" data-col-size=\"sm\">~8.3 mm<\/td>\n<\/tr>\n<tr data-start=\"1575\" data-end=\"1610\">\n<td data-start=\"1575\" data-end=\"1596\" data-col-size=\"sm\"><strong data-start=\"1577\" data-end=\"1595\">Tr\u1eef n\u0103ng l\u01b0\u1ee3ng<\/strong><\/td>\n<td data-start=\"1596\" data-end=\"1610\" data-col-size=\"sm\">~6\u20138 th\u00e1ng<\/td>\n<\/tr>\n<tr data-start=\"1611\" data-end=\"1657\">\n<td data-start=\"1611\" data-end=\"1627\" data-col-size=\"sm\"><strong data-start=\"1613\" data-end=\"1626\">T\u00ednh n\u0103ng<\/strong><\/td>\n<td data-start=\"1627\" data-end=\"1657\" data-col-size=\"sm\">Gi\u1edd, ph\u00fat, gi\u00e2y, l\u1ecbch ng\u00e0y<\/td>\n<\/tr>\n<tr data-start=\"1658\" data-end=\"1721\">\n<td data-start=\"1658\" data-end=\"1681\" data-col-size=\"sm\"><strong data-start=\"1660\" data-end=\"1680\">\u0110\u1eb7c \u0111i\u1ec3m n\u1ed5i b\u1eadt<\/strong><\/td>\n<td data-start=\"1681\" data-end=\"1721\" data-col-size=\"sm\">Kh\u00f4ng c\u1ea7n thay pin, thi\u1ebft k\u1ebf nh\u1ecf g\u1ecdn<\/td>\n<\/tr>\n<\/tbody>\n<\/table>\n<\/div>\n<\/div>\n","protected":false},"excerpt":{"rendered":"<p>Citizen FE1241-71Z \u2013 N\u01b0\u0303 \u2013 Eco-Drive (N\u0103ng L\u01b0\u01a1\u0323ng A\u0301nh Sa\u0301ng) Citizen FE1241-71Z l\u00e0 m\u1eabu \u0111\u1ed3ng h\u1ed3 n\u1eef mang phong c\u00e1ch thanh l\u1ecbch \u2013 t\u1ed1i gi\u1ea3n \u2013 d\u1ec5 \u0111eo h\u1eb1ng ng\u00e0y, n\u1ed5i b\u1eadt v\u1edbi m\u1eb7t s\u1ed1 h\u1ed3ng pastel nh\u1eb9 nh\u00e0ng t\u1ea1o c\u1ea3m gi\u00e1c n\u1eef t\u00ednh v\u00e0 tinh Thi\u1ebft k\u1ebf v\u1ecf v\u00e0 d\u00e2y b\u1eb1ng th\u00e9p kh\u00f4ng g\u1ec9 [&hellip;]<\/p>\n","protected":false},"featured_media":273,"comment_status":"open","ping_status":"closed","template":"","meta":[],"product_brand":[33],"product_cat":[23,15],"product_tag":[],"class_list":{"0":"post-272","1":"product","2":"type-product","3":"status-publish","4":"has-post-thumbnail","6":"product_brand-citizen","7":"product_cat-dong-ho-nu","8":"product_cat-uncategorized","10":"first","11":"instock","12":"shipping-taxable","13":"purchasable","14":"product-type-variable"},"yoast_head":"<!-- This site is optimized with the Yoast SEO plugin v27.4 - https:\/\/yoast.com\/product\/yoast-seo-wordpress\/ -->\n<title>Citizen FE1241-71Z \u2013 N\u1eef \u2013 Eco-Drive (N\u0103ng L\u01b0\u1ee3ng \u00c1nh S\u00e1ng) -<\/title>\n<meta name=\"robots\" content=\"index, follow, max-snippet:-1, max-image-preview:large, max-video-preview:-1\" \/>\n<link rel=\"canonical\" href=\"https:\/\/aevum.id.vn\/?product=citizen-fe1241-71z-nu-eco-drive-nang-luong-anh-sang\" \/>\n<meta property=\"og:locale\" content=\"vi_VN\" \/>\n<meta property=\"og:type\" content=\"article\" \/>\n<meta property=\"og:title\" content=\"Citizen FE1241-71Z \u2013 N\u1eef \u2013 Eco-Drive (N\u0103ng L\u01b0\u1ee3ng \u00c1nh S\u00e1ng) -\" \/>\n<meta property=\"og:description\" content=\"Citizen FE1241-71Z \u2013 N\u01b0\u0303 \u2013 Eco-Drive (N\u0103ng L\u01b0\u01a1\u0323ng A\u0301nh Sa\u0301ng) Citizen FE1241-71Z l\u00e0 m\u1eabu \u0111\u1ed3ng h\u1ed3 n\u1eef mang phong c\u00e1ch thanh l\u1ecbch \u2013 t\u1ed1i gi\u1ea3n \u2013 d\u1ec5 \u0111eo h\u1eb1ng ng\u00e0y, n\u1ed5i b\u1eadt v\u1edbi m\u1eb7t s\u1ed1 h\u1ed3ng pastel nh\u1eb9 nh\u00e0ng t\u1ea1o c\u1ea3m gi\u00e1c n\u1eef t\u00ednh v\u00e0 tinh Thi\u1ebft k\u1ebf v\u1ecf v\u00e0 d\u00e2y b\u1eb1ng th\u00e9p kh\u00f4ng g\u1ec9 [&hellip;]\" \/>\n<meta property=\"og:url\" content=\"https:\/\/aevum.id.vn\/?product=citizen-fe1241-71z-nu-eco-drive-nang-luong-anh-sang\" \/>\n<meta property=\"article:modified_time\" content=\"2026-04-18T12:36:02+00:00\" \/>\n<meta name=\"twitter:card\" content=\"summary_large_image\" \/>\n<meta name=\"twitter:label1\" content=\"\u01af\u1edbc t\u00ednh th\u1eddi gian \u0111\u1ecdc\" \/>\n\t<meta name=\"twitter:data1\" content=\"3 ph\u00fat\" \/>\n<script type=\"application\/ld+json\" class=\"yoast-schema-graph\">{\"@context\":\"https:\\\/\\\/schema.org\",\"@graph\":[{\"@type\":\"WebPage\",\"@id\":\"https:\\\/\\\/aevum.id.vn\\\/?product=citizen-fe1241-71z-nu-eco-drive-nang-luong-anh-sang\",\"url\":\"https:\\\/\\\/aevum.id.vn\\\/?product=citizen-fe1241-71z-nu-eco-drive-nang-luong-anh-sang\",\"name\":\"Citizen FE1241-71Z \u2013 N\u1eef \u2013 Eco-Drive (N\u0103ng L\u01b0\u1ee3ng \u00c1nh S\u00e1ng) -\",\"isPartOf\":{\"@id\":\"https:\\\/\\\/aevum.id.vn\\\/#website\"},\"primaryImageOfPage\":{\"@id\":\"https:\\\/\\\/aevum.id.vn\\\/?product=citizen-fe1241-71z-nu-eco-drive-nang-luong-anh-sang#primaryimage\"},\"image\":{\"@id\":\"https:\\\/\\\/aevum.id.vn\\\/?product=citizen-fe1241-71z-nu-eco-drive-nang-luong-anh-sang#primaryimage\"},\"thumbnailUrl\":\"https:\\\/\\\/aevum.id.vn\\\/wp-content\\\/uploads\\\/2026\\\/04\\\/dong-ho-Citizen-FE1241-71Z-1-.jpg.avif\",\"datePublished\":\"2026-04-18T07:02:05+00:00\",\"dateModified\":\"2026-04-18T12:36:02+00:00\",\"breadcrumb\":{\"@id\":\"https:\\\/\\\/aevum.id.vn\\\/?product=citizen-fe1241-71z-nu-eco-drive-nang-luong-anh-sang#breadcrumb\"},\"inLanguage\":\"vi\",\"potentialAction\":[{\"@type\":\"ReadAction\",\"target\":[\"https:\\\/\\\/aevum.id.vn\\\/?product=citizen-fe1241-71z-nu-eco-drive-nang-luong-anh-sang\"]}]},{\"@type\":\"ImageObject\",\"inLanguage\":\"vi\",\"@id\":\"https:\\\/\\\/aevum.id.vn\\\/?product=citizen-fe1241-71z-nu-eco-drive-nang-luong-anh-sang#primaryimage\",\"url\":\"https:\\\/\\\/aevum.id.vn\\\/wp-content\\\/uploads\\\/2026\\\/04\\\/dong-ho-Citizen-FE1241-71Z-1-.jpg.avif\",\"contentUrl\":\"https:\\\/\\\/aevum.id.vn\\\/wp-content\\\/uploads\\\/2026\\\/04\\\/dong-ho-Citizen-FE1241-71Z-1-.jpg.avif\",\"width\":1200,\"height\":1200},{\"@type\":\"BreadcrumbList\",\"@id\":\"https:\\\/\\\/aevum.id.vn\\\/?product=citizen-fe1241-71z-nu-eco-drive-nang-luong-anh-sang#breadcrumb\",\"itemListElement\":[{\"@type\":\"ListItem\",\"position\":1,\"name\":\"Trang ch\u1ee7\",\"item\":\"https:\\\/\\\/aevum.id.vn\\\/\"},{\"@type\":\"ListItem\",\"position\":2,\"name\":\"C\u1eeda H\u00e0ng\",\"item\":\"https:\\\/\\\/aevum.id.vn\\\/?page_id=7\"},{\"@type\":\"ListItem\",\"position\":3,\"name\":\"Citizen FE1241-71Z \u2013 N\u1eef \u2013 Eco-Drive (N\u0103ng L\u01b0\u1ee3ng \u00c1nh S\u00e1ng)\"}]},{\"@type\":\"WebSite\",\"@id\":\"https:\\\/\\\/aevum.id.vn\\\/#website\",\"url\":\"https:\\\/\\\/aevum.id.vn\\\/\",\"name\":\"\",\"description\":\"\",\"potentialAction\":[{\"@type\":\"SearchAction\",\"target\":{\"@type\":\"EntryPoint\",\"urlTemplate\":\"https:\\\/\\\/aevum.id.vn\\\/?s={search_term_string}\"},\"query-input\":{\"@type\":\"PropertyValueSpecification\",\"valueRequired\":true,\"valueName\":\"search_term_string\"}}],\"inLanguage\":\"vi\"}]}<\/script>\n<!-- \/ Yoast SEO plugin. -->","yoast_head_json":{"title":"Citizen FE1241-71Z \u2013 N\u1eef \u2013 Eco-Drive (N\u0103ng L\u01b0\u1ee3ng \u00c1nh S\u00e1ng) -","robots":{"index":"index","follow":"follow","max-snippet":"max-snippet:-1","max-image-preview":"max-image-preview:large","max-video-preview":"max-video-preview:-1"},"canonical":"https:\/\/aevum.id.vn\/?product=citizen-fe1241-71z-nu-eco-drive-nang-luong-anh-sang","og_locale":"vi_VN","og_type":"article","og_title":"Citizen FE1241-71Z \u2013 N\u1eef \u2013 Eco-Drive (N\u0103ng L\u01b0\u1ee3ng \u00c1nh S\u00e1ng) -","og_description":"Citizen FE1241-71Z \u2013 N\u01b0\u0303 \u2013 Eco-Drive (N\u0103ng L\u01b0\u01a1\u0323ng A\u0301nh Sa\u0301ng) Citizen FE1241-71Z l\u00e0 m\u1eabu \u0111\u1ed3ng h\u1ed3 n\u1eef mang phong c\u00e1ch thanh l\u1ecbch \u2013 t\u1ed1i gi\u1ea3n \u2013 d\u1ec5 \u0111eo h\u1eb1ng ng\u00e0y, n\u1ed5i b\u1eadt v\u1edbi m\u1eb7t s\u1ed1 h\u1ed3ng pastel nh\u1eb9 nh\u00e0ng t\u1ea1o c\u1ea3m gi\u00e1c n\u1eef t\u00ednh v\u00e0 tinh Thi\u1ebft k\u1ebf v\u1ecf v\u00e0 d\u00e2y b\u1eb1ng th\u00e9p kh\u00f4ng g\u1ec9 [&hellip;]","og_url":"https:\/\/aevum.id.vn\/?product=citizen-fe1241-71z-nu-eco-drive-nang-luong-anh-sang","article_modified_time":"2026-04-18T12:36:02+00:00","twitter_card":"summary_large_image","twitter_misc":{"\u01af\u1edbc t\u00ednh th\u1eddi gian \u0111\u1ecdc":"3 ph\u00fat"},"schema":{"@context":"https:\/\/schema.org","@graph":[{"@type":"WebPage","@id":"https:\/\/aevum.id.vn\/?product=citizen-fe1241-71z-nu-eco-drive-nang-luong-anh-sang","url":"https:\/\/aevum.id.vn\/?product=citizen-fe1241-71z-nu-eco-drive-nang-luong-anh-sang","name":"Citizen FE1241-71Z \u2013 N\u1eef \u2013 Eco-Drive (N\u0103ng L\u01b0\u1ee3ng \u00c1nh S\u00e1ng) -","isPartOf":{"@id":"https:\/\/aevum.id.vn\/#website"},"primaryImageOfPage":{"@id":"https:\/\/aevum.id.vn\/?product=citizen-fe1241-71z-nu-eco-drive-nang-luong-anh-sang#primaryimage"},"image":{"@id":"https:\/\/aevum.id.vn\/?product=citizen-fe1241-71z-nu-eco-drive-nang-luong-anh-sang#primaryimage"},"thumbnailUrl":"https:\/\/aevum.id.vn\/wp-content\/uploads\/2026\/04\/dong-ho-Citizen-FE1241-71Z-1-.jpg.avif","datePublished":"2026-04-18T07:02:05+00:00","dateModified":"2026-04-18T12:36:02+00:00","breadcrumb":{"@id":"https:\/\/aevum.id.vn\/?product=citizen-fe1241-71z-nu-eco-drive-nang-luong-anh-sang#breadcrumb"},"inLanguage":"vi","potentialAction":[{"@type":"ReadAction","target":["https:\/\/aevum.id.vn\/?product=citizen-fe1241-71z-nu-eco-drive-nang-luong-anh-sang"]}]},{"@type":"ImageObject","inLanguage":"vi","@id":"https:\/\/aevum.id.vn\/?product=citizen-fe1241-71z-nu-eco-drive-nang-luong-anh-sang#primaryimage","url":"https:\/\/aevum.id.vn\/wp-content\/uploads\/2026\/04\/dong-ho-Citizen-FE1241-71Z-1-.jpg.avif","contentUrl":"https:\/\/aevum.id.vn\/wp-content\/uploads\/2026\/04\/dong-ho-Citizen-FE1241-71Z-1-.jpg.avif","width":1200,"height":1200},{"@type":"BreadcrumbList","@id":"https:\/\/aevum.id.vn\/?product=citizen-fe1241-71z-nu-eco-drive-nang-luong-anh-sang#breadcrumb","itemListElement":[{"@type":"ListItem","position":1,"name":"Trang ch\u1ee7","item":"https:\/\/aevum.id.vn\/"},{"@type":"ListItem","position":2,"name":"C\u1eeda H\u00e0ng","item":"https:\/\/aevum.id.vn\/?page_id=7"},{"@type":"ListItem","position":3,"name":"Citizen FE1241-71Z \u2013 N\u1eef \u2013 Eco-Drive (N\u0103ng L\u01b0\u1ee3ng \u00c1nh S\u00e1ng)"}]},{"@type":"WebSite","@id":"https:\/\/aevum.id.vn\/#website","url":"https:\/\/aevum.id.vn\/","name":"","description":"","potentialAction":[{"@type":"SearchAction","target":{"@type":"EntryPoint","urlTemplate":"https:\/\/aevum.id.vn\/?s={search_term_string}"},"query-input":{"@type":"PropertyValueSpecification","valueRequired":true,"valueName":"search_term_string"}}],"inLanguage":"vi"}]}},"_links":{"self":[{"href":"https:\/\/aevum.id.vn\/index.php?rest_route=\/wp\/v2\/product\/272","targetHints":{"allow":["GET"]}}],"collection":[{"href":"https:\/\/aevum.id.vn\/index.php?rest_route=\/wp\/v2\/product"}],"about":[{"href":"https:\/\/aevum.id.vn\/index.php?rest_route=\/wp\/v2\/types\/product"}],"replies":[{"embeddable":true,"href":"https:\/\/aevum.id.vn\/index.php?rest_route=%2Fwp%2Fv2%2Fcomments&post=272"}],"wp:featuredmedia":[{"embeddable":true,"href":"https:\/\/aevum.id.vn\/index.php?rest_route=\/wp\/v2\/media\/273"}],"wp:attachment":[{"href":"https:\/\/aevum.id.vn\/index.php?rest_route=%2Fwp%2Fv2%2Fmedia&parent=272"}],"wp:term":[{"taxonomy":"product_brand","embeddable":true,"href":"https:\/\/aevum.id.vn\/index.php?rest_route=%2Fwp%2Fv2%2Fproduct_brand&post=272"},{"taxonomy":"product_cat","embeddable":true,"href":"https:\/\/aevum.id.vn\/index.php?rest_route=%2Fwp%2Fv2%2Fproduct_cat&post=272"},{"taxonomy":"product_tag","embeddable":true,"href":"https:\/\/aevum.id.vn\/index.php?rest_route=%2Fwp%2Fv2%2Fproduct_tag&post=272"}],"curies":[{"name":"wp","href":"https:\/\/api.w.org\/{rel}","templated":true}]}}