{"id":277,"date":"2026-04-18T07:17:03","date_gmt":"2026-04-18T07:17:03","guid":{"rendered":"https:\/\/aevum.id.vn\/?post_type=product&#038;p=277"},"modified":"2026-04-18T07:17:04","modified_gmt":"2026-04-18T07:17:04","slug":"citizen-nh9130-84a-nam-kinh-sapphire-automatic","status":"publish","type":"product","link":"https:\/\/aevum.id.vn\/?product=citizen-nh9130-84a-nam-kinh-sapphire-automatic","title":{"rendered":"Citizen NH9130-84A \u2013 Nam \u2013 K\u00ednh Sapphire \u2013 Automatic"},"content":{"rendered":"<h1 class=\"product-title product_title entry-title\">Citizen NH9130-84A \u2013 Nam \u2013 K\u00ednh Sapphire \u2013 Automatic<\/h1>\n<p><strong data-start=\"121\" data-end=\"143\">Citizen NH9130-84A<\/strong> l\u00e0 m\u1eabu \u0111\u1ed3ng h\u1ed3 nam n\u1ed5i b\u1eadt v\u1edbi thi\u1ebft k\u1ebf <strong data-start=\"184\" data-end=\"207\">Open Heart (l\u1ed9 tim)<\/strong> \u2013 cho ph\u00e9p ng\u01b0\u1eddi \u0111eo quan s\u00e1t chuy\u1ec3n \u0111\u1ed9ng c\u01a1 h\u1ecdc b\u00ean trong, mang l\u1ea1i c\u1ea3m gi\u00e1c s\u1ed1ng \u0111\u1ed9ng v\u00e0 \u0111\u1eadm ch\u1ea5t ngh\u1ec7 thu\u1eadt.<\/p>\n<p><img loading=\"lazy\" decoding=\"async\" class=\"skip-lazy entered pmloaded lazy-load-active\" title=\"NH9130-84A (4)\" src=\"https:\/\/image.donghohaitrieu.com\/wp-content\/uploads\/2023\/11\/NH9130-84A-4.jpg\" alt=\"Citizen NH9130-84A - \u1ea3nh 5\" width=\"600\" height=\"600\" data-caption=\"\" data-src=\"https:\/\/image.donghohaitrieu.com\/wp-content\/uploads\/2023\/11\/NH9130-84A-4.jpg\" data-large_image=\"https:\/\/image.donghohaitrieu.com\/wp-content\/uploads\/2023\/11\/NH9130-84A-4.jpg\" data-large_image_width=\"1199\" data-large_image_height=\"1199\" data-ll-status=\"loaded\" \/><\/p>\n<p><img loading=\"lazy\" decoding=\"async\" class=\"skip-lazy entered pmloaded lazy-load-active\" title=\"NH9130-84L (5)\" src=\"https:\/\/image.donghohaitrieu.com\/wp-content\/uploads\/2023\/03\/NH9130-84L-5.jpg\" alt=\"Citizen NH9130-84L - \u1ea3nh 2\" width=\"600\" height=\"600\" data-caption=\"\" data-src=\"https:\/\/image.donghohaitrieu.com\/wp-content\/uploads\/2023\/03\/NH9130-84L-5.jpg\" data-large_image=\"https:\/\/image.donghohaitrieu.com\/wp-content\/uploads\/2023\/03\/NH9130-84L-5.jpg\" data-large_image_width=\"1199\" data-large_image_height=\"1199\" data-ll-status=\"loaded\" \/><\/p>\n<p><img loading=\"lazy\" decoding=\"async\" class=\"skip-lazy entered pmloaded lazy-load-active\" title=\"dong-ho-Citizen-Automatic-Open-Heart-NH9130-17A-1\" src=\"https:\/\/image.donghohaitrieu.com\/wp-content\/uploads\/2024\/08\/dong-ho-Citizen-Automatic-Open-Heart-NH9130-17A-1.jpg\" alt=\"\u0110\u00f4\u0300ng h\u00f4\u0300 Citizen Automatic Open Heart NH9130-17A - A\u0309nh 1\" width=\"600\" height=\"600\" data-caption=\"\" data-src=\"https:\/\/image.donghohaitrieu.com\/wp-content\/uploads\/2024\/08\/dong-ho-Citizen-Automatic-Open-Heart-NH9130-17A-1.jpg\" data-large_image=\"https:\/\/image.donghohaitrieu.com\/wp-content\/uploads\/2024\/08\/dong-ho-Citizen-Automatic-Open-Heart-NH9130-17A-1.jpg\" data-large_image_width=\"1200\" data-large_image_height=\"1200\" data-ll-status=\"loaded\" \/><\/p>\n<p><img loading=\"lazy\" decoding=\"async\" class=\"skip-lazy entered pmloaded lazy-load-active\" title=\"dong-ho-Citizen-Automatic-Open-Heart-NH9130-17A-2\" src=\"https:\/\/image.donghohaitrieu.com\/wp-content\/uploads\/2024\/08\/dong-ho-Citizen-Automatic-Open-Heart-NH9130-17A-2.jpg\" alt=\"\u0110\u00f4\u0300ng h\u00f4\u0300 Citizen Automatic Open Heart NH9130-17A - A\u0309nh 2\" width=\"600\" height=\"600\" data-caption=\"\" data-src=\"https:\/\/image.donghohaitrieu.com\/wp-content\/uploads\/2024\/08\/dong-ho-Citizen-Automatic-Open-Heart-NH9130-17A-2.jpg\" data-large_image=\"https:\/\/image.donghohaitrieu.com\/wp-content\/uploads\/2024\/08\/dong-ho-Citizen-Automatic-Open-Heart-NH9130-17A-2.jpg\" data-large_image_width=\"1200\" data-large_image_height=\"1200\" data-ll-status=\"loaded\" \/><\/p>\n<p data-start=\"542\" data-end=\"845\">\u0110\u1ed3ng h\u1ed3 s\u1eed d\u1ee5ng b\u1ed9 m\u00e1y c\u01a1 t\u1ef1 \u0111\u1ed9ng <strong data-start=\"576\" data-end=\"592\">Caliber 8229<\/strong>, ho\u1ea1t \u0111\u1ed9ng \u1ed5n \u0111\u1ecbnh v\u1edbi th\u1eddi gian tr\u1eef c\u00f3t kho\u1ea3ng <strong data-start=\"641\" data-end=\"651\">40 gi\u1edd<\/strong> . Ngo\u00e0i ra, s\u1ea3n ph\u1ea9m c\u00f2n c\u00f3 <strong data-start=\"717\" data-end=\"734\">m\u1eb7t \u0111\u00e1y l\u1ed9 c\u01a1<\/strong> gi\u00fap ng\u01b0\u1eddi d\u00f9ng chi\u00eam ng\u01b0\u1ee1ng to\u00e0n b\u1ed9 chuy\u1ec3n \u0111\u1ed9ng c\u1ee7a b\u1ed9 m\u00e1y b\u00ean trong.<\/p>\n<h2 data-section-id=\"yxzfo2\" data-start=\"1185\" data-end=\"1208\">\ud83d\udccb Th\u00f4ng s\u1ed1 s\u1ea3n ph\u1ea9m<\/h2>\n<div class=\"TyagGW_tableContainer\">\n<div class=\"group TyagGW_tableWrapper flex flex-col-reverse w-fit\" tabindex=\"-1\">\n<table class=\"w-fit min-w-(--thread-content-width)\" data-start=\"1210\" data-end=\"1823\">\n<thead data-start=\"1210\" data-end=\"1242\">\n<tr data-start=\"1210\" data-end=\"1242\">\n<th class=\"\" data-start=\"1210\" data-end=\"1226\" data-col-size=\"sm\"><strong data-start=\"1212\" data-end=\"1225\">Th\u00f4ng tin<\/strong><\/th>\n<th class=\"\" data-start=\"1226\" data-end=\"1242\" data-col-size=\"sm\"><strong data-start=\"1228\" data-end=\"1240\">Chi ti\u1ebft<\/strong><\/th>\n<\/tr>\n<\/thead>\n<tbody data-start=\"1274\" data-end=\"1823\">\n<tr data-start=\"1274\" data-end=\"1303\">\n<td data-start=\"1274\" data-end=\"1292\" data-col-size=\"sm\"><strong data-start=\"1276\" data-end=\"1291\">Th\u01b0\u01a1ng hi\u1ec7u<\/strong><\/td>\n<td data-start=\"1292\" data-end=\"1303\" data-col-size=\"sm\">Citizen<\/td>\n<\/tr>\n<tr data-start=\"1304\" data-end=\"1330\">\n<td data-start=\"1304\" data-end=\"1318\" data-col-size=\"sm\"><strong data-start=\"1306\" data-end=\"1317\">Xu\u1ea5t x\u1ee9<\/strong><\/td>\n<td data-start=\"1318\" data-end=\"1330\" data-col-size=\"sm\">Nh\u1eadt B\u1ea3n<\/td>\n<\/tr>\n<tr data-start=\"1331\" data-end=\"1354\">\n<td data-start=\"1331\" data-end=\"1347\" data-col-size=\"sm\"><strong data-start=\"1333\" data-end=\"1346\">\u0110\u1ed1i t\u01b0\u1ee3ng<\/strong><\/td>\n<td data-start=\"1347\" data-end=\"1354\" data-col-size=\"sm\">Nam<\/td>\n<\/tr>\n<tr data-start=\"1355\" data-end=\"1387\">\n<td data-start=\"1355\" data-end=\"1372\" data-col-size=\"sm\"><strong data-start=\"1357\" data-end=\"1371\">Ch\u1ed1ng n\u01b0\u1edbc<\/strong><\/td>\n<td data-start=\"1372\" data-end=\"1387\" data-col-size=\"sm\">50m (5 ATM)<\/td>\n<\/tr>\n<tr data-start=\"1388\" data-end=\"1422\">\n<td data-start=\"1388\" data-end=\"1406\" data-col-size=\"sm\"><strong data-start=\"1390\" data-end=\"1405\">Lo\u1ea1i m\u1eb7t s\u1ed1<\/strong><\/td>\n<td data-start=\"1406\" data-end=\"1422\" data-col-size=\"sm\">Kim (Analog)<\/td>\n<\/tr>\n<tr data-start=\"1423\" data-end=\"1468\">\n<td data-start=\"1423\" data-end=\"1438\" data-col-size=\"sm\"><strong data-start=\"1425\" data-end=\"1437\">Lo\u1ea1i m\u00e1y<\/strong><\/td>\n<td data-start=\"1438\" data-end=\"1468\" data-col-size=\"sm\">Automatic (M\u00e1y c\u01a1 t\u1ef1 \u0111\u1ed9ng)<\/td>\n<\/tr>\n<tr data-start=\"1469\" data-end=\"1499\">\n<td data-start=\"1469\" data-end=\"1483\" data-col-size=\"sm\"><strong data-start=\"1471\" data-end=\"1482\">Caliber<\/strong><\/td>\n<td data-start=\"1483\" data-end=\"1499\" data-col-size=\"sm\">Citizen 8229<\/td>\n<\/tr>\n<tr data-start=\"1500\" data-end=\"1530\">\n<td data-start=\"1500\" data-end=\"1516\" data-col-size=\"sm\"><strong data-start=\"1502\" data-end=\"1515\">Ch\u00e2n k\u00ednh<\/strong><\/td>\n<td data-start=\"1516\" data-end=\"1530\" data-col-size=\"sm\">~21 Jewels<\/td>\n<\/tr>\n<tr data-start=\"1531\" data-end=\"1575\">\n<td data-start=\"1531\" data-end=\"1552\" data-col-size=\"sm\"><strong data-start=\"1533\" data-end=\"1551\">Ch\u1ea5t li\u1ec7u k\u00ednh<\/strong><\/td>\n<td data-start=\"1552\" data-end=\"1575\" data-col-size=\"sm\">Sapphire ch\u1ed1ng tr\u1ea7y<\/td>\n<\/tr>\n<tr data-start=\"1576\" data-end=\"1621\">\n<td data-start=\"1576\" data-end=\"1599\" data-col-size=\"sm\"><strong data-start=\"1578\" data-end=\"1598\">Ch\u1ea5t li\u1ec7u v\u1ecf\/d\u00e2y<\/strong><\/td>\n<td data-start=\"1599\" data-end=\"1621\" data-col-size=\"sm\">Th\u00e9p kh\u00f4ng g\u1ec9 316L<\/td>\n<\/tr>\n<tr data-start=\"1622\" data-end=\"1655\">\n<td data-start=\"1622\" data-end=\"1636\" data-col-size=\"sm\"><strong data-start=\"1624\" data-end=\"1635\">M\u00e0u s\u1eafc<\/strong><\/td>\n<td data-start=\"1636\" data-end=\"1655\" data-col-size=\"sm\">Tr\u1eafng, kim xanh, V\u00e0ng nh\u1ea1t<\/td>\n<\/tr>\n<tr data-start=\"1656\" data-end=\"1680\">\n<td data-start=\"1656\" data-end=\"1671\" data-col-size=\"sm\"><strong data-start=\"1658\" data-end=\"1670\">Size m\u1eb7t<\/strong><\/td>\n<td data-start=\"1671\" data-end=\"1680\" data-col-size=\"sm\">40 mm<\/td>\n<\/tr>\n<tr data-start=\"1681\" data-end=\"1706\">\n<td data-start=\"1681\" data-end=\"1694\" data-col-size=\"sm\"><strong data-start=\"1683\" data-end=\"1693\">\u0110\u1ed9 d\u00e0y<\/strong><\/td>\n<td data-start=\"1694\" data-end=\"1706\" data-col-size=\"sm\">~10.7 mm<\/td>\n<\/tr>\n<tr data-start=\"1707\" data-end=\"1732\">\n<td data-start=\"1707\" data-end=\"1721\" data-col-size=\"sm\"><strong data-start=\"1709\" data-end=\"1720\">Tr\u1eef c\u00f3t<\/strong><\/td>\n<td data-start=\"1721\" data-end=\"1732\" data-col-size=\"sm\">~40 gi\u1edd<\/td>\n<\/tr>\n<tr data-start=\"1733\" data-end=\"1780\">\n<td data-start=\"1733\" data-end=\"1749\" data-col-size=\"sm\"><strong data-start=\"1735\" data-end=\"1748\">T\u00ednh n\u0103ng<\/strong><\/td>\n<td data-start=\"1749\" data-end=\"1780\" data-col-size=\"sm\">Gi\u1edd, ph\u00fat, gi\u00e2y, Open Heart<\/td>\n<\/tr>\n<tr data-start=\"1781\" data-end=\"1823\">\n<td data-start=\"1781\" data-end=\"1804\" data-col-size=\"sm\"><strong data-start=\"1783\" data-end=\"1803\">\u0110\u1eb7c \u0111i\u1ec3m n\u1ed5i b\u1eadt<\/strong><\/td>\n<td data-start=\"1804\" data-end=\"1823\" data-col-size=\"sm\">L\u1ed9 tim + l\u1ed9 \u0111\u00e1y<\/td>\n<\/tr>\n<\/tbody>\n<\/table>\n<\/div>\n<\/div>\n","protected":false},"excerpt":{"rendered":"<p>\ud83d\udc49 Citizen NH9130-84A s\u1edf h\u1eefu thi\u1ebft k\u1ebf l\u1ed9 tim tinh x\u1ea3o c\u00f9ng b\u1ed9 m\u00e1y c\u01a1 t\u1ef1 \u0111\u1ed9ng b\u1ec1n b\u1ec9, mang \u0111\u1ebfn v\u1ebb \u0111\u1eb9p sang tr\u1ecdng v\u00e0 \u0111\u1eadm ch\u1ea5t c\u01a1 kh\u00ed cho qu\u00fd \u00f4ng.<\/p>\n","protected":false},"featured_media":278,"comment_status":"open","ping_status":"closed","template":"","meta":[],"product_brand":[33],"product_cat":[22,15],"product_tag":[],"class_list":{"0":"post-277","1":"product","2":"type-product","3":"status-publish","4":"has-post-thumbnail","6":"product_brand-citizen","7":"product_cat-dong-ho-nam","8":"product_cat-uncategorized","10":"first","11":"instock","12":"shipping-taxable","13":"purchasable","14":"product-type-variable"},"yoast_head":"<!-- This site is optimized with the Yoast SEO plugin v27.4 - https:\/\/yoast.com\/product\/yoast-seo-wordpress\/ -->\n<title>Citizen NH9130-84A \u2013 Nam \u2013 K\u00ednh Sapphire \u2013 Automatic -<\/title>\n<meta name=\"robots\" content=\"index, follow, max-snippet:-1, max-image-preview:large, max-video-preview:-1\" \/>\n<link rel=\"canonical\" href=\"https:\/\/aevum.id.vn\/?product=citizen-nh9130-84a-nam-kinh-sapphire-automatic\" \/>\n<meta property=\"og:locale\" content=\"vi_VN\" \/>\n<meta property=\"og:type\" content=\"article\" \/>\n<meta property=\"og:title\" content=\"Citizen NH9130-84A \u2013 Nam \u2013 K\u00ednh Sapphire \u2013 Automatic -\" \/>\n<meta property=\"og:description\" content=\"\ud83d\udc49 Citizen NH9130-84A s\u1edf h\u1eefu thi\u1ebft k\u1ebf l\u1ed9 tim tinh x\u1ea3o c\u00f9ng b\u1ed9 m\u00e1y c\u01a1 t\u1ef1 \u0111\u1ed9ng b\u1ec1n b\u1ec9, mang \u0111\u1ebfn v\u1ebb \u0111\u1eb9p sang tr\u1ecdng v\u00e0 \u0111\u1eadm ch\u1ea5t c\u01a1 kh\u00ed cho qu\u00fd \u00f4ng.\" \/>\n<meta property=\"og:url\" content=\"https:\/\/aevum.id.vn\/?product=citizen-nh9130-84a-nam-kinh-sapphire-automatic\" \/>\n<meta property=\"article:modified_time\" content=\"2026-04-18T07:17:04+00:00\" \/>\n<meta name=\"twitter:card\" content=\"summary_large_image\" \/>\n<meta name=\"twitter:label1\" content=\"\u01af\u1edbc t\u00ednh th\u1eddi gian \u0111\u1ecdc\" \/>\n\t<meta name=\"twitter:data1\" content=\"2 ph\u00fat\" \/>\n<script type=\"application\/ld+json\" class=\"yoast-schema-graph\">{\"@context\":\"https:\\\/\\\/schema.org\",\"@graph\":[{\"@type\":\"WebPage\",\"@id\":\"https:\\\/\\\/aevum.id.vn\\\/?product=citizen-nh9130-84a-nam-kinh-sapphire-automatic\",\"url\":\"https:\\\/\\\/aevum.id.vn\\\/?product=citizen-nh9130-84a-nam-kinh-sapphire-automatic\",\"name\":\"Citizen NH9130-84A \u2013 Nam \u2013 K\u00ednh Sapphire \u2013 Automatic -\",\"isPartOf\":{\"@id\":\"https:\\\/\\\/aevum.id.vn\\\/#website\"},\"primaryImageOfPage\":{\"@id\":\"https:\\\/\\\/aevum.id.vn\\\/?product=citizen-nh9130-84a-nam-kinh-sapphire-automatic#primaryimage\"},\"image\":{\"@id\":\"https:\\\/\\\/aevum.id.vn\\\/?product=citizen-nh9130-84a-nam-kinh-sapphire-automatic#primaryimage\"},\"thumbnailUrl\":\"https:\\\/\\\/aevum.id.vn\\\/wp-content\\\/uploads\\\/2026\\\/04\\\/bo-su-tap-Citizen-Automatic-Open-Heart.jpg.avif\",\"datePublished\":\"2026-04-18T07:17:03+00:00\",\"dateModified\":\"2026-04-18T07:17:04+00:00\",\"breadcrumb\":{\"@id\":\"https:\\\/\\\/aevum.id.vn\\\/?product=citizen-nh9130-84a-nam-kinh-sapphire-automatic#breadcrumb\"},\"inLanguage\":\"vi\",\"potentialAction\":[{\"@type\":\"ReadAction\",\"target\":[\"https:\\\/\\\/aevum.id.vn\\\/?product=citizen-nh9130-84a-nam-kinh-sapphire-automatic\"]}]},{\"@type\":\"ImageObject\",\"inLanguage\":\"vi\",\"@id\":\"https:\\\/\\\/aevum.id.vn\\\/?product=citizen-nh9130-84a-nam-kinh-sapphire-automatic#primaryimage\",\"url\":\"https:\\\/\\\/aevum.id.vn\\\/wp-content\\\/uploads\\\/2026\\\/04\\\/bo-su-tap-Citizen-Automatic-Open-Heart.jpg.avif\",\"contentUrl\":\"https:\\\/\\\/aevum.id.vn\\\/wp-content\\\/uploads\\\/2026\\\/04\\\/bo-su-tap-Citizen-Automatic-Open-Heart.jpg.avif\",\"width\":1199,\"height\":1199},{\"@type\":\"BreadcrumbList\",\"@id\":\"https:\\\/\\\/aevum.id.vn\\\/?product=citizen-nh9130-84a-nam-kinh-sapphire-automatic#breadcrumb\",\"itemListElement\":[{\"@type\":\"ListItem\",\"position\":1,\"name\":\"Trang ch\u1ee7\",\"item\":\"https:\\\/\\\/aevum.id.vn\\\/\"},{\"@type\":\"ListItem\",\"position\":2,\"name\":\"C\u1eeda H\u00e0ng\",\"item\":\"https:\\\/\\\/aevum.id.vn\\\/?page_id=7\"},{\"@type\":\"ListItem\",\"position\":3,\"name\":\"Citizen NH9130-84A \u2013 Nam \u2013 K\u00ednh Sapphire \u2013 Automatic\"}]},{\"@type\":\"WebSite\",\"@id\":\"https:\\\/\\\/aevum.id.vn\\\/#website\",\"url\":\"https:\\\/\\\/aevum.id.vn\\\/\",\"name\":\"\",\"description\":\"\",\"potentialAction\":[{\"@type\":\"SearchAction\",\"target\":{\"@type\":\"EntryPoint\",\"urlTemplate\":\"https:\\\/\\\/aevum.id.vn\\\/?s={search_term_string}\"},\"query-input\":{\"@type\":\"PropertyValueSpecification\",\"valueRequired\":true,\"valueName\":\"search_term_string\"}}],\"inLanguage\":\"vi\"}]}<\/script>\n<!-- \/ Yoast SEO plugin. -->","yoast_head_json":{"title":"Citizen NH9130-84A \u2013 Nam \u2013 K\u00ednh Sapphire \u2013 Automatic -","robots":{"index":"index","follow":"follow","max-snippet":"max-snippet:-1","max-image-preview":"max-image-preview:large","max-video-preview":"max-video-preview:-1"},"canonical":"https:\/\/aevum.id.vn\/?product=citizen-nh9130-84a-nam-kinh-sapphire-automatic","og_locale":"vi_VN","og_type":"article","og_title":"Citizen NH9130-84A \u2013 Nam \u2013 K\u00ednh Sapphire \u2013 Automatic -","og_description":"\ud83d\udc49 Citizen NH9130-84A s\u1edf h\u1eefu thi\u1ebft k\u1ebf l\u1ed9 tim tinh x\u1ea3o c\u00f9ng b\u1ed9 m\u00e1y c\u01a1 t\u1ef1 \u0111\u1ed9ng b\u1ec1n b\u1ec9, mang \u0111\u1ebfn v\u1ebb \u0111\u1eb9p sang tr\u1ecdng v\u00e0 \u0111\u1eadm ch\u1ea5t c\u01a1 kh\u00ed cho qu\u00fd \u00f4ng.","og_url":"https:\/\/aevum.id.vn\/?product=citizen-nh9130-84a-nam-kinh-sapphire-automatic","article_modified_time":"2026-04-18T07:17:04+00:00","twitter_card":"summary_large_image","twitter_misc":{"\u01af\u1edbc t\u00ednh th\u1eddi gian \u0111\u1ecdc":"2 ph\u00fat"},"schema":{"@context":"https:\/\/schema.org","@graph":[{"@type":"WebPage","@id":"https:\/\/aevum.id.vn\/?product=citizen-nh9130-84a-nam-kinh-sapphire-automatic","url":"https:\/\/aevum.id.vn\/?product=citizen-nh9130-84a-nam-kinh-sapphire-automatic","name":"Citizen NH9130-84A \u2013 Nam \u2013 K\u00ednh Sapphire \u2013 Automatic -","isPartOf":{"@id":"https:\/\/aevum.id.vn\/#website"},"primaryImageOfPage":{"@id":"https:\/\/aevum.id.vn\/?product=citizen-nh9130-84a-nam-kinh-sapphire-automatic#primaryimage"},"image":{"@id":"https:\/\/aevum.id.vn\/?product=citizen-nh9130-84a-nam-kinh-sapphire-automatic#primaryimage"},"thumbnailUrl":"https:\/\/aevum.id.vn\/wp-content\/uploads\/2026\/04\/bo-su-tap-Citizen-Automatic-Open-Heart.jpg.avif","datePublished":"2026-04-18T07:17:03+00:00","dateModified":"2026-04-18T07:17:04+00:00","breadcrumb":{"@id":"https:\/\/aevum.id.vn\/?product=citizen-nh9130-84a-nam-kinh-sapphire-automatic#breadcrumb"},"inLanguage":"vi","potentialAction":[{"@type":"ReadAction","target":["https:\/\/aevum.id.vn\/?product=citizen-nh9130-84a-nam-kinh-sapphire-automatic"]}]},{"@type":"ImageObject","inLanguage":"vi","@id":"https:\/\/aevum.id.vn\/?product=citizen-nh9130-84a-nam-kinh-sapphire-automatic#primaryimage","url":"https:\/\/aevum.id.vn\/wp-content\/uploads\/2026\/04\/bo-su-tap-Citizen-Automatic-Open-Heart.jpg.avif","contentUrl":"https:\/\/aevum.id.vn\/wp-content\/uploads\/2026\/04\/bo-su-tap-Citizen-Automatic-Open-Heart.jpg.avif","width":1199,"height":1199},{"@type":"BreadcrumbList","@id":"https:\/\/aevum.id.vn\/?product=citizen-nh9130-84a-nam-kinh-sapphire-automatic#breadcrumb","itemListElement":[{"@type":"ListItem","position":1,"name":"Trang ch\u1ee7","item":"https:\/\/aevum.id.vn\/"},{"@type":"ListItem","position":2,"name":"C\u1eeda H\u00e0ng","item":"https:\/\/aevum.id.vn\/?page_id=7"},{"@type":"ListItem","position":3,"name":"Citizen NH9130-84A \u2013 Nam \u2013 K\u00ednh Sapphire \u2013 Automatic"}]},{"@type":"WebSite","@id":"https:\/\/aevum.id.vn\/#website","url":"https:\/\/aevum.id.vn\/","name":"","description":"","potentialAction":[{"@type":"SearchAction","target":{"@type":"EntryPoint","urlTemplate":"https:\/\/aevum.id.vn\/?s={search_term_string}"},"query-input":{"@type":"PropertyValueSpecification","valueRequired":true,"valueName":"search_term_string"}}],"inLanguage":"vi"}]}},"_links":{"self":[{"href":"https:\/\/aevum.id.vn\/index.php?rest_route=\/wp\/v2\/product\/277","targetHints":{"allow":["GET"]}}],"collection":[{"href":"https:\/\/aevum.id.vn\/index.php?rest_route=\/wp\/v2\/product"}],"about":[{"href":"https:\/\/aevum.id.vn\/index.php?rest_route=\/wp\/v2\/types\/product"}],"replies":[{"embeddable":true,"href":"https:\/\/aevum.id.vn\/index.php?rest_route=%2Fwp%2Fv2%2Fcomments&post=277"}],"wp:featuredmedia":[{"embeddable":true,"href":"https:\/\/aevum.id.vn\/index.php?rest_route=\/wp\/v2\/media\/278"}],"wp:attachment":[{"href":"https:\/\/aevum.id.vn\/index.php?rest_route=%2Fwp%2Fv2%2Fmedia&parent=277"}],"wp:term":[{"taxonomy":"product_brand","embeddable":true,"href":"https:\/\/aevum.id.vn\/index.php?rest_route=%2Fwp%2Fv2%2Fproduct_brand&post=277"},{"taxonomy":"product_cat","embeddable":true,"href":"https:\/\/aevum.id.vn\/index.php?rest_route=%2Fwp%2Fv2%2Fproduct_cat&post=277"},{"taxonomy":"product_tag","embeddable":true,"href":"https:\/\/aevum.id.vn\/index.php?rest_route=%2Fwp%2Fv2%2Fproduct_tag&post=277"}],"curies":[{"name":"wp","href":"https:\/\/api.w.org\/{rel}","templated":true}]}}